{"id":31699,"date":"2022-01-11T15:00:24","date_gmt":"2022-01-11T13:00:24","guid":{"rendered":"https:\/\/ddt.lv\/lv\/product\/mr16-dichroic-20w-12v-10-gu5-3-2925k-halogenspuldze-sylvania\/"},"modified":"2026-04-01T00:06:00","modified_gmt":"2026-03-31T21:06:00","slug":"mr16-dichroic-20w-12v-10-gu5-3-2925k-halogenspuldze-sylvania","status":"publish","type":"product","link":"https:\/\/ddt.lv\/lv\/product\/mr16-dichroic-20w-12v-10-gu5-3-2925k-halogenspuldze-sylvania\/","title":{"rendered":"MR16 Dichroic 20W 12V 10\u00b0 GU5.3 2925K halog\u0113nspuldze Sylvania"},"content":{"rendered":"<p>Halog\u0113ns.<br \/>\nLampas forma Reflektors.<br \/>\nTips MR16 Home.<br \/>\nV\u0101ci\u0146\u0161\/b\u0101ze GU5.3.<br \/>\nVisp\u0101r\u0113js pielietojums viesm\u012bl\u012bb\u0101, muzejos un galerij\u0101s, mazumtirdzniec\u012bb\u0101, dz\u012bvojam\u0101s telp\u0101s un pat\u0113r\u0113t\u0101jiem.<br \/>\nGaismas pl\u016bsma (lm) 180.<br \/>\nKr\u0101su temperat\u016bra (K) 2925.<br \/>\nCRI (Ra) 100.<br \/>\nStara le\u0146\u0137is (\u00b0) 10.<br \/>\nJauda (W) 20.<br \/>\nVid\u0113jais kalpo\u0161anas laiks (nomin\u0101ls) (h) 3000.<\/p>","protected":false},"excerpt":{"rendered":"<p>Halog\u0113ns. Lampas forma Reflektors. Tips MR16 Home. V\u0101ci\u0146\u0161\/b\u0101ze GU5.3. Visp\u0101r\u0113js pielietojums viesm\u012bl\u012bb\u0101, muzejos un galerij\u0101s, mazumtirdzniec\u012bb\u0101, dz\u012bvojam\u0101s telp\u0101s un pat\u0113r\u0113t\u0101jiem. Gaismas pl\u016bsma (lm) 180. Kr\u0101su temperat\u016bra (K) 2925. CRI (Ra) 100. Stara le\u0146\u0137is (\u00b0) 10. Jauda (W) 20. Vid\u0113jais kalpo\u0161anas laiks (nomin\u0101ls) (h) 3000.<\/p>\n","protected":false},"featured_media":31728,"comment_status":"closed","ping_status":"closed","template":"","meta":{"inline_featured_image":false},"product_cat":[1365],"product_tag":[],"yst_prominent_words":[],"class_list":{"0":"post-31699","1":"product","2":"type-product","3":"status-publish","4":"has-post-thumbnail","6":"product_cat-eco-halogen-spuldzes","8":"first","9":"outofstock","10":"taxable","11":"shipping-taxable","12":"purchasable","13":"product-type-simple"},"jetpack_sharing_enabled":true,"_links":{"self":[{"href":"https:\/\/ddt.lv\/lv\/wp-json\/wp\/v2\/product\/31699"}],"collection":[{"href":"https:\/\/ddt.lv\/lv\/wp-json\/wp\/v2\/product"}],"about":[{"href":"https:\/\/ddt.lv\/lv\/wp-json\/wp\/v2\/types\/product"}],"replies":[{"embeddable":true,"href":"https:\/\/ddt.lv\/lv\/wp-json\/wp\/v2\/comments?post=31699"}],"wp:featuredmedia":[{"embeddable":true,"href":"https:\/\/ddt.lv\/lv\/wp-json\/wp\/v2\/media\/31728"}],"wp:attachment":[{"href":"https:\/\/ddt.lv\/lv\/wp-json\/wp\/v2\/media?parent=31699"}],"wp:term":[{"taxonomy":"product_cat","embeddable":true,"href":"https:\/\/ddt.lv\/lv\/wp-json\/wp\/v2\/product_cat?post=31699"},{"taxonomy":"product_tag","embeddable":true,"href":"https:\/\/ddt.lv\/lv\/wp-json\/wp\/v2\/product_tag?post=31699"},{"taxonomy":"yst_prominent_words","embeddable":true,"href":"https:\/\/ddt.lv\/lv\/wp-json\/wp\/v2\/yst_prominent_words?post=31699"}],"curies":[{"name":"wp","href":"https:\/\/api.w.org\/{rel}","templated":true}]}}