{"id":31633,"date":"2022-01-06T15:20:15","date_gmt":"2022-01-06T13:20:15","guid":{"rendered":"https:\/\/ddt.lv\/lv\/product\/led-reflektor-r39-v2-e14-3w-240v-250lm-3000k-spuldze-sylvania\/"},"modified":"2026-04-08T14:36:47","modified_gmt":"2026-04-08T11:36:47","slug":"led-reflektor-r39-v2-e14-3w-240v-250lm-3000k-spuldze-sylvania","status":"publish","type":"product","link":"https:\/\/ddt.lv\/lv\/product\/led-reflektor-r39-v2-e14-3w-240v-250lm-3000k-spuldze-sylvania\/","title":{"rendered":"LED Reflektor R39 V2 E14 3W 240V 250lm 3000K spuldze Sylvania"},"content":{"rendered":"<p>LED.<br \/>\nV\u0101ci\u0146\u0161\/b\u0101ze E14.<br \/>\nVisp\u0101r\u0113js pielietojums viesm\u012bl\u012bbas, dz\u012bvojamo un pat\u0113r\u0113t\u0101ju jom\u0101.<br \/>\nKr\u0101su temperat\u016bra (K) 3000.<br \/>\nGaismas kr\u0101sa Silti balta.<br \/>\nCRI (Ra) 80.<br \/>\nStara le\u0146\u0137is (\u00b0) 120.<br \/>\nJauda (W) 3.<br \/>\nProdukta spriegums (V) 230.<br \/>\nVid\u0113jais kalpo\u0161anas laiks (nomin\u0101ls) (h) 15 000.<\/p>\n<p><\/p>","protected":false},"excerpt":{"rendered":"<p>LED. V\u0101ci\u0146\u0161\/b\u0101ze E14. Visp\u0101r\u0113js pielietojums viesm\u012bl\u012bbas, dz\u012bvojamo un pat\u0113r\u0113t\u0101ju jom\u0101. Kr\u0101su temperat\u016bra (K) 3000. Gaismas kr\u0101sa Silti balta. CRI (Ra) 80. Stara le\u0146\u0137is (\u00b0) 120. Jauda (W) 3. Produkta spriegums (V) 230. Vid\u0113jais kalpo\u0161anas laiks (nomin\u0101ls) (h) 15 000.<\/p>\n","protected":false},"featured_media":31634,"comment_status":"closed","ping_status":"closed","template":"","meta":{"inline_featured_image":false},"product_cat":[772,851],"product_tag":[],"yst_prominent_words":[],"class_list":{"0":"post-31633","1":"product","2":"type-product","3":"status-publish","4":"has-post-thumbnail","6":"product_cat-atlaides","7":"product_cat-e14-spuldzes","9":"first","10":"instock","11":"sale","12":"taxable","13":"shipping-taxable","14":"purchasable","15":"product-type-simple"},"jetpack_sharing_enabled":true,"_links":{"self":[{"href":"https:\/\/ddt.lv\/lv\/wp-json\/wp\/v2\/product\/31633"}],"collection":[{"href":"https:\/\/ddt.lv\/lv\/wp-json\/wp\/v2\/product"}],"about":[{"href":"https:\/\/ddt.lv\/lv\/wp-json\/wp\/v2\/types\/product"}],"replies":[{"embeddable":true,"href":"https:\/\/ddt.lv\/lv\/wp-json\/wp\/v2\/comments?post=31633"}],"wp:featuredmedia":[{"embeddable":true,"href":"https:\/\/ddt.lv\/lv\/wp-json\/wp\/v2\/media\/31634"}],"wp:attachment":[{"href":"https:\/\/ddt.lv\/lv\/wp-json\/wp\/v2\/media?parent=31633"}],"wp:term":[{"taxonomy":"product_cat","embeddable":true,"href":"https:\/\/ddt.lv\/lv\/wp-json\/wp\/v2\/product_cat?post=31633"},{"taxonomy":"product_tag","embeddable":true,"href":"https:\/\/ddt.lv\/lv\/wp-json\/wp\/v2\/product_tag?post=31633"},{"taxonomy":"yst_prominent_words","embeddable":true,"href":"https:\/\/ddt.lv\/lv\/wp-json\/wp\/v2\/yst_prominent_words?post=31633"}],"curies":[{"name":"wp","href":"https:\/\/api.w.org\/{rel}","templated":true}]}}