{"id":31632,"date":"2022-01-06T15:20:15","date_gmt":"2022-01-06T13:20:15","guid":{"rendered":"https:\/\/ddt.lv\/lv\/product\/led-gu10-5w-40-230v-400lm-3000k-ra80-spuldze-sylvania\/"},"modified":"2026-04-13T09:55:41","modified_gmt":"2026-04-13T06:55:41","slug":"led-gu10-5w-40-230v-400lm-3000k-ra80-spuldze-sylvania","status":"publish","type":"product","link":"https:\/\/ddt.lv\/lv\/product\/led-gu10-5w-40-230v-400lm-3000k-ra80-spuldze-sylvania\/","title":{"rendered":"LED GU10 5W 40&#8242; 230V 400lm 3000K Ra80 spuldze Sylvania"},"content":{"rendered":"<p>\u2022 Augstas veiktsp\u0113jas energoefekt\u012bva LED GU10 ar halog\u0113na spuldzes izm\u0113ru un vizu\u0101lo izskatu \u2022 Liela l\u016bmena jauda: 400 lm \u2022 Unik\u0101ls halog\u0113na sl\u012bp\u0113tais objekt\u012bva dizains \u2022 Ide\u0101li piem\u0113rots lieto\u0161anai ar jebkuru kr\u0101su leju apgaismojumu \u2022 25 000 stundu vid\u0113jais nomin\u0101lais kalpo\u0161anas laiks \u2022 Zems ener\u0123ijas pat\u0113ri\u0146\u0161 &#8211; A++ ener\u0123ijas reitings  \u2022 Darba spriegums: 198-254V \u2022 Augsta l\u016bmena efektivit\u0101te &#8211; l\u012bdz 90Lm\/W \u2022  3000K  \u2022 Lampas izm\u0113rs: 50x56mm \u2022<\/p>\n<p><\/p>","protected":false},"excerpt":{"rendered":"<p>\u2022 Augstas veiktsp\u0113jas energoefekt\u012bva LED GU10 ar halog\u0113na spuldzes izm\u0113ru un vizu\u0101lo izskatu \u2022 Liela l\u016bmena jauda: 400 lm \u2022 Unik\u0101ls halog\u0113na sl\u012bp\u0113tais objekt\u012bva dizains \u2022 Ide\u0101li piem\u0113rots lieto\u0161anai ar jebkuru kr\u0101su leju apgaismojumu \u2022 25 000 stundu vid\u0113jais nomin\u0101lais kalpo\u0161anas laiks \u2022 Zems ener\u0123ijas pat\u0113ri\u0146\u0161 &#8211; A++ ener\u0123ijas reitings \u2022 Darba spriegums: 198-254V \u2022 [&hellip;]<\/p>\n","protected":false},"featured_media":31635,"comment_status":"closed","ping_status":"closed","template":"","meta":{"inline_featured_image":false},"product_cat":[852],"product_tag":[],"yst_prominent_words":[],"class_list":{"0":"post-31632","1":"product","2":"type-product","3":"status-publish","4":"has-post-thumbnail","6":"product_cat-gu10-spuldzes","8":"first","9":"outofstock","10":"taxable","11":"shipping-taxable","12":"purchasable","13":"product-type-simple"},"jetpack_sharing_enabled":true,"_links":{"self":[{"href":"https:\/\/ddt.lv\/lv\/wp-json\/wp\/v2\/product\/31632"}],"collection":[{"href":"https:\/\/ddt.lv\/lv\/wp-json\/wp\/v2\/product"}],"about":[{"href":"https:\/\/ddt.lv\/lv\/wp-json\/wp\/v2\/types\/product"}],"replies":[{"embeddable":true,"href":"https:\/\/ddt.lv\/lv\/wp-json\/wp\/v2\/comments?post=31632"}],"wp:featuredmedia":[{"embeddable":true,"href":"https:\/\/ddt.lv\/lv\/wp-json\/wp\/v2\/media\/31635"}],"wp:attachment":[{"href":"https:\/\/ddt.lv\/lv\/wp-json\/wp\/v2\/media?parent=31632"}],"wp:term":[{"taxonomy":"product_cat","embeddable":true,"href":"https:\/\/ddt.lv\/lv\/wp-json\/wp\/v2\/product_cat?post=31632"},{"taxonomy":"product_tag","embeddable":true,"href":"https:\/\/ddt.lv\/lv\/wp-json\/wp\/v2\/product_tag?post=31632"},{"taxonomy":"yst_prominent_words","embeddable":true,"href":"https:\/\/ddt.lv\/lv\/wp-json\/wp\/v2\/yst_prominent_words?post=31632"}],"curies":[{"name":"wp","href":"https:\/\/api.w.org\/{rel}","templated":true}]}}