{"id":31630,"date":"2022-01-06T15:10:26","date_gmt":"2022-01-06T13:10:26","guid":{"rendered":"https:\/\/ddt.lv\/lv\/product\/par38-80w-zila-e27-spuldze-sylvania\/"},"modified":"2026-04-08T14:26:15","modified_gmt":"2026-04-08T11:26:15","slug":"par38-80w-zila-e27-spuldze-sylvania","status":"publish","type":"product","link":"https:\/\/ddt.lv\/lv\/product\/par38-80w-zila-e27-spuldze-sylvania\/","title":{"rendered":"PAR38 80W zila E27 spuldze Sylvania"},"content":{"rendered":"<p>- Paraboliskas formas atstarot\u0101js, kas izgatavots no cieta stikla, &#8211; Kr\u0101sains priek\u0161\u0113jais objekt\u012bvs, &#8211; Galvenok\u0101rt izmanto komerci\u0101l\u0101 akcentu apgaismojum\u0101, lai rad\u012btu \u012bpa\u0161us efektus b\u0101ros, klubos un skatlogos.<\/p>","protected":false},"excerpt":{"rendered":"<p>&#8211; Paraboliskas formas atstarot\u0101js, kas izgatavots no cieta stikla, &#8211; Kr\u0101sains priek\u0161\u0113jais objekt\u012bvs, &#8211; Galvenok\u0101rt izmanto komerci\u0101l\u0101 akcentu apgaismojum\u0101, lai rad\u012btu \u012bpa\u0161us efektus b\u0101ros, klubos un skatlogos.<\/p>\n","protected":false},"featured_media":31637,"comment_status":"closed","ping_status":"closed","template":"","meta":{"inline_featured_image":false},"product_cat":[772,1128],"product_tag":[],"yst_prominent_words":[],"class_list":{"0":"post-31630","1":"product","2":"type-product","3":"status-publish","4":"has-post-thumbnail","6":"product_cat-atlaides","7":"product_cat-krasainas-spuldzes","9":"first","10":"instock","11":"sale","12":"taxable","13":"shipping-taxable","14":"purchasable","15":"product-type-simple"},"jetpack_sharing_enabled":true,"_links":{"self":[{"href":"https:\/\/ddt.lv\/lv\/wp-json\/wp\/v2\/product\/31630"}],"collection":[{"href":"https:\/\/ddt.lv\/lv\/wp-json\/wp\/v2\/product"}],"about":[{"href":"https:\/\/ddt.lv\/lv\/wp-json\/wp\/v2\/types\/product"}],"replies":[{"embeddable":true,"href":"https:\/\/ddt.lv\/lv\/wp-json\/wp\/v2\/comments?post=31630"}],"wp:featuredmedia":[{"embeddable":true,"href":"https:\/\/ddt.lv\/lv\/wp-json\/wp\/v2\/media\/31637"}],"wp:attachment":[{"href":"https:\/\/ddt.lv\/lv\/wp-json\/wp\/v2\/media?parent=31630"}],"wp:term":[{"taxonomy":"product_cat","embeddable":true,"href":"https:\/\/ddt.lv\/lv\/wp-json\/wp\/v2\/product_cat?post=31630"},{"taxonomy":"product_tag","embeddable":true,"href":"https:\/\/ddt.lv\/lv\/wp-json\/wp\/v2\/product_tag?post=31630"},{"taxonomy":"yst_prominent_words","embeddable":true,"href":"https:\/\/ddt.lv\/lv\/wp-json\/wp\/v2\/yst_prominent_words?post=31630"}],"curies":[{"name":"wp","href":"https:\/\/api.w.org\/{rel}","templated":true}]}}