{"id":31629,"date":"2022-01-06T15:10:26","date_gmt":"2022-01-06T13:10:26","guid":{"rendered":"https:\/\/ddt.lv\/lv\/product\/eco-halogen-gy6-35-40w-12v-700lm-2700k-spuldze-emos\/"},"modified":"2026-04-01T00:10:57","modified_gmt":"2026-03-31T21:10:57","slug":"eco-halogen-gy6-35-40w-12v-700lm-2700k-spuldze-emos","status":"publish","type":"product","link":"https:\/\/ddt.lv\/lv\/product\/eco-halogen-gy6-35-40w-12v-700lm-2700k-spuldze-emos\/","title":{"rendered":"ECO Halogen GY6.35 40W 12V 700lm 2700K spuldze EMOS"},"content":{"rendered":"<p>G6.35.<br \/>\ngaismas kr\u0101sa silti balta.<br \/>\n65 W spuldzes nomai\u0146a.<br \/>\nelektroener\u0123ijas pat\u0113ri\u0146\u0161 35 W.<br \/>\ngaismas pl\u016bsma \/ spilgtums 770 lm.<br \/>\naptum\u0161ojams j\u0101.<br \/>\nhromatiskuma temperat\u016bra 2 700 K.<br \/>\nspriegums 12 V.<br \/>\nkr\u0101su render\u0113\u0161anas indekss (CRI) 95.<br \/>\nener\u0123ijas klase (no 1.9.2021.) G.<br \/>\nkalpo\u0161anas laiks 2000 stundas.<\/p>\n<p><\/p>","protected":false},"excerpt":{"rendered":"<p>G6.35. gaismas kr\u0101sa silti balta. 65 W spuldzes nomai\u0146a. elektroener\u0123ijas pat\u0113ri\u0146\u0161 35 W. gaismas pl\u016bsma \/ spilgtums 770 lm. aptum\u0161ojams j\u0101. hromatiskuma temperat\u016bra 2 700 K. spriegums 12 V. kr\u0101su render\u0113\u0161anas indekss (CRI) 95. ener\u0123ijas klase (no 1.9.2021.) G. kalpo\u0161anas laiks 2000 stundas.<\/p>\n","protected":false},"featured_media":31638,"comment_status":"closed","ping_status":"closed","template":"","meta":{"inline_featured_image":false},"product_cat":[1365],"product_tag":[],"yst_prominent_words":[],"class_list":{"0":"post-31629","1":"product","2":"type-product","3":"status-publish","4":"has-post-thumbnail","6":"product_cat-eco-halogen-spuldzes","8":"first","9":"instock","10":"taxable","11":"shipping-taxable","12":"purchasable","13":"product-type-simple"},"jetpack_sharing_enabled":true,"_links":{"self":[{"href":"https:\/\/ddt.lv\/lv\/wp-json\/wp\/v2\/product\/31629"}],"collection":[{"href":"https:\/\/ddt.lv\/lv\/wp-json\/wp\/v2\/product"}],"about":[{"href":"https:\/\/ddt.lv\/lv\/wp-json\/wp\/v2\/types\/product"}],"replies":[{"embeddable":true,"href":"https:\/\/ddt.lv\/lv\/wp-json\/wp\/v2\/comments?post=31629"}],"wp:featuredmedia":[{"embeddable":true,"href":"https:\/\/ddt.lv\/lv\/wp-json\/wp\/v2\/media\/31638"}],"wp:attachment":[{"href":"https:\/\/ddt.lv\/lv\/wp-json\/wp\/v2\/media?parent=31629"}],"wp:term":[{"taxonomy":"product_cat","embeddable":true,"href":"https:\/\/ddt.lv\/lv\/wp-json\/wp\/v2\/product_cat?post=31629"},{"taxonomy":"product_tag","embeddable":true,"href":"https:\/\/ddt.lv\/lv\/wp-json\/wp\/v2\/product_tag?post=31629"},{"taxonomy":"yst_prominent_words","embeddable":true,"href":"https:\/\/ddt.lv\/lv\/wp-json\/wp\/v2\/yst_prominent_words?post=31629"}],"curies":[{"name":"wp","href":"https:\/\/api.w.org\/{rel}","templated":true}]}}