{"id":31628,"date":"2022-01-06T15:10:25","date_gmt":"2022-01-06T13:10:25","guid":{"rendered":"https:\/\/ddt.lv\/lv\/product\/dlx-btt-60w-e27-230v-klar-halogenspuldze-sylvania\/"},"modified":"2026-04-01T00:06:27","modified_gmt":"2026-03-31T21:06:27","slug":"dlx-btt-60w-e27-230v-klar-halogenspuldze-sylvania","status":"publish","type":"product","link":"https:\/\/ddt.lv\/lv\/product\/dlx-btt-60w-e27-230v-klar-halogenspuldze-sylvania\/","title":{"rendered":"DLX BTT 60W E27 230V KLAR halog\u0113nspuldze Sylvania"},"content":{"rendered":"<p>Jauda 60W.<br \/>\nZ\u012bmols Sylvania.<br \/>\nV\u0101ci\u0146\u0161-b\u0101ze E27.<br \/>\nStikls Skaidrs.<br \/>\nSpriegums 230V.<br \/>\nAptum\u0161ojams J\u0101.<br \/>\nKr\u0101su atveido\u0161anas indekss Ra 100.<br \/>\nUV filtrs J\u0101.<br \/>\nVid\u0113jais kalpo\u0161anas laiks 2000h<\/p>","protected":false},"excerpt":{"rendered":"<p>Jauda 60W. Z\u012bmols Sylvania. V\u0101ci\u0146\u0161-b\u0101ze E27. Stikls Skaidrs. Spriegums 230V. Aptum\u0161ojams J\u0101. Kr\u0101su atveido\u0161anas indekss Ra 100. UV filtrs J\u0101. Vid\u0113jais kalpo\u0161anas laiks 2000h<\/p>\n","protected":false},"featured_media":31642,"comment_status":"closed","ping_status":"closed","template":"","meta":{"inline_featured_image":false},"product_cat":[1365],"product_tag":[],"yst_prominent_words":[],"class_list":{"0":"post-31628","1":"product","2":"type-product","3":"status-publish","4":"has-post-thumbnail","6":"product_cat-eco-halogen-spuldzes","8":"first","9":"instock","10":"taxable","11":"shipping-taxable","12":"purchasable","13":"product-type-simple"},"jetpack_sharing_enabled":true,"_links":{"self":[{"href":"https:\/\/ddt.lv\/lv\/wp-json\/wp\/v2\/product\/31628"}],"collection":[{"href":"https:\/\/ddt.lv\/lv\/wp-json\/wp\/v2\/product"}],"about":[{"href":"https:\/\/ddt.lv\/lv\/wp-json\/wp\/v2\/types\/product"}],"replies":[{"embeddable":true,"href":"https:\/\/ddt.lv\/lv\/wp-json\/wp\/v2\/comments?post=31628"}],"wp:featuredmedia":[{"embeddable":true,"href":"https:\/\/ddt.lv\/lv\/wp-json\/wp\/v2\/media\/31642"}],"wp:attachment":[{"href":"https:\/\/ddt.lv\/lv\/wp-json\/wp\/v2\/media?parent=31628"}],"wp:term":[{"taxonomy":"product_cat","embeddable":true,"href":"https:\/\/ddt.lv\/lv\/wp-json\/wp\/v2\/product_cat?post=31628"},{"taxonomy":"product_tag","embeddable":true,"href":"https:\/\/ddt.lv\/lv\/wp-json\/wp\/v2\/product_tag?post=31628"},{"taxonomy":"yst_prominent_words","embeddable":true,"href":"https:\/\/ddt.lv\/lv\/wp-json\/wp\/v2\/yst_prominent_words?post=31628"}],"curies":[{"name":"wp","href":"https:\/\/api.w.org\/{rel}","templated":true}]}}