{"id":31627,"date":"2022-01-06T15:10:25","date_gmt":"2022-01-06T13:10:25","guid":{"rendered":"https:\/\/ddt.lv\/lv\/product\/halogen-axial-75w-12v-gy6-35-spuldze-sylvania\/"},"modified":"2026-04-01T00:10:34","modified_gmt":"2026-03-31T21:10:34","slug":"halogen-axial-75w-12v-gy6-35-spuldze-sylvania","status":"publish","type":"product","link":"https:\/\/ddt.lv\/lv\/product\/halogen-axial-75w-12v-gy6-35-spuldze-sylvania\/","title":{"rendered":"Halogen Axial 75W 12V GY6.35 spuldze Sylvania"},"content":{"rendered":"<p>Halog\u0113ns.<br \/>\nLampas forma Kapsula.<br \/>\nV\u0101ci\u0146\u0161 \/ B\u0101ze GY6.35.<br \/>\nVisp\u0101r\u0113js pielietojums viesm\u012bl\u012bb\u0101, muzejos un galerij\u0101s, mazumtirdzniec\u012bb\u0101, dz\u012bvojam\u0101s telp\u0101s un pat\u0113r\u0113t\u0101jiem.<br \/>\nGaismas pl\u016bsma (lm) 1600.<br \/>\nKr\u0101su temperat\u016bra (K) 3000.<br \/>\nGaismas kr\u0101sa Silti balta.<br \/>\nCRI (Ra) 100.<br \/>\nJauda (W) 75.<br \/>\nVid\u0113jais kalpo\u0161anas laiks (nomin\u0101ls) (h) 3000.<\/p>","protected":false},"excerpt":{"rendered":"<p>Halog\u0113ns. Lampas forma Kapsula. V\u0101ci\u0146\u0161 \/ B\u0101ze GY6.35. Visp\u0101r\u0113js pielietojums viesm\u012bl\u012bb\u0101, muzejos un galerij\u0101s, mazumtirdzniec\u012bb\u0101, dz\u012bvojam\u0101s telp\u0101s un pat\u0113r\u0113t\u0101jiem. Gaismas pl\u016bsma (lm) 1600. Kr\u0101su temperat\u016bra (K) 3000. Gaismas kr\u0101sa Silti balta. CRI (Ra) 100. Jauda (W) 75. Vid\u0113jais kalpo\u0161anas laiks (nomin\u0101ls) (h) 3000.<\/p>\n","protected":false},"featured_media":31640,"comment_status":"closed","ping_status":"closed","template":"","meta":{"inline_featured_image":false},"product_cat":[1365],"product_tag":[],"yst_prominent_words":[],"class_list":{"0":"post-31627","1":"product","2":"type-product","3":"status-publish","4":"has-post-thumbnail","6":"product_cat-eco-halogen-spuldzes","8":"first","9":"instock","10":"taxable","11":"shipping-taxable","12":"purchasable","13":"product-type-simple"},"jetpack_sharing_enabled":true,"_links":{"self":[{"href":"https:\/\/ddt.lv\/lv\/wp-json\/wp\/v2\/product\/31627"}],"collection":[{"href":"https:\/\/ddt.lv\/lv\/wp-json\/wp\/v2\/product"}],"about":[{"href":"https:\/\/ddt.lv\/lv\/wp-json\/wp\/v2\/types\/product"}],"replies":[{"embeddable":true,"href":"https:\/\/ddt.lv\/lv\/wp-json\/wp\/v2\/comments?post=31627"}],"wp:featuredmedia":[{"embeddable":true,"href":"https:\/\/ddt.lv\/lv\/wp-json\/wp\/v2\/media\/31640"}],"wp:attachment":[{"href":"https:\/\/ddt.lv\/lv\/wp-json\/wp\/v2\/media?parent=31627"}],"wp:term":[{"taxonomy":"product_cat","embeddable":true,"href":"https:\/\/ddt.lv\/lv\/wp-json\/wp\/v2\/product_cat?post=31627"},{"taxonomy":"product_tag","embeddable":true,"href":"https:\/\/ddt.lv\/lv\/wp-json\/wp\/v2\/product_tag?post=31627"},{"taxonomy":"yst_prominent_words","embeddable":true,"href":"https:\/\/ddt.lv\/lv\/wp-json\/wp\/v2\/yst_prominent_words?post=31627"}],"curies":[{"name":"wp","href":"https:\/\/api.w.org\/{rel}","templated":true}]}}