{"id":31625,"date":"2022-01-06T15:10:24","date_gmt":"2022-01-06T13:10:24","guid":{"rendered":"https:\/\/ddt.lv\/lv\/product\/led-candle-frosted-e14-5-5w-230v-470lm-2700k-step-dim-spuldze-sylvania\/"},"modified":"2026-04-13T09:55:35","modified_gmt":"2026-04-13T06:55:35","slug":"led-candle-frosted-e14-5-5w-230v-470lm-2700k-step-dim-spuldze-sylvania","status":"publish","type":"product","link":"https:\/\/ddt.lv\/lv\/product\/led-candle-frosted-e14-5-5w-230v-470lm-2700k-step-dim-spuldze-sylvania\/","title":{"rendered":"LED CANDLE Frosted E14 5.5W 230V 470lm 2700K STEP-DIM spuldze Sylvania"},"content":{"rendered":"<p>\u2022 ToLEDo\u2122 Step-Dim Candle var vad\u012bt ar standarta sl\u0113d\u017eiem \u2013 sienas, kabe\u013ca vai k\u0101jas sl\u0113d\u017eiem. \u2022 Gudrs un rentabls iepriek\u0161 iestat\u012bts aptum\u0161o\u0161anas risin\u0101jums \u2022 Divi da\u017e\u0101di spilgtuma iestat\u012bjumi: \u2013 Pilns 100% spilgtums (noklus\u0113juma iestat\u012bjums) \u2013 Nospiediet iesl\u0113g\u0161anas\/izsl\u0113g\u0161anas sl\u0113dzi. v\u0113lreiz, lai samazin\u0101tu spilgtuma l\u012bmeni l\u012bdz 30% (omul\u012bgs apgaismojums) \u2022 Step-Dim funkcija tiek kontrol\u0113ta ar standarta iesl\u0113g\u0161anas\/izsl\u0113g\u0161anas sl\u0113dzi, un tai nav nepiecie\u0161ams \u0101r\u0113js reostats vai t\u0101lvad\u012bbas pults \u2022 Kr\u0101su temperat\u016bra \u2013 2700K \u2022 Ener\u0123ijas klase A+ \u2022 15 000 stundu vid\u0113jais nomin\u0101lais kalpo\u0161anas laiks \u2022  \u2022 Augsta kr\u0101su atveide \u2013 CRI80.<\/p>\n<p><\/p>","protected":false},"excerpt":{"rendered":"<p>\u2022 ToLEDo\u2122 Step-Dim Candle var vad\u012bt ar standarta sl\u0113d\u017eiem \u2013 sienas, kabe\u013ca vai k\u0101jas sl\u0113d\u017eiem. \u2022 Gudrs un rentabls iepriek\u0161 iestat\u012bts aptum\u0161o\u0161anas risin\u0101jums \u2022 Divi da\u017e\u0101di spilgtuma iestat\u012bjumi: \u2013 Pilns 100% spilgtums (noklus\u0113juma iestat\u012bjums) \u2013 Nospiediet iesl\u0113g\u0161anas\/izsl\u0113g\u0161anas sl\u0113dzi. v\u0113lreiz, lai samazin\u0101tu spilgtuma l\u012bmeni l\u012bdz 30% (omul\u012bgs apgaismojums) \u2022 Step-Dim funkcija tiek kontrol\u0113ta ar standarta iesl\u0113g\u0161anas\/izsl\u0113g\u0161anas [&hellip;]<\/p>\n","protected":false},"featured_media":31646,"comment_status":"closed","ping_status":"closed","template":"","meta":{"inline_featured_image":false},"product_cat":[851],"product_tag":[],"yst_prominent_words":[],"class_list":{"0":"post-31625","1":"product","2":"type-product","3":"status-publish","4":"has-post-thumbnail","6":"product_cat-e14-spuldzes","8":"first","9":"instock","10":"taxable","11":"shipping-taxable","12":"purchasable","13":"product-type-simple"},"jetpack_sharing_enabled":true,"_links":{"self":[{"href":"https:\/\/ddt.lv\/lv\/wp-json\/wp\/v2\/product\/31625"}],"collection":[{"href":"https:\/\/ddt.lv\/lv\/wp-json\/wp\/v2\/product"}],"about":[{"href":"https:\/\/ddt.lv\/lv\/wp-json\/wp\/v2\/types\/product"}],"replies":[{"embeddable":true,"href":"https:\/\/ddt.lv\/lv\/wp-json\/wp\/v2\/comments?post=31625"}],"wp:featuredmedia":[{"embeddable":true,"href":"https:\/\/ddt.lv\/lv\/wp-json\/wp\/v2\/media\/31646"}],"wp:attachment":[{"href":"https:\/\/ddt.lv\/lv\/wp-json\/wp\/v2\/media?parent=31625"}],"wp:term":[{"taxonomy":"product_cat","embeddable":true,"href":"https:\/\/ddt.lv\/lv\/wp-json\/wp\/v2\/product_cat?post=31625"},{"taxonomy":"product_tag","embeddable":true,"href":"https:\/\/ddt.lv\/lv\/wp-json\/wp\/v2\/product_tag?post=31625"},{"taxonomy":"yst_prominent_words","embeddable":true,"href":"https:\/\/ddt.lv\/lv\/wp-json\/wp\/v2\/yst_prominent_words?post=31625"}],"curies":[{"name":"wp","href":"https:\/\/api.w.org\/{rel}","templated":true}]}}