{"id":31623,"date":"2022-01-06T15:10:24","date_gmt":"2022-01-06T13:10:24","guid":{"rendered":"https:\/\/ddt.lv\/lv\/product\/normal-28w-37w-e27-240v-a55-eco-halogen-classic-spuldze-sylvania\/"},"modified":"2026-04-01T00:11:20","modified_gmt":"2026-03-31T21:11:20","slug":"normal-28w-37w-e27-240v-a55-eco-halogen-classic-spuldze-sylvania","status":"publish","type":"product","link":"https:\/\/ddt.lv\/lv\/product\/normal-28w-37w-e27-240v-a55-eco-halogen-classic-spuldze-sylvania\/","title":{"rendered":"Normal 28W\/37W E27 240V A55 ECO Halogen classic spuldze Sylvania"},"content":{"rendered":"<p>Halog\u0113ns<br \/>\nLampas forma Bumbierveida.<br \/>\nTips Classic Eco GLS A55.<br \/>\nV\u0101ci\u0146\u0161\/b\u0101ze E27.<br \/>\nLampas apdare Skaidra.<br \/>\nGaismas pl\u016bsma (lm) 370.<br \/>\nKr\u0101su temperat\u016bra (K) 2800.<br \/>\nGaismas kr\u0101sa Homelight.<br \/>\nCRI (Ra) 100.<br \/>\nJauda (W) 28.<br \/>\nVid\u0113jais kalpo\u0161anas laiks (nomin\u0101ls) (h) 2000.<\/p>","protected":false},"excerpt":{"rendered":"<p>Halog\u0113ns Lampas forma Bumbierveida. Tips Classic Eco GLS A55. V\u0101ci\u0146\u0161\/b\u0101ze E27. Lampas apdare Skaidra. Gaismas pl\u016bsma (lm) 370. Kr\u0101su temperat\u016bra (K) 2800. Gaismas kr\u0101sa Homelight. CRI (Ra) 100. Jauda (W) 28. Vid\u0113jais kalpo\u0161anas laiks (nomin\u0101ls) (h) 2000.<\/p>\n","protected":false},"featured_media":31647,"comment_status":"closed","ping_status":"closed","template":"","meta":{"inline_featured_image":false},"product_cat":[1365],"product_tag":[],"yst_prominent_words":[],"class_list":{"0":"post-31623","1":"product","2":"type-product","3":"status-publish","4":"has-post-thumbnail","6":"product_cat-eco-halogen-spuldzes","8":"first","9":"instock","10":"taxable","11":"shipping-taxable","12":"purchasable","13":"product-type-simple"},"jetpack_sharing_enabled":true,"_links":{"self":[{"href":"https:\/\/ddt.lv\/lv\/wp-json\/wp\/v2\/product\/31623"}],"collection":[{"href":"https:\/\/ddt.lv\/lv\/wp-json\/wp\/v2\/product"}],"about":[{"href":"https:\/\/ddt.lv\/lv\/wp-json\/wp\/v2\/types\/product"}],"replies":[{"embeddable":true,"href":"https:\/\/ddt.lv\/lv\/wp-json\/wp\/v2\/comments?post=31623"}],"wp:featuredmedia":[{"embeddable":true,"href":"https:\/\/ddt.lv\/lv\/wp-json\/wp\/v2\/media\/31647"}],"wp:attachment":[{"href":"https:\/\/ddt.lv\/lv\/wp-json\/wp\/v2\/media?parent=31623"}],"wp:term":[{"taxonomy":"product_cat","embeddable":true,"href":"https:\/\/ddt.lv\/lv\/wp-json\/wp\/v2\/product_cat?post=31623"},{"taxonomy":"product_tag","embeddable":true,"href":"https:\/\/ddt.lv\/lv\/wp-json\/wp\/v2\/product_tag?post=31623"},{"taxonomy":"yst_prominent_words","embeddable":true,"href":"https:\/\/ddt.lv\/lv\/wp-json\/wp\/v2\/yst_prominent_words?post=31623"}],"curies":[{"name":"wp","href":"https:\/\/api.w.org\/{rel}","templated":true}]}}