{"id":31621,"date":"2022-01-06T15:10:23","date_gmt":"2022-01-06T13:10:23","guid":{"rendered":"https:\/\/ddt.lv\/lv\/product\/led-ball-e27-0-5w-240v-ip44-balta-spuldze-sylvania\/"},"modified":"2026-04-08T14:27:47","modified_gmt":"2026-04-08T11:27:47","slug":"led-ball-e27-0-5w-240v-ip44-balta-spuldze-sylvania","status":"publish","type":"product","link":"https:\/\/ddt.lv\/lv\/product\/led-ball-e27-0-5w-240v-ip44-balta-spuldze-sylvania\/","title":{"rendered":"LED BALL E27 0.5W 240V IP44 BALTA spuldze Sylvania"},"content":{"rendered":"<p>LED.<br \/>\nLampas forma Apa\u013ca\/globusa.<br \/>\nV\u0101ci\u0146\u0161\/b\u0101ze E27.<br \/>\nLampas apdare mat\u0113ta\/p\u0101rkl\u0101ta.<br \/>\nVisp\u0101r\u0113js pielietojums viesm\u012bl\u012bbas, dz\u012bvojamo un pat\u0113r\u0113t\u0101ju jom\u0101.<br \/>\nKr\u0101su temperat\u016bra (K) 4000.<br \/>\nGaismas kr\u0101sa Cool White.<br \/>\nJauda (W) 0,5.<br \/>\nVid\u0113jais kalpo\u0161anas laiks (nomin\u0101ls) (h) 25 000.<\/p>","protected":false},"excerpt":{"rendered":"<p>LED. Lampas forma Apa\u013ca\/globusa. V\u0101ci\u0146\u0161\/b\u0101ze E27. Lampas apdare mat\u0113ta\/p\u0101rkl\u0101ta. Visp\u0101r\u0113js pielietojums viesm\u012bl\u012bbas, dz\u012bvojamo un pat\u0113r\u0113t\u0101ju jom\u0101. Kr\u0101su temperat\u016bra (K) 4000. Gaismas kr\u0101sa Cool White. Jauda (W) 0,5. Vid\u0113jais kalpo\u0161anas laiks (nomin\u0101ls) (h) 25 000.<\/p>\n","protected":false},"featured_media":31648,"comment_status":"closed","ping_status":"closed","template":"","meta":{"inline_featured_image":false},"product_cat":[772,1332],"product_tag":[],"yst_prominent_words":[],"class_list":{"0":"post-31621","1":"product","2":"type-product","3":"status-publish","4":"has-post-thumbnail","6":"product_cat-atlaides","7":"product_cat-krasainas-led-spuldzes","9":"first","10":"outofstock","11":"sale","12":"taxable","13":"shipping-taxable","14":"purchasable","15":"product-type-simple"},"jetpack_sharing_enabled":true,"_links":{"self":[{"href":"https:\/\/ddt.lv\/lv\/wp-json\/wp\/v2\/product\/31621"}],"collection":[{"href":"https:\/\/ddt.lv\/lv\/wp-json\/wp\/v2\/product"}],"about":[{"href":"https:\/\/ddt.lv\/lv\/wp-json\/wp\/v2\/types\/product"}],"replies":[{"embeddable":true,"href":"https:\/\/ddt.lv\/lv\/wp-json\/wp\/v2\/comments?post=31621"}],"wp:featuredmedia":[{"embeddable":true,"href":"https:\/\/ddt.lv\/lv\/wp-json\/wp\/v2\/media\/31648"}],"wp:attachment":[{"href":"https:\/\/ddt.lv\/lv\/wp-json\/wp\/v2\/media?parent=31621"}],"wp:term":[{"taxonomy":"product_cat","embeddable":true,"href":"https:\/\/ddt.lv\/lv\/wp-json\/wp\/v2\/product_cat?post=31621"},{"taxonomy":"product_tag","embeddable":true,"href":"https:\/\/ddt.lv\/lv\/wp-json\/wp\/v2\/product_tag?post=31621"},{"taxonomy":"yst_prominent_words","embeddable":true,"href":"https:\/\/ddt.lv\/lv\/wp-json\/wp\/v2\/yst_prominent_words?post=31621"}],"curies":[{"name":"wp","href":"https:\/\/api.w.org\/{rel}","templated":true}]}}