{"id":31566,"date":"2022-01-05T15:20:22","date_gmt":"2022-01-05T13:20:22","guid":{"rendered":"https:\/\/ddt.lv\/lv\/product\/led-retro-gu10-5w-36-345lm-4000k-dimmejama-spuldze-sylvania\/"},"modified":"2026-04-06T10:56:33","modified_gmt":"2026-04-06T07:56:33","slug":"led-retro-gu10-5w-36-345lm-4000k-dimmejama-spuldze-sylvania","status":"publish","type":"product","link":"https:\/\/ddt.lv\/lv\/product\/led-retro-gu10-5w-36-345lm-4000k-dimmejama-spuldze-sylvania-2\/","title":{"rendered":"LED RETRO GU10 5W 36&#8217; 345lm 4000K Dimmejama spuldze Sylvania"},"content":{"rendered":"<p>90% ener\u0123ijas ietaup\u012bjums sal\u012bdzin\u0101jum\u0101 ar halog\u0113na GU10 lampu, t\u0101da pati forma un izm\u0113rs k\u0101 halog\u0113na lamp\u0101m, Stikla konstrukcija, kas pied\u0101v\u0101 klasisku izskatu ar jaun\u0101ko efekt\u012bvo LED tehnolo\u0123iju, Stikla korpuss noz\u012bm\u0113, ka nav kr\u0101su sadursmes ar gaismekli un ide\u0101li piem\u0113rots atkl\u0101tam punktveida apgaismojumam, Kr\u0101su temperat\u016bra &#8211; 4000K, Pieejams 36 gr\u0101du stara le\u0146\u0137\u012b, l\u016bmena jauda &#8211; 345 lm, augsta l\u016bmena efektivit\u0101te &#8211; 69 lm\/W, A+ ener\u0123ijas klase, vid\u0113jais nomin\u0101lais kalpo\u0161anas laiks 15 000 stundas, regul\u0113jams,<\/p>\n<p><\/p>","protected":false},"excerpt":{"rendered":"<p>90% ener\u0123ijas ietaup\u012bjums sal\u012bdzin\u0101jum\u0101 ar halog\u0113na GU10 lampu, t\u0101da pati forma un izm\u0113rs k\u0101 halog\u0113na lamp\u0101m, Stikla konstrukcija, kas pied\u0101v\u0101 klasisku izskatu ar jaun\u0101ko efekt\u012bvo LED tehnolo\u0123iju, Stikla korpuss noz\u012bm\u0113, ka nav kr\u0101su sadursmes ar gaismekli un ide\u0101li piem\u0113rots atkl\u0101tam punktveida apgaismojumam, Kr\u0101su temperat\u016bra &#8211; 4000K, Pieejams 36 gr\u0101du stara le\u0146\u0137\u012b, l\u016bmena jauda &#8211; 345 [&hellip;]<\/p>\n","protected":false},"featured_media":31578,"comment_status":"closed","ping_status":"closed","template":"","meta":{"inline_featured_image":false},"product_cat":[852],"product_tag":[],"yst_prominent_words":[],"class_list":{"0":"post-31566","1":"product","2":"type-product","3":"status-publish","4":"has-post-thumbnail","6":"product_cat-gu10-spuldzes","8":"first","9":"instock","10":"taxable","11":"shipping-taxable","12":"purchasable","13":"product-type-simple"},"jetpack_sharing_enabled":true,"_links":{"self":[{"href":"https:\/\/ddt.lv\/lv\/wp-json\/wp\/v2\/product\/31566"}],"collection":[{"href":"https:\/\/ddt.lv\/lv\/wp-json\/wp\/v2\/product"}],"about":[{"href":"https:\/\/ddt.lv\/lv\/wp-json\/wp\/v2\/types\/product"}],"replies":[{"embeddable":true,"href":"https:\/\/ddt.lv\/lv\/wp-json\/wp\/v2\/comments?post=31566"}],"wp:featuredmedia":[{"embeddable":true,"href":"https:\/\/ddt.lv\/lv\/wp-json\/wp\/v2\/media\/31578"}],"wp:attachment":[{"href":"https:\/\/ddt.lv\/lv\/wp-json\/wp\/v2\/media?parent=31566"}],"wp:term":[{"taxonomy":"product_cat","embeddable":true,"href":"https:\/\/ddt.lv\/lv\/wp-json\/wp\/v2\/product_cat?post=31566"},{"taxonomy":"product_tag","embeddable":true,"href":"https:\/\/ddt.lv\/lv\/wp-json\/wp\/v2\/product_tag?post=31566"},{"taxonomy":"yst_prominent_words","embeddable":true,"href":"https:\/\/ddt.lv\/lv\/wp-json\/wp\/v2\/yst_prominent_words?post=31566"}],"curies":[{"name":"wp","href":"https:\/\/api.w.org\/{rel}","templated":true}]}}