{"id":31564,"date":"2022-01-05T15:20:21","date_gmt":"2022-01-05T13:20:21","guid":{"rendered":"https:\/\/ddt.lv\/lv\/product\/led-deco-ball-2700k-e27-1w-240v-spuldze-sylvania\/"},"modified":"2026-04-08T14:37:21","modified_gmt":"2026-04-08T11:37:21","slug":"led-deco-ball-2700k-e27-1w-240v-spuldze-sylvania","status":"publish","type":"product","link":"https:\/\/ddt.lv\/lv\/product\/led-deco-ball-2700k-e27-1w-240v-spuldze-sylvania\/","title":{"rendered":"LED Deco Ball 2700K E27 1W 240V spuldze Sylvania"},"content":{"rendered":"<p>\u2022 Kompakts dizains\u2022 Ide\u0101li piem\u0113rots sv\u0113tku un dekorat\u012bvajam apgaismojumam\u2022 T\u016bl\u012bt\u0113ja gaisma, nospie\u017eot sl\u0113dzi\u2022 (2700K), Piem\u0113rots kv\u0113lspuld\u017eu un halog\u0113na kr\u0101su lampu nomai\u0146ai\u2022 Vienm\u0113r\u012bgs gaismas sadal\u012bjums\u2022 Zem\u0101kas uztur\u0113\u0161anas izmaksas\u2022 15 000 stundu vid\u0113jais nomin\u0101lais kalpo\u0161anas laiks.<\/p>","protected":false},"excerpt":{"rendered":"<p>\u2022 Kompakts dizains\u2022 Ide\u0101li piem\u0113rots sv\u0113tku un dekorat\u012bvajam apgaismojumam\u2022 T\u016bl\u012bt\u0113ja gaisma, nospie\u017eot sl\u0113dzi\u2022 (2700K), Piem\u0113rots kv\u0113lspuld\u017eu un halog\u0113na kr\u0101su lampu nomai\u0146ai\u2022 Vienm\u0113r\u012bgs gaismas sadal\u012bjums\u2022 Zem\u0101kas uztur\u0113\u0161anas izmaksas\u2022 15 000 stundu vid\u0113jais nomin\u0101lais kalpo\u0161anas laiks.<\/p>\n","protected":false},"featured_media":31583,"comment_status":"closed","ping_status":"closed","template":"","meta":{"inline_featured_image":false},"product_cat":[875],"product_tag":[],"yst_prominent_words":[],"class_list":{"0":"post-31564","1":"product","2":"type-product","3":"status-publish","4":"has-post-thumbnail","6":"product_cat-dekorativas-led-spuldzes-dekorativas-spuldzes-spuldzes","8":"first","9":"outofstock","10":"taxable","11":"shipping-taxable","12":"purchasable","13":"product-type-simple"},"jetpack_sharing_enabled":true,"_links":{"self":[{"href":"https:\/\/ddt.lv\/lv\/wp-json\/wp\/v2\/product\/31564"}],"collection":[{"href":"https:\/\/ddt.lv\/lv\/wp-json\/wp\/v2\/product"}],"about":[{"href":"https:\/\/ddt.lv\/lv\/wp-json\/wp\/v2\/types\/product"}],"replies":[{"embeddable":true,"href":"https:\/\/ddt.lv\/lv\/wp-json\/wp\/v2\/comments?post=31564"}],"wp:featuredmedia":[{"embeddable":true,"href":"https:\/\/ddt.lv\/lv\/wp-json\/wp\/v2\/media\/31583"}],"wp:attachment":[{"href":"https:\/\/ddt.lv\/lv\/wp-json\/wp\/v2\/media?parent=31564"}],"wp:term":[{"taxonomy":"product_cat","embeddable":true,"href":"https:\/\/ddt.lv\/lv\/wp-json\/wp\/v2\/product_cat?post=31564"},{"taxonomy":"product_tag","embeddable":true,"href":"https:\/\/ddt.lv\/lv\/wp-json\/wp\/v2\/product_tag?post=31564"},{"taxonomy":"yst_prominent_words","embeddable":true,"href":"https:\/\/ddt.lv\/lv\/wp-json\/wp\/v2\/yst_prominent_words?post=31564"}],"curies":[{"name":"wp","href":"https:\/\/api.w.org\/{rel}","templated":true}]}}