{"id":31563,"date":"2022-01-05T15:20:21","date_gmt":"2022-01-05T13:20:21","guid":{"rendered":"https:\/\/ddt.lv\/lv\/product\/cf-de-13w-840-g24q-1-kompakta-spuldze-sylvania\/"},"modified":"2026-04-08T14:27:03","modified_gmt":"2026-04-08T11:27:03","slug":"cf-de-13w-840-g24q-1-kompakta-spuldze-sylvania","status":"publish","type":"product","link":"https:\/\/ddt.lv\/lv\/product\/cf-de-13w-840-g24q-1-kompakta-spuldze-sylvania\/","title":{"rendered":"CF-DE 13W\/840 G24q-1 kompakt\u0101 spuldze Sylvania"},"content":{"rendered":"<p>Kompakta dienasgaismas spuldze.<br \/>\nJauda 13 W.<br \/>\nGai\u0161a kr\u0101sa v\u0113si balta (840\/845).<br \/>\nL\u016bmeni 900 lm.<br \/>\nKr\u0101su temperat\u016bra 4000 K.<br \/>\nDiametrs 15 mm.<br \/>\nApdare Mat\u0113ta.<br \/>\nGarums 131 mm.<br \/>\nRa\u017eot\u0101ju vid\u0113jais lampas kalpo\u0161anas laiks 10000 st.<br \/>\nSpriegums 220-240 volti.<br \/>\nCRI reitings &gt; 80.<br \/>\nb\u0101ze G24Q-1.<\/p>","protected":false},"excerpt":{"rendered":"<p>Kompakta dienasgaismas spuldze. Jauda 13 W. Gai\u0161a kr\u0101sa v\u0113si balta (840\/845). L\u016bmeni 900 lm. Kr\u0101su temperat\u016bra 4000 K. Diametrs 15 mm. Apdare Mat\u0113ta. Garums 131 mm. Ra\u017eot\u0101ju vid\u0113jais lampas kalpo\u0161anas laiks 10000 st. Spriegums 220-240 volti. CRI reitings &gt; 80. b\u0101ze G24Q-1.<\/p>\n","protected":false},"featured_media":31586,"comment_status":"closed","ping_status":"closed","template":"","meta":{"inline_featured_image":false},"product_cat":[772,865],"product_tag":[],"yst_prominent_words":[],"class_list":{"0":"post-31563","1":"product","2":"type-product","3":"status-publish","4":"has-post-thumbnail","6":"product_cat-atlaides","7":"product_cat-g24-spuldzes-cf-kompaktas-spuldzes-luminiscentas-spuldzes-spuldzes","9":"first","10":"instock","11":"sale","12":"taxable","13":"shipping-taxable","14":"purchasable","15":"product-type-simple"},"jetpack_sharing_enabled":true,"_links":{"self":[{"href":"https:\/\/ddt.lv\/lv\/wp-json\/wp\/v2\/product\/31563"}],"collection":[{"href":"https:\/\/ddt.lv\/lv\/wp-json\/wp\/v2\/product"}],"about":[{"href":"https:\/\/ddt.lv\/lv\/wp-json\/wp\/v2\/types\/product"}],"replies":[{"embeddable":true,"href":"https:\/\/ddt.lv\/lv\/wp-json\/wp\/v2\/comments?post=31563"}],"wp:featuredmedia":[{"embeddable":true,"href":"https:\/\/ddt.lv\/lv\/wp-json\/wp\/v2\/media\/31586"}],"wp:attachment":[{"href":"https:\/\/ddt.lv\/lv\/wp-json\/wp\/v2\/media?parent=31563"}],"wp:term":[{"taxonomy":"product_cat","embeddable":true,"href":"https:\/\/ddt.lv\/lv\/wp-json\/wp\/v2\/product_cat?post=31563"},{"taxonomy":"product_tag","embeddable":true,"href":"https:\/\/ddt.lv\/lv\/wp-json\/wp\/v2\/product_tag?post=31563"},{"taxonomy":"yst_prominent_words","embeddable":true,"href":"https:\/\/ddt.lv\/lv\/wp-json\/wp\/v2\/yst_prominent_words?post=31563"}],"curies":[{"name":"wp","href":"https:\/\/api.w.org\/{rel}","templated":true}]}}