{"id":31562,"date":"2022-01-05T15:20:20","date_gmt":"2022-01-05T13:20:20","guid":{"rendered":"https:\/\/ddt.lv\/lv\/product\/hi-spot-es50-50w-25-gu10-240v-zila-halogena-spuldze-sylvania\/"},"modified":"2026-04-08T14:26:36","modified_gmt":"2026-04-08T11:26:36","slug":"hi-spot-es50-50w-25-gu10-240v-zila-halogena-spuldze-sylvania","status":"publish","type":"product","link":"https:\/\/ddt.lv\/lv\/product\/hi-spot-es50-50w-25-gu10-240v-zila-halogena-spuldze-sylvania\/","title":{"rendered":"HI-SPOT ES50 50W 25&#8217; GU10 240V zila halogena spuldze Sylvania"},"content":{"rendered":"<p>Hi-Spot ES50 50W Blue 240V.<br \/>\nTehnolo\u0123ija Halog\u0113ns.<br \/>\nTipa Dichroic Reflektors.<br \/>\nV\u0101ci\u0146\u0161\/b\u0101ze GU10.<br \/>\nVisp\u0101r\u0113js pielietojums viesm\u012bl\u012bbas, dz\u012bvojamo un pat\u0113r\u0113t\u0101ju, mazumtirdzniec\u012bbas jom\u0101.<br \/>\nNomin\u0101l\u0101 gaismas intensit\u0101te (cd) 30.<br \/>\nJauda (W) 50.<br \/>\nT\u012bkla spriegums (V) 240V~.<br \/>\nVid\u0113jais kalpo\u0161anas laiks (nomin\u0101ls) (h) 2500.<\/p>","protected":false},"excerpt":{"rendered":"<p>Hi-Spot ES50 50W Blue 240V. Tehnolo\u0123ija Halog\u0113ns. Tipa Dichroic Reflektors. V\u0101ci\u0146\u0161\/b\u0101ze GU10. Visp\u0101r\u0113js pielietojums viesm\u012bl\u012bbas, dz\u012bvojamo un pat\u0113r\u0113t\u0101ju, mazumtirdzniec\u012bbas jom\u0101. Nomin\u0101l\u0101 gaismas intensit\u0101te (cd) 30. Jauda (W) 50. T\u012bkla spriegums (V) 240V~. Vid\u0113jais kalpo\u0161anas laiks (nomin\u0101ls) (h) 2500.<\/p>\n","protected":false},"featured_media":31589,"comment_status":"closed","ping_status":"closed","template":"","meta":{"inline_featured_image":false},"product_cat":[1128],"product_tag":[],"yst_prominent_words":[],"class_list":{"0":"post-31562","1":"product","2":"type-product","3":"status-publish","4":"has-post-thumbnail","6":"product_cat-krasainas-spuldzes","8":"first","9":"instock","10":"taxable","11":"shipping-taxable","12":"purchasable","13":"product-type-simple"},"jetpack_sharing_enabled":true,"_links":{"self":[{"href":"https:\/\/ddt.lv\/lv\/wp-json\/wp\/v2\/product\/31562"}],"collection":[{"href":"https:\/\/ddt.lv\/lv\/wp-json\/wp\/v2\/product"}],"about":[{"href":"https:\/\/ddt.lv\/lv\/wp-json\/wp\/v2\/types\/product"}],"replies":[{"embeddable":true,"href":"https:\/\/ddt.lv\/lv\/wp-json\/wp\/v2\/comments?post=31562"}],"wp:featuredmedia":[{"embeddable":true,"href":"https:\/\/ddt.lv\/lv\/wp-json\/wp\/v2\/media\/31589"}],"wp:attachment":[{"href":"https:\/\/ddt.lv\/lv\/wp-json\/wp\/v2\/media?parent=31562"}],"wp:term":[{"taxonomy":"product_cat","embeddable":true,"href":"https:\/\/ddt.lv\/lv\/wp-json\/wp\/v2\/product_cat?post=31562"},{"taxonomy":"product_tag","embeddable":true,"href":"https:\/\/ddt.lv\/lv\/wp-json\/wp\/v2\/product_tag?post=31562"},{"taxonomy":"yst_prominent_words","embeddable":true,"href":"https:\/\/ddt.lv\/lv\/wp-json\/wp\/v2\/yst_prominent_words?post=31562"}],"curies":[{"name":"wp","href":"https:\/\/api.w.org\/{rel}","templated":true}]}}