{"id":31561,"date":"2022-01-05T15:20:19","date_gmt":"2022-01-05T13:20:19","guid":{"rendered":"https:\/\/ddt.lv\/lv\/product\/led-gu10-4-5w-230lm-rgb-w-ir-talvadibas-pults-spuldze-avide\/"},"modified":"2026-04-13T09:56:40","modified_gmt":"2026-04-13T06:56:40","slug":"led-gu10-4-5w-230lm-rgb-w-ir-talvadibas-pults-spuldze-avide","status":"publish","type":"product","link":"https:\/\/ddt.lv\/lv\/product\/led-gu10-4-5w-230lm-rgb-w-ir-talvadibas-pults-spuldze-avide\/","title":{"rendered":"LED GU10 4.5W 230lm RGB+W+IR t\u0101lvad\u012bbas pults spuldze AVIDE"},"content":{"rendered":"<p>Ieejas spriegums 220-240 V.<br \/>\nDarba frekvence 50-60Hz.<br \/>\nPatrona GU10.<br \/>\nJauda 4.5 W.<br \/>\nSp\u012bd\u0113\u0161anas le\u0146\u0137is 240 \u00b0.<br \/>\nGaismas kr\u0101sa \tDaudzkr\u0101saina.<br \/>\nKr\u0101su temperat\u016bra RGB + W; 2700 K.<br \/>\nGaismas pl\u016bsma \t230 Lm.<br \/>\nMitrumiztur\u012bbas pak\u0101pe \tIP20.<br \/>\nKalpo\u0161anas ilgums stund\u0101s l\u012bdz: 25 000 stundas.<br \/>\nIesl\u0113g\u0161anas\/Izsl\u0113g\u0161anas cikls \t12 500x.<br \/>\nRa \u2265 80.<br \/>\nEnergoefektivit\u0101tes mar\u0137\u0113jums A+.<br \/>\nSpuldzes izm\u0113rs (mm) 50&#215;55 mm.<br \/>\nDimm\u0113jams J\u0101 .<br \/>\n<\/p>","protected":false},"excerpt":{"rendered":"<p>Ieejas spriegums 220-240 V. Darba frekvence 50-60Hz. Patrona GU10. Jauda 4.5 W. Sp\u012bd\u0113\u0161anas le\u0146\u0137is 240 \u00b0. Gaismas kr\u0101sa Daudzkr\u0101saina. Kr\u0101su temperat\u016bra RGB + W; 2700 K. Gaismas pl\u016bsma 230 Lm. Mitrumiztur\u012bbas pak\u0101pe IP20. Kalpo\u0161anas ilgums stund\u0101s l\u012bdz: 25 000 stundas. Iesl\u0113g\u0161anas\/Izsl\u0113g\u0161anas cikls 12 500x. Ra \u2265 80. Energoefektivit\u0101tes mar\u0137\u0113jums A+. Spuldzes izm\u0113rs (mm) 50&#215;55 mm. [&hellip;]<\/p>\n","protected":false},"featured_media":31591,"comment_status":"closed","ping_status":"closed","template":"","meta":{"inline_featured_image":false},"product_cat":[1299],"product_tag":[],"yst_prominent_words":[],"class_list":{"0":"post-31561","1":"product","2":"type-product","3":"status-publish","4":"has-post-thumbnail","6":"product_cat-viedas-spuldzes","8":"first","9":"instock","10":"taxable","11":"shipping-taxable","12":"purchasable","13":"product-type-simple"},"jetpack_sharing_enabled":true,"_links":{"self":[{"href":"https:\/\/ddt.lv\/lv\/wp-json\/wp\/v2\/product\/31561"}],"collection":[{"href":"https:\/\/ddt.lv\/lv\/wp-json\/wp\/v2\/product"}],"about":[{"href":"https:\/\/ddt.lv\/lv\/wp-json\/wp\/v2\/types\/product"}],"replies":[{"embeddable":true,"href":"https:\/\/ddt.lv\/lv\/wp-json\/wp\/v2\/comments?post=31561"}],"wp:featuredmedia":[{"embeddable":true,"href":"https:\/\/ddt.lv\/lv\/wp-json\/wp\/v2\/media\/31591"}],"wp:attachment":[{"href":"https:\/\/ddt.lv\/lv\/wp-json\/wp\/v2\/media?parent=31561"}],"wp:term":[{"taxonomy":"product_cat","embeddable":true,"href":"https:\/\/ddt.lv\/lv\/wp-json\/wp\/v2\/product_cat?post=31561"},{"taxonomy":"product_tag","embeddable":true,"href":"https:\/\/ddt.lv\/lv\/wp-json\/wp\/v2\/product_tag?post=31561"},{"taxonomy":"yst_prominent_words","embeddable":true,"href":"https:\/\/ddt.lv\/lv\/wp-json\/wp\/v2\/yst_prominent_words?post=31561"}],"curies":[{"name":"wp","href":"https:\/\/api.w.org\/{rel}","templated":true}]}}