{"id":31560,"date":"2022-01-05T15:20:19","date_gmt":"2022-01-05T13:20:19","guid":{"rendered":"https:\/\/ddt.lv\/lv\/product\/cf-de-18w-840-g24q-2-kompakta-spuldze-sylvania\/"},"modified":"2026-04-13T09:47:00","modified_gmt":"2026-04-13T06:47:00","slug":"cf-de-18w-840-g24q-2-kompakta-spuldze-sylvania","status":"publish","type":"product","link":"https:\/\/ddt.lv\/lv\/product\/cf-de-18w-840-g24q-2-kompakta-spuldze-sylvania\/","title":{"rendered":"CF-DE 18W\/840 G24q-2 kompakt\u0101 spuldze Sylvania"},"content":{"rendered":"<p>Kompakta dienasgaismas spuldze.<br \/>\nb\u0101ze G24q-2.<br \/>\nLampas apdare mat\u0113ta.<br \/>\nVisp\u0101r\u0113ja pielietojuma izgl\u012bt\u012bba, viesm\u012bl\u012bba, lo\u0123istika un r\u016bpniec\u012bba, muzeji un galerijas, biroji, mazumtirdzniec\u012bba,<br \/>\nGaismas pl\u016bsma (lm) 1215.<br \/>\nKr\u0101su temperat\u016bra (K) 4000.<br \/>\nCRI (Ra) 82.<br \/>\nJauda (W) 18.<br \/>\nProdukta spriegums (V) 220.<br \/>\nVid\u0113jais kalpo\u0161anas laiks (nomin\u0101ls) (h) 12 000.<\/p>","protected":false},"excerpt":{"rendered":"<p>Kompakta dienasgaismas spuldze. b\u0101ze G24q-2. Lampas apdare mat\u0113ta. Visp\u0101r\u0113ja pielietojuma izgl\u012bt\u012bba, viesm\u012bl\u012bba, lo\u0123istika un r\u016bpniec\u012bba, muzeji un galerijas, biroji, mazumtirdzniec\u012bba, Gaismas pl\u016bsma (lm) 1215. Kr\u0101su temperat\u016bra (K) 4000. CRI (Ra) 82. Jauda (W) 18. Produkta spriegums (V) 220. Vid\u0113jais kalpo\u0161anas laiks (nomin\u0101ls) (h) 12 000.<\/p>\n","protected":false},"featured_media":31596,"comment_status":"closed","ping_status":"closed","template":"","meta":{"inline_featured_image":false},"product_cat":[772,865],"product_tag":[],"yst_prominent_words":[],"class_list":{"0":"post-31560","1":"product","2":"type-product","3":"status-publish","4":"has-post-thumbnail","6":"product_cat-atlaides","7":"product_cat-g24-spuldzes-cf-kompaktas-spuldzes-luminiscentas-spuldzes-spuldzes","9":"first","10":"outofstock","11":"sale","12":"taxable","13":"shipping-taxable","14":"purchasable","15":"product-type-simple"},"jetpack_sharing_enabled":true,"_links":{"self":[{"href":"https:\/\/ddt.lv\/lv\/wp-json\/wp\/v2\/product\/31560"}],"collection":[{"href":"https:\/\/ddt.lv\/lv\/wp-json\/wp\/v2\/product"}],"about":[{"href":"https:\/\/ddt.lv\/lv\/wp-json\/wp\/v2\/types\/product"}],"replies":[{"embeddable":true,"href":"https:\/\/ddt.lv\/lv\/wp-json\/wp\/v2\/comments?post=31560"}],"wp:featuredmedia":[{"embeddable":true,"href":"https:\/\/ddt.lv\/lv\/wp-json\/wp\/v2\/media\/31596"}],"wp:attachment":[{"href":"https:\/\/ddt.lv\/lv\/wp-json\/wp\/v2\/media?parent=31560"}],"wp:term":[{"taxonomy":"product_cat","embeddable":true,"href":"https:\/\/ddt.lv\/lv\/wp-json\/wp\/v2\/product_cat?post=31560"},{"taxonomy":"product_tag","embeddable":true,"href":"https:\/\/ddt.lv\/lv\/wp-json\/wp\/v2\/product_tag?post=31560"},{"taxonomy":"yst_prominent_words","embeddable":true,"href":"https:\/\/ddt.lv\/lv\/wp-json\/wp\/v2\/yst_prominent_words?post=31560"}],"curies":[{"name":"wp","href":"https:\/\/api.w.org\/{rel}","templated":true}]}}