{"id":31558,"date":"2022-01-05T15:20:18","date_gmt":"2022-01-05T13:20:18","guid":{"rendered":"https:\/\/ddt.lv\/lv\/product\/lynx-s-7w-840-g23-kompakta-spuldze-sylvania\/"},"modified":"2026-04-08T14:26:52","modified_gmt":"2026-04-08T11:26:52","slug":"lynx-s-7w-840-g23-kompakta-spuldze-sylvania","status":"publish","type":"product","link":"https:\/\/ddt.lv\/lv\/product\/lynx-s-7w-840-g23-kompakta-spuldze-sylvania\/","title":{"rendered":"LYNX-S 7W\/840 G23 kompakt\u0101 spuldze Sylvania"},"content":{"rendered":"<p>Kompakta dienasgaismas spuldze.<br \/>\nTips Lynx S.<br \/>\nb\u0101ze G23.<br \/>\nLampas apdare mat\u0113ta\/p\u0101rkl\u0101ta.<br \/>\nGaismas pl\u016bsma (lm) 425.<br \/>\nKr\u0101su temperat\u016bra (K) 4000.<br \/>\nGaismas kr\u0101sa Cool White.<br \/>\nCRI (Ra) 80.<br \/>\nJauda (W) 7.<br \/>\nProdukta spriegums (V) 220.<br \/>\nVid\u0113jais kalpo\u0161anas laiks (nomin\u0101ls) (h) 12 000.<\/p>","protected":false},"excerpt":{"rendered":"<p>Kompakta dienasgaismas spuldze. Tips Lynx S. b\u0101ze G23. Lampas apdare mat\u0113ta\/p\u0101rkl\u0101ta. Gaismas pl\u016bsma (lm) 425. Kr\u0101su temperat\u016bra (K) 4000. Gaismas kr\u0101sa Cool White. CRI (Ra) 80. Jauda (W) 7. Produkta spriegums (V) 220. Vid\u0113jais kalpo\u0161anas laiks (nomin\u0101ls) (h) 12 000.<\/p>\n","protected":false},"featured_media":31599,"comment_status":"closed","ping_status":"closed","template":"","meta":{"inline_featured_image":false},"product_cat":[868],"product_tag":[],"yst_prominent_words":[],"class_list":{"0":"post-31558","1":"product","2":"type-product","3":"status-publish","4":"has-post-thumbnail","6":"product_cat-g23-spuldzes-cf-kompaktas-spuldzes-luminiscentas-spuldzes-spuldzes","8":"first","9":"outofstock","10":"taxable","11":"shipping-taxable","12":"purchasable","13":"product-type-simple"},"jetpack_sharing_enabled":true,"_links":{"self":[{"href":"https:\/\/ddt.lv\/lv\/wp-json\/wp\/v2\/product\/31558"}],"collection":[{"href":"https:\/\/ddt.lv\/lv\/wp-json\/wp\/v2\/product"}],"about":[{"href":"https:\/\/ddt.lv\/lv\/wp-json\/wp\/v2\/types\/product"}],"replies":[{"embeddable":true,"href":"https:\/\/ddt.lv\/lv\/wp-json\/wp\/v2\/comments?post=31558"}],"wp:featuredmedia":[{"embeddable":true,"href":"https:\/\/ddt.lv\/lv\/wp-json\/wp\/v2\/media\/31599"}],"wp:attachment":[{"href":"https:\/\/ddt.lv\/lv\/wp-json\/wp\/v2\/media?parent=31558"}],"wp:term":[{"taxonomy":"product_cat","embeddable":true,"href":"https:\/\/ddt.lv\/lv\/wp-json\/wp\/v2\/product_cat?post=31558"},{"taxonomy":"product_tag","embeddable":true,"href":"https:\/\/ddt.lv\/lv\/wp-json\/wp\/v2\/product_tag?post=31558"},{"taxonomy":"yst_prominent_words","embeddable":true,"href":"https:\/\/ddt.lv\/lv\/wp-json\/wp\/v2\/yst_prominent_words?post=31558"}],"curies":[{"name":"wp","href":"https:\/\/api.w.org\/{rel}","templated":true}]}}