{"id":31553,"date":"2022-01-05T15:20:15","date_gmt":"2022-01-05T13:20:15","guid":{"rendered":"https:\/\/ddt.lv\/lv\/product\/gro-lux-60w-r80-e27-reflektor-spuldze-sylvania\/"},"modified":"2026-04-13T09:46:00","modified_gmt":"2026-04-13T06:46:00","slug":"gro-lux-60w-r80-e27-reflektor-spuldze-sylvania","status":"publish","type":"product","link":"https:\/\/ddt.lv\/lv\/product\/gro-lux-60w-r80-e27-reflektor-spuldze-sylvania\/","title":{"rendered":"Gro-lux 75W R80 E27 reflektor spuldze Sylvania"},"content":{"rendered":"<p>Pielietoums:<br \/>\n\u25cf \u012apa\u0161s p\u0101rkl\u0101jums fotosint\u0113zes atbalstam.<br \/>\n\u25cf Apgaismot augus v\u0101j\u0101 dienasgaism\u0101 (ziemas d\u0101rzos).<\/p>\n<p><\/p>","protected":false},"excerpt":{"rendered":"<p>Pielietoums: \u25cf \u012apa\u0161s p\u0101rkl\u0101jums fotosint\u0113zes atbalstam. \u25cf Apgaismot augus v\u0101j\u0101 dienasgaism\u0101 (ziemas d\u0101rzos).<\/p>\n","protected":false},"featured_media":31604,"comment_status":"closed","ping_status":"closed","template":"","meta":{"inline_featured_image":false},"product_cat":[772,885],"product_tag":[],"yst_prominent_words":[],"class_list":{"0":"post-31553","1":"product","2":"type-product","3":"status-publish","4":"has-post-thumbnail","6":"product_cat-atlaides","7":"product_cat-grolux-augu-un-akvariju-spuldzes","9":"first","10":"outofstock","11":"sale","12":"taxable","13":"shipping-taxable","14":"purchasable","15":"product-type-simple"},"jetpack_sharing_enabled":true,"_links":{"self":[{"href":"https:\/\/ddt.lv\/lv\/wp-json\/wp\/v2\/product\/31553"}],"collection":[{"href":"https:\/\/ddt.lv\/lv\/wp-json\/wp\/v2\/product"}],"about":[{"href":"https:\/\/ddt.lv\/lv\/wp-json\/wp\/v2\/types\/product"}],"replies":[{"embeddable":true,"href":"https:\/\/ddt.lv\/lv\/wp-json\/wp\/v2\/comments?post=31553"}],"wp:featuredmedia":[{"embeddable":true,"href":"https:\/\/ddt.lv\/lv\/wp-json\/wp\/v2\/media\/31604"}],"wp:attachment":[{"href":"https:\/\/ddt.lv\/lv\/wp-json\/wp\/v2\/media?parent=31553"}],"wp:term":[{"taxonomy":"product_cat","embeddable":true,"href":"https:\/\/ddt.lv\/lv\/wp-json\/wp\/v2\/product_cat?post=31553"},{"taxonomy":"product_tag","embeddable":true,"href":"https:\/\/ddt.lv\/lv\/wp-json\/wp\/v2\/product_tag?post=31553"},{"taxonomy":"yst_prominent_words","embeddable":true,"href":"https:\/\/ddt.lv\/lv\/wp-json\/wp\/v2\/yst_prominent_words?post=31553"}],"curies":[{"name":"wp","href":"https:\/\/api.w.org\/{rel}","templated":true}]}}