{"id":31552,"date":"2022-01-05T15:10:19","date_gmt":"2022-01-05T13:10:19","guid":{"rendered":"https:\/\/ddt.lv\/lv\/product\/led-gls-a60-e27-14w-230v-1521lm-2700k-spuldze-emos\/"},"modified":"2026-04-08T14:32:17","modified_gmt":"2026-04-08T11:32:17","slug":"led-gls-a60-e27-14w-230v-1521lm-2700k-spuldze-emos","status":"publish","type":"product","link":"https:\/\/ddt.lv\/lv\/product\/led-gls-a60-e27-14w-230v-1521lm-2700k-spuldze-emos\/","title":{"rendered":"LED GLS A60 E27 14W 230V 1521lm 2700K spuldze EMOS"},"content":{"rendered":"<p>tehnolo\u0123ija: LED.<br \/>\nv\u0101ci\u0146\u0161 (spuldzes tur\u0113t\u0101js): E27.<br \/>\nspuldzes ekvivalents: 100W.<br \/>\ngaismas kr\u0101sa: silti balta.<br \/>\nener\u0123ijas pat\u0113ri\u0146\u0161: 14W.<br \/>\nspriegums: 230 V ~ \/ 50 Hz.<br \/>\ngaismas pl\u016bsma: 1521lm.<br \/>\nKr\u0101su temperat\u016bra: 2700K.<br \/>\ns\u0113rija: klasika.<br \/>\nforma: klasisks A60.<br \/>\nener\u0123ijas klase: A+.<br \/>\naptum\u0161ojams: n\u0113.<br \/>\napgaismojuma le\u0146\u0137is: 300 \u00b0.<br \/>\nkalpo\u0161anas laiks: 30 000 stundas.<br \/>\niesl\u0113g\u0161anas\/izsl\u0113g\u0161anas ciklu skaits: 25 000 x.<br \/>\njaudas koeficients: 0,5.<br \/>\naizdeg\u0161an\u0101s laiks: 0,1s.<br \/>\nKr\u0101su atveido\u0161anas indekss (CRI): Ra&gt; 80.<\/p>","protected":false},"excerpt":{"rendered":"<p>tehnolo\u0123ija: LED. v\u0101ci\u0146\u0161 (spuldzes tur\u0113t\u0101js): E27. spuldzes ekvivalents: 100W. gaismas kr\u0101sa: silti balta. ener\u0123ijas pat\u0113ri\u0146\u0161: 14W. spriegums: 230 V ~ \/ 50 Hz. gaismas pl\u016bsma: 1521lm. Kr\u0101su temperat\u016bra: 2700K. s\u0113rija: klasika. forma: klasisks A60. ener\u0123ijas klase: A+. aptum\u0161ojams: n\u0113. apgaismojuma le\u0146\u0137is: 300 \u00b0. kalpo\u0161anas laiks: 30 000 stundas. iesl\u0113g\u0161anas\/izsl\u0113g\u0161anas ciklu skaits: 25 000 x. jaudas [&hellip;]<\/p>\n","protected":false},"featured_media":31607,"comment_status":"closed","ping_status":"closed","template":"","meta":{"inline_featured_image":false},"product_cat":[850],"product_tag":[],"yst_prominent_words":[],"class_list":{"0":"post-31552","1":"product","2":"type-product","3":"status-publish","4":"has-post-thumbnail","6":"product_cat-e27-spuldzes","8":"first","9":"instock","10":"taxable","11":"shipping-taxable","12":"purchasable","13":"product-type-simple"},"jetpack_sharing_enabled":true,"_links":{"self":[{"href":"https:\/\/ddt.lv\/lv\/wp-json\/wp\/v2\/product\/31552"}],"collection":[{"href":"https:\/\/ddt.lv\/lv\/wp-json\/wp\/v2\/product"}],"about":[{"href":"https:\/\/ddt.lv\/lv\/wp-json\/wp\/v2\/types\/product"}],"replies":[{"embeddable":true,"href":"https:\/\/ddt.lv\/lv\/wp-json\/wp\/v2\/comments?post=31552"}],"wp:featuredmedia":[{"embeddable":true,"href":"https:\/\/ddt.lv\/lv\/wp-json\/wp\/v2\/media\/31607"}],"wp:attachment":[{"href":"https:\/\/ddt.lv\/lv\/wp-json\/wp\/v2\/media?parent=31552"}],"wp:term":[{"taxonomy":"product_cat","embeddable":true,"href":"https:\/\/ddt.lv\/lv\/wp-json\/wp\/v2\/product_cat?post=31552"},{"taxonomy":"product_tag","embeddable":true,"href":"https:\/\/ddt.lv\/lv\/wp-json\/wp\/v2\/product_tag?post=31552"},{"taxonomy":"yst_prominent_words","embeddable":true,"href":"https:\/\/ddt.lv\/lv\/wp-json\/wp\/v2\/yst_prominent_words?post=31552"}],"curies":[{"name":"wp","href":"https:\/\/api.w.org\/{rel}","templated":true}]}}