{"id":31548,"date":"2022-01-05T15:10:17","date_gmt":"2022-01-05T13:10:17","guid":{"rendered":"https:\/\/ddt.lv\/lv\/product\/led-gls-frosted-e27-8w-240v-770lm-2700k-dimmejama-spuldze-inesa\/"},"modified":"2026-04-13T09:51:36","modified_gmt":"2026-04-13T06:51:36","slug":"led-gls-frosted-e27-8w-240v-770lm-2700k-dimmejama-spuldze-inesa","status":"publish","type":"product","link":"https:\/\/ddt.lv\/lv\/product\/led-gls-frosted-e27-8w-240v-770lm-2700k-dimmejama-spuldze-inesa\/","title":{"rendered":"LED GLS Frosted E27 8W 240V 770lm 2700K dimmejama spuldze INESA"},"content":{"rendered":"<p>Nomin\u0101l\u0101 jauda 8W.<br \/>\nNomin\u0101lais spriegums 220-240V.<br \/>\nDarba frekvence 50-60 Hz.<br \/>\nNomin\u0101l\u0101 str\u0101va 70 mA.<br \/>\nL\u012bdzv\u0113rt\u012bgas kv\u0113lspuldzes jauda 58.<br \/>\nNomin\u0101l\u0101 gaismas pl\u016bsma 770lm<br \/>\nNomin\u0101lais staru k\u016b\u013ca le\u0146\u0137is (pusp\u012b\u0137a v\u0113rt\u012bba) 300\u00b0.<br \/>\nKorel\u0113t\u0101 kr\u0101su temperat\u016bra 2700K.<br \/>\nKr\u0101su temperat\u016bras apz\u012bm\u0113jums \u012bpa\u0161i silti balts.<br \/>\nKr\u0101su atveido\u0161anas indekss (Ra) 80 Ra<br \/>\nNomin\u0101lais kalpo\u0161anas laiks 30 000 h.<br \/>\nP\u0101rsl\u0113g\u0161anas ciklu skaits 100000.<br \/>\nLampas v\u0101ci\u0146\u0161 E27.<br \/>\nLampas apdare mat\u0113ta. Aptum\u0161ojama.<\/p>","protected":false},"excerpt":{"rendered":"<p>Nomin\u0101l\u0101 jauda 8W. Nomin\u0101lais spriegums 220-240V. Darba frekvence 50-60 Hz. Nomin\u0101l\u0101 str\u0101va 70 mA. L\u012bdzv\u0113rt\u012bgas kv\u0113lspuldzes jauda 58. Nomin\u0101l\u0101 gaismas pl\u016bsma 770lm Nomin\u0101lais staru k\u016b\u013ca le\u0146\u0137is (pusp\u012b\u0137a v\u0113rt\u012bba) 300\u00b0. Korel\u0113t\u0101 kr\u0101su temperat\u016bra 2700K. Kr\u0101su temperat\u016bras apz\u012bm\u0113jums \u012bpa\u0161i silti balts. Kr\u0101su atveido\u0161anas indekss (Ra) 80 Ra Nomin\u0101lais kalpo\u0161anas laiks 30 000 h. P\u0101rsl\u0113g\u0161anas ciklu skaits 100000. [&hellip;]<\/p>\n","protected":false},"featured_media":31613,"comment_status":"closed","ping_status":"closed","template":"","meta":{"inline_featured_image":false},"product_cat":[850],"product_tag":[],"yst_prominent_words":[],"class_list":{"0":"post-31548","1":"product","2":"type-product","3":"status-publish","4":"has-post-thumbnail","6":"product_cat-e27-spuldzes","8":"first","9":"instock","10":"taxable","11":"shipping-taxable","12":"purchasable","13":"product-type-simple"},"jetpack_sharing_enabled":true,"_links":{"self":[{"href":"https:\/\/ddt.lv\/lv\/wp-json\/wp\/v2\/product\/31548"}],"collection":[{"href":"https:\/\/ddt.lv\/lv\/wp-json\/wp\/v2\/product"}],"about":[{"href":"https:\/\/ddt.lv\/lv\/wp-json\/wp\/v2\/types\/product"}],"replies":[{"embeddable":true,"href":"https:\/\/ddt.lv\/lv\/wp-json\/wp\/v2\/comments?post=31548"}],"wp:featuredmedia":[{"embeddable":true,"href":"https:\/\/ddt.lv\/lv\/wp-json\/wp\/v2\/media\/31613"}],"wp:attachment":[{"href":"https:\/\/ddt.lv\/lv\/wp-json\/wp\/v2\/media?parent=31548"}],"wp:term":[{"taxonomy":"product_cat","embeddable":true,"href":"https:\/\/ddt.lv\/lv\/wp-json\/wp\/v2\/product_cat?post=31548"},{"taxonomy":"product_tag","embeddable":true,"href":"https:\/\/ddt.lv\/lv\/wp-json\/wp\/v2\/product_tag?post=31548"},{"taxonomy":"yst_prominent_words","embeddable":true,"href":"https:\/\/ddt.lv\/lv\/wp-json\/wp\/v2\/yst_prominent_words?post=31548"}],"curies":[{"name":"wp","href":"https:\/\/api.w.org\/{rel}","templated":true}]}}