{"id":31547,"date":"2022-01-05T15:10:17","date_gmt":"2022-01-05T13:10:17","guid":{"rendered":"https:\/\/ddt.lv\/lv\/product\/led-globe-g120-frosted-e27-9-5w-240v-806lm-827-spuldze-sylvania\/"},"modified":"2026-04-13T09:47:52","modified_gmt":"2026-04-13T06:47:52","slug":"led-globe-g120-frosted-e27-9-5w-240v-806lm-827-spuldze-sylvania","status":"publish","type":"product","link":"https:\/\/ddt.lv\/lv\/product\/led-globe-g120-frosted-e27-9-5w-240v-806lm-827-spuldze-sylvania\/","title":{"rendered":"LED GLOBE G120  Frosted E27 9.5W 240V 806lm 827 spuldze Sylvania"},"content":{"rendered":"<p>LED.<br \/>\nLampas forma Apa\u013ca\/globusa.<br \/>\nb\u0101ze E27.<br \/>\nLampas apdare mat\u0113ta\/p\u0101rkl\u0101ta.<br \/>\nVisp\u0101r\u0113js pielietojums viesm\u012bl\u012bbas, dz\u012bvojamo un pat\u0113r\u0113t\u0101ju jom\u0101.<br \/>\nGaismas pl\u016bsma (lm) 806.<br \/>\nKr\u0101su temperat\u016bra (K) 2700<br \/>\nGaismas kr\u0101sa Homelight.<br \/>\nCRI (Ra) 80.<br \/>\nJauda (W) 9,5.<br \/>\nVid\u0113jais kalpo\u0161anas laiks (nomin\u0101ls) (h) 15 000.<\/p>","protected":false},"excerpt":{"rendered":"<p>LED. Lampas forma Apa\u013ca\/globusa. b\u0101ze E27. Lampas apdare mat\u0113ta\/p\u0101rkl\u0101ta. Visp\u0101r\u0113js pielietojums viesm\u012bl\u012bbas, dz\u012bvojamo un pat\u0113r\u0113t\u0101ju jom\u0101. Gaismas pl\u016bsma (lm) 806. Kr\u0101su temperat\u016bra (K) 2700 Gaismas kr\u0101sa Homelight. CRI (Ra) 80. Jauda (W) 9,5. Vid\u0113jais kalpo\u0161anas laiks (nomin\u0101ls) (h) 15 000.<\/p>\n","protected":false},"featured_media":31614,"comment_status":"closed","ping_status":"closed","template":"","meta":{"inline_featured_image":false},"product_cat":[850],"product_tag":[],"yst_prominent_words":[],"class_list":{"0":"post-31547","1":"product","2":"type-product","3":"status-publish","4":"has-post-thumbnail","6":"product_cat-e27-spuldzes","8":"first","9":"instock","10":"taxable","11":"shipping-taxable","12":"purchasable","13":"product-type-simple"},"jetpack_sharing_enabled":true,"_links":{"self":[{"href":"https:\/\/ddt.lv\/lv\/wp-json\/wp\/v2\/product\/31547"}],"collection":[{"href":"https:\/\/ddt.lv\/lv\/wp-json\/wp\/v2\/product"}],"about":[{"href":"https:\/\/ddt.lv\/lv\/wp-json\/wp\/v2\/types\/product"}],"replies":[{"embeddable":true,"href":"https:\/\/ddt.lv\/lv\/wp-json\/wp\/v2\/comments?post=31547"}],"wp:featuredmedia":[{"embeddable":true,"href":"https:\/\/ddt.lv\/lv\/wp-json\/wp\/v2\/media\/31614"}],"wp:attachment":[{"href":"https:\/\/ddt.lv\/lv\/wp-json\/wp\/v2\/media?parent=31547"}],"wp:term":[{"taxonomy":"product_cat","embeddable":true,"href":"https:\/\/ddt.lv\/lv\/wp-json\/wp\/v2\/product_cat?post=31547"},{"taxonomy":"product_tag","embeddable":true,"href":"https:\/\/ddt.lv\/lv\/wp-json\/wp\/v2\/product_tag?post=31547"},{"taxonomy":"yst_prominent_words","embeddable":true,"href":"https:\/\/ddt.lv\/lv\/wp-json\/wp\/v2\/yst_prominent_words?post=31547"}],"curies":[{"name":"wp","href":"https:\/\/api.w.org\/{rel}","templated":true}]}}