{"id":31546,"date":"2022-01-05T15:10:16","date_gmt":"2022-01-05T13:10:16","guid":{"rendered":"https:\/\/ddt.lv\/lv\/product\/led-ball-e14-0-5w-240v-ip44-zala-spuldze-sylvania\/"},"modified":"2026-04-08T14:27:47","modified_gmt":"2026-04-08T11:27:47","slug":"led-ball-e14-0-5w-240v-ip44-zala-spuldze-sylvania","status":"publish","type":"product","link":"https:\/\/ddt.lv\/lv\/product\/led-ball-e14-0-5w-240v-ip44-zala-spuldze-sylvania\/","title":{"rendered":"LED BALL E14 0.5W 240V IP44 ZA\u013bA spuldze Sylvania"},"content":{"rendered":"<p>LED<br \/>\nLampas forma Apa\u013ca\/globusa.<br \/>\nV\u0101ci\u0146\u0161\/b\u0101ze E14.<br \/>\nVisp\u0101r\u0113js pielietojums viesm\u012bl\u012bbas, dz\u012bvojamo un pat\u0113r\u0113t\u0101ju jom\u0101.<br \/>\nJauda (W) 0,5.<br \/>\nVid\u0113jais kalpo\u0161anas laiks (nomin\u0101ls) (h) 25 000.<\/p>","protected":false},"excerpt":{"rendered":"<p>LED Lampas forma Apa\u013ca\/globusa. V\u0101ci\u0146\u0161\/b\u0101ze E14. Visp\u0101r\u0113js pielietojums viesm\u012bl\u012bbas, dz\u012bvojamo un pat\u0113r\u0113t\u0101ju jom\u0101. Jauda (W) 0,5. Vid\u0113jais kalpo\u0161anas laiks (nomin\u0101ls) (h) 25 000.<\/p>\n","protected":false},"featured_media":31615,"comment_status":"closed","ping_status":"closed","template":"","meta":{"inline_featured_image":false},"product_cat":[1332],"product_tag":[],"yst_prominent_words":[],"class_list":{"0":"post-31546","1":"product","2":"type-product","3":"status-publish","4":"has-post-thumbnail","6":"product_cat-krasainas-led-spuldzes","8":"first","9":"outofstock","10":"taxable","11":"shipping-taxable","12":"purchasable","13":"product-type-simple"},"jetpack_sharing_enabled":true,"_links":{"self":[{"href":"https:\/\/ddt.lv\/lv\/wp-json\/wp\/v2\/product\/31546"}],"collection":[{"href":"https:\/\/ddt.lv\/lv\/wp-json\/wp\/v2\/product"}],"about":[{"href":"https:\/\/ddt.lv\/lv\/wp-json\/wp\/v2\/types\/product"}],"replies":[{"embeddable":true,"href":"https:\/\/ddt.lv\/lv\/wp-json\/wp\/v2\/comments?post=31546"}],"wp:featuredmedia":[{"embeddable":true,"href":"https:\/\/ddt.lv\/lv\/wp-json\/wp\/v2\/media\/31615"}],"wp:attachment":[{"href":"https:\/\/ddt.lv\/lv\/wp-json\/wp\/v2\/media?parent=31546"}],"wp:term":[{"taxonomy":"product_cat","embeddable":true,"href":"https:\/\/ddt.lv\/lv\/wp-json\/wp\/v2\/product_cat?post=31546"},{"taxonomy":"product_tag","embeddable":true,"href":"https:\/\/ddt.lv\/lv\/wp-json\/wp\/v2\/product_tag?post=31546"},{"taxonomy":"yst_prominent_words","embeddable":true,"href":"https:\/\/ddt.lv\/lv\/wp-json\/wp\/v2\/yst_prominent_words?post=31546"}],"curies":[{"name":"wp","href":"https:\/\/api.w.org\/{rel}","templated":true}]}}