{"id":31521,"date":"2022-01-01T09:49:51","date_gmt":"2022-01-01T07:49:51","guid":{"rendered":"https:\/\/ddt.lv\/lv\/product\/svina-agm-gel-akumulatoru-inteligentais-ladetajs-6-12v-1-5a-9-18w\/"},"modified":"2026-04-13T10:01:25","modified_gmt":"2026-04-13T07:01:25","slug":"svina-agm-gel-akumulatoru-inteligentais-ladetajs-6-12v-1-5a-9-18w","status":"publish","type":"product","link":"https:\/\/ddt.lv\/lv\/product\/svina-agm-gel-akumulatoru-inteligentais-ladetajs-6-12v-1-5a-9-18w\/","title":{"rendered":"Svina\/AGM GEL akumulatoru inteli\u0123entais l\u0101d\u0113t\u0101js 6\/12V 1.5A 9\/18W 220-240V"},"content":{"rendered":"<p>Jauda: 9\/18W.<br \/>\nIzejas str\u0101va: 6V \/ 12V &#8211; 1,5A.<br \/>\nKr\u0101sa: melna.<br \/>\nIepakojuma saturs: L\u0101d\u0113t\u0101js (ar skav\u0101m), lieto\u0161anas instrukcija.<br \/>\nIeejas str\u0101va: 220-240V mai\u0146str\u0101va, 50 Hz.<br \/>\nP\u0101rslodzes aizsardz\u012bba: J\u0101.<br \/>\nApgriezt\u0101s polarit\u0101tes noteik\u0161ana: J\u0101.<br \/>\nAizsardz\u012bba pret \u012bssavienojumu: J\u0101.<\/p>\n<p><\/p>","protected":false},"excerpt":{"rendered":"<p>Jauda: 9\/18W. Izejas str\u0101va: 6V \/ 12V &#8211; 1,5A. Kr\u0101sa: melna. Iepakojuma saturs: L\u0101d\u0113t\u0101js (ar skav\u0101m), lieto\u0161anas instrukcija. Ieejas str\u0101va: 220-240V mai\u0146str\u0101va, 50 Hz. P\u0101rslodzes aizsardz\u012bba: J\u0101. Apgriezt\u0101s polarit\u0101tes noteik\u0161ana: J\u0101. Aizsardz\u012bba pret \u012bssavienojumu: J\u0101.<\/p>\n","protected":false},"featured_media":31538,"comment_status":"closed","ping_status":"closed","template":"","meta":{"inline_featured_image":false},"product_cat":[458],"product_tag":[],"yst_prominent_words":[],"class_list":{"0":"post-31521","1":"product","2":"type-product","3":"status-publish","4":"has-post-thumbnail","6":"product_cat-ladesanas-ierices-akumulatori","8":"first","9":"outofstock","10":"taxable","11":"shipping-taxable","12":"purchasable","13":"product-type-simple"},"jetpack_sharing_enabled":true,"_links":{"self":[{"href":"https:\/\/ddt.lv\/lv\/wp-json\/wp\/v2\/product\/31521"}],"collection":[{"href":"https:\/\/ddt.lv\/lv\/wp-json\/wp\/v2\/product"}],"about":[{"href":"https:\/\/ddt.lv\/lv\/wp-json\/wp\/v2\/types\/product"}],"replies":[{"embeddable":true,"href":"https:\/\/ddt.lv\/lv\/wp-json\/wp\/v2\/comments?post=31521"}],"wp:featuredmedia":[{"embeddable":true,"href":"https:\/\/ddt.lv\/lv\/wp-json\/wp\/v2\/media\/31538"}],"wp:attachment":[{"href":"https:\/\/ddt.lv\/lv\/wp-json\/wp\/v2\/media?parent=31521"}],"wp:term":[{"taxonomy":"product_cat","embeddable":true,"href":"https:\/\/ddt.lv\/lv\/wp-json\/wp\/v2\/product_cat?post=31521"},{"taxonomy":"product_tag","embeddable":true,"href":"https:\/\/ddt.lv\/lv\/wp-json\/wp\/v2\/product_tag?post=31521"},{"taxonomy":"yst_prominent_words","embeddable":true,"href":"https:\/\/ddt.lv\/lv\/wp-json\/wp\/v2\/yst_prominent_words?post=31521"}],"curies":[{"name":"wp","href":"https:\/\/api.w.org\/{rel}","templated":true}]}}