{"id":31479,"date":"2021-12-28T13:50:17","date_gmt":"2021-12-28T11:50:17","guid":{"rendered":"https:\/\/ddt.lv\/lv\/product\/svina-akumulatoru-ladetajs-2-6-12v-600ma-7-2a\/"},"modified":"2026-04-01T00:21:28","modified_gmt":"2026-03-31T21:21:28","slug":"svina-akumulatoru-ladetajs-2-6-12v-600ma-7-2a","status":"publish","type":"product","link":"https:\/\/ddt.lv\/lv\/product\/svina-akumulatoru-ladetajs-2-6-12v-600ma-7-2a\/","title":{"rendered":"Svina akumulatoru l\u0101d\u0113t\u0101js 2\/6\/12V 600mA 7.2A 220-240V"},"content":{"rendered":"<p>    Jauda 7,2W.<br \/>\n    Izeja 12V-0,6A, 6V-0,6A, 2V-0,6A.<br \/>\n    Kr\u0101sa Melna.<br \/>\n    P\u0101rslodzes aizsardz\u012bba .<\/p>\n<p>    Komplekt\u0101 l\u0101d\u0113t\u0101js (ar skav\u0101m), lieto\u0161anas instrukcija.<br \/>\n    Ieeja 220-240V mai\u0146str\u0101va, 50 Hz, 100mA.<br \/>\n    Apgriezt\u0101s polarit\u0101tes noteik\u0161ana .<br \/>\n    Aizsardz\u012bba pret \u012bssavienojumiem .<br \/>\n<\/p>","protected":false},"excerpt":{"rendered":"<p>Jauda 7,2W. Izeja 12V-0,6A, 6V-0,6A, 2V-0,6A. Kr\u0101sa Melna. P\u0101rslodzes aizsardz\u012bba . Komplekt\u0101 l\u0101d\u0113t\u0101js (ar skav\u0101m), lieto\u0161anas instrukcija. Ieeja 220-240V mai\u0146str\u0101va, 50 Hz, 100mA. Apgriezt\u0101s polarit\u0101tes noteik\u0161ana . Aizsardz\u012bba pret \u012bssavienojumiem .<\/p>\n","protected":false},"featured_media":31486,"comment_status":"closed","ping_status":"closed","template":"","meta":{"inline_featured_image":false},"product_cat":[458],"product_tag":[],"yst_prominent_words":[],"class_list":{"0":"post-31479","1":"product","2":"type-product","3":"status-publish","4":"has-post-thumbnail","6":"product_cat-ladesanas-ierices-akumulatori","8":"first","9":"instock","10":"taxable","11":"shipping-taxable","12":"purchasable","13":"product-type-simple"},"jetpack_sharing_enabled":true,"_links":{"self":[{"href":"https:\/\/ddt.lv\/lv\/wp-json\/wp\/v2\/product\/31479"}],"collection":[{"href":"https:\/\/ddt.lv\/lv\/wp-json\/wp\/v2\/product"}],"about":[{"href":"https:\/\/ddt.lv\/lv\/wp-json\/wp\/v2\/types\/product"}],"replies":[{"embeddable":true,"href":"https:\/\/ddt.lv\/lv\/wp-json\/wp\/v2\/comments?post=31479"}],"wp:featuredmedia":[{"embeddable":true,"href":"https:\/\/ddt.lv\/lv\/wp-json\/wp\/v2\/media\/31486"}],"wp:attachment":[{"href":"https:\/\/ddt.lv\/lv\/wp-json\/wp\/v2\/media?parent=31479"}],"wp:term":[{"taxonomy":"product_cat","embeddable":true,"href":"https:\/\/ddt.lv\/lv\/wp-json\/wp\/v2\/product_cat?post=31479"},{"taxonomy":"product_tag","embeddable":true,"href":"https:\/\/ddt.lv\/lv\/wp-json\/wp\/v2\/product_tag?post=31479"},{"taxonomy":"yst_prominent_words","embeddable":true,"href":"https:\/\/ddt.lv\/lv\/wp-json\/wp\/v2\/yst_prominent_words?post=31479"}],"curies":[{"name":"wp","href":"https:\/\/api.w.org\/{rel}","templated":true}]}}