{"id":31478,"date":"2021-12-28T13:50:17","date_gmt":"2021-12-28T11:50:17","guid":{"rendered":"https:\/\/ddt.lv\/lv\/product\/auto-stravas-parveidotajs-dc24v-ac230-500w-1000w-usb-5v-1a\/"},"modified":"2026-04-08T14:41:15","modified_gmt":"2026-04-08T11:41:15","slug":"auto-stravas-parveidotajs-dc24v-ac230-500w-1000w-usb-5v-1a","status":"publish","type":"product","link":"https:\/\/ddt.lv\/lv\/product\/auto-stravas-parveidotajs-dc24v-ac230-500w-1000w-usb-5v-1a\/","title":{"rendered":"Auto str\u0101vas p\u0101rveidot\u0101js Invertors DC24V-AC230 500W\/1000W + USB 5V 1A Modific\u0113ta Sinoso\u012bda"},"content":{"rendered":"<p>Izeja: 1x t\u012bkla ligzda, 1x USB ports (5V \/ 1A-2.1A); Kr\u0101sa: melna; Aizsardz\u012bba pret p\u0101rkar\u0161anu: J\u0101; Preces kods: INV04;  P\u0101rsprieguma aizsardz\u012bba: J\u0101; Izm\u0113rs: 6,5cm x 10,9cm x 22,3cm; Svars: 892g; Indikators: LED; Ieejas spriegums: 24V DC; Izejas spriegums: 230V AC; Izejas frekvence: 50Hz; Izejas sprieguma forma: Modific\u0113ts sinusoid\u0101ls vilnis; Efektivit\u0101te: 90%; Komplekt\u0101: 1x cigare\u0161u piesm\u0113\u0137\u0113t\u0101ja piesl\u0113guma kabelis, 1x savienojuma kabelis akumulatora skavai, 2x dro\u0161in\u0101t\u0101js; Lietojam\u0101 jauda (nep\u0101rtraukta): 500W; Moment\u0101n\u0101 jauda (impuls\u012bv\u0101): 1000W; Cits: dzes\u0113\u0161ana ar turbo dzes\u0113\u0161anas ventilatoru;<\/p>","protected":false},"excerpt":{"rendered":"<p>Izeja: 1x t\u012bkla ligzda, 1x USB ports (5V \/ 1A-2.1A); Kr\u0101sa: melna; Aizsardz\u012bba pret p\u0101rkar\u0161anu: J\u0101; Preces kods: INV04; P\u0101rsprieguma aizsardz\u012bba: J\u0101; Izm\u0113rs: 6,5cm x 10,9cm x 22,3cm; Svars: 892g; Indikators: LED; Ieejas spriegums: 24V DC; Izejas spriegums: 230V AC; Izejas frekvence: 50Hz; Izejas sprieguma forma: Modific\u0113ts sinusoid\u0101ls vilnis; Efektivit\u0101te: 90%; Komplekt\u0101: 1x cigare\u0161u piesm\u0113\u0137\u0113t\u0101ja [&hellip;]<\/p>\n","protected":false},"featured_media":31533,"comment_status":"closed","ping_status":"closed","template":"","meta":{"inline_featured_image":false},"product_cat":[836],"product_tag":[],"yst_prominent_words":[],"class_list":{"0":"post-31478","1":"product","2":"type-product","3":"status-publish","4":"has-post-thumbnail","6":"product_cat-12v-mobilo-telefonu-ladetaji","8":"first","9":"instock","10":"taxable","11":"shipping-taxable","12":"purchasable","13":"product-type-simple"},"jetpack_sharing_enabled":true,"_links":{"self":[{"href":"https:\/\/ddt.lv\/lv\/wp-json\/wp\/v2\/product\/31478"}],"collection":[{"href":"https:\/\/ddt.lv\/lv\/wp-json\/wp\/v2\/product"}],"about":[{"href":"https:\/\/ddt.lv\/lv\/wp-json\/wp\/v2\/types\/product"}],"replies":[{"embeddable":true,"href":"https:\/\/ddt.lv\/lv\/wp-json\/wp\/v2\/comments?post=31478"}],"wp:featuredmedia":[{"embeddable":true,"href":"https:\/\/ddt.lv\/lv\/wp-json\/wp\/v2\/media\/31533"}],"wp:attachment":[{"href":"https:\/\/ddt.lv\/lv\/wp-json\/wp\/v2\/media?parent=31478"}],"wp:term":[{"taxonomy":"product_cat","embeddable":true,"href":"https:\/\/ddt.lv\/lv\/wp-json\/wp\/v2\/product_cat?post=31478"},{"taxonomy":"product_tag","embeddable":true,"href":"https:\/\/ddt.lv\/lv\/wp-json\/wp\/v2\/product_tag?post=31478"},{"taxonomy":"yst_prominent_words","embeddable":true,"href":"https:\/\/ddt.lv\/lv\/wp-json\/wp\/v2\/yst_prominent_words?post=31478"}],"curies":[{"name":"wp","href":"https:\/\/api.w.org\/{rel}","templated":true}]}}