{"id":31477,"date":"2021-12-28T13:50:16","date_gmt":"2021-12-28T11:50:16","guid":{"rendered":"https:\/\/ddt.lv\/lv\/product\/auto-stravas-parveidotajs-dc24v-ac230-300w-600w-usb-5v-1a\/"},"modified":"2026-04-08T14:41:16","modified_gmt":"2026-04-08T11:41:16","slug":"auto-stravas-parveidotajs-dc24v-ac230-300w-600w-usb-5v-1a","status":"publish","type":"product","link":"https:\/\/ddt.lv\/lv\/product\/auto-stravas-parveidotajs-dc24v-ac230-300w-600w-usb-5v-1a\/","title":{"rendered":"Auto str\u0101vas p\u0101rveidot\u0101js Invertors DC24V-AC230 300W\/600W + USB 5V 1A T\u012bra Sinoso\u012bda"},"content":{"rendered":"<p>Izeja: 1x t\u012bkla ligzda; Kr\u0101sa: melna; Aizsardz\u012bba pret p\u0101rkar\u0161anu: J\u0101; Produkta kods: INV14;  P\u0101rsprieguma aizsardz\u012bba: J\u0101; ; Svars: 836g; Indikators: LED indikatori; Ieejas spriegums: 24V DC; Izejas spriegums: 230V AC; Izejas frekvence: 50Hz; Izejas sprieguma forma: pilns sinusoid\u0101ls vilnis; Efektivit\u0101te: 85%; Komplekt\u0101: 1x cigare\u0161u \u0161\u0137iltavas savienojuma kabelis; Lietojam\u0101 jauda (nep\u0101rtraukta): 300W; Moment\u0101n\u0101 jauda (impuls\u012bv\u0101): 600W; Cits: Dzes\u0113\u0161ana ar turbo dzes\u0113\u0161anas ventilatoru;<\/p>\n<p><\/p>","protected":false},"excerpt":{"rendered":"<p>Izeja: 1x t\u012bkla ligzda; Kr\u0101sa: melna; Aizsardz\u012bba pret p\u0101rkar\u0161anu: J\u0101; Produkta kods: INV14; P\u0101rsprieguma aizsardz\u012bba: J\u0101; ; Svars: 836g; Indikators: LED indikatori; Ieejas spriegums: 24V DC; Izejas spriegums: 230V AC; Izejas frekvence: 50Hz; Izejas sprieguma forma: pilns sinusoid\u0101ls vilnis; Efektivit\u0101te: 85%; Komplekt\u0101: 1x cigare\u0161u \u0161\u0137iltavas savienojuma kabelis; Lietojam\u0101 jauda (nep\u0101rtraukta): 300W; Moment\u0101n\u0101 jauda (impuls\u012bv\u0101): 600W; [&hellip;]<\/p>\n","protected":false},"featured_media":31531,"comment_status":"closed","ping_status":"closed","template":"","meta":{"inline_featured_image":false},"product_cat":[836],"product_tag":[],"yst_prominent_words":[],"class_list":{"0":"post-31477","1":"product","2":"type-product","3":"status-publish","4":"has-post-thumbnail","6":"product_cat-12v-mobilo-telefonu-ladetaji","8":"first","9":"outofstock","10":"taxable","11":"shipping-taxable","12":"purchasable","13":"product-type-simple"},"jetpack_sharing_enabled":true,"_links":{"self":[{"href":"https:\/\/ddt.lv\/lv\/wp-json\/wp\/v2\/product\/31477"}],"collection":[{"href":"https:\/\/ddt.lv\/lv\/wp-json\/wp\/v2\/product"}],"about":[{"href":"https:\/\/ddt.lv\/lv\/wp-json\/wp\/v2\/types\/product"}],"replies":[{"embeddable":true,"href":"https:\/\/ddt.lv\/lv\/wp-json\/wp\/v2\/comments?post=31477"}],"wp:featuredmedia":[{"embeddable":true,"href":"https:\/\/ddt.lv\/lv\/wp-json\/wp\/v2\/media\/31531"}],"wp:attachment":[{"href":"https:\/\/ddt.lv\/lv\/wp-json\/wp\/v2\/media?parent=31477"}],"wp:term":[{"taxonomy":"product_cat","embeddable":true,"href":"https:\/\/ddt.lv\/lv\/wp-json\/wp\/v2\/product_cat?post=31477"},{"taxonomy":"product_tag","embeddable":true,"href":"https:\/\/ddt.lv\/lv\/wp-json\/wp\/v2\/product_tag?post=31477"},{"taxonomy":"yst_prominent_words","embeddable":true,"href":"https:\/\/ddt.lv\/lv\/wp-json\/wp\/v2\/yst_prominent_words?post=31477"}],"curies":[{"name":"wp","href":"https:\/\/api.w.org\/{rel}","templated":true}]}}