{"id":31476,"date":"2021-12-28T13:50:16","date_gmt":"2021-12-28T11:50:16","guid":{"rendered":"https:\/\/ddt.lv\/lv\/product\/auto-stravas-parveidotajs-dc12v-ac230-500w-1000w-usb-5v-1a\/"},"modified":"2026-04-08T14:41:15","modified_gmt":"2026-04-08T11:41:15","slug":"auto-stravas-parveidotajs-dc12v-ac230-500w-1000w-usb-5v-1a","status":"publish","type":"product","link":"https:\/\/ddt.lv\/lv\/product\/auto-stravas-parveidotajs-dc12v-ac230-500w-1000w-usb-5v-1a\/","title":{"rendered":"Auto str\u0101vas p\u0101rveidot\u0101js Invertors DC12V-AC230 500W\/1000W + USB 5V 1A Modific\u0113ta Sinoso\u012bda"},"content":{"rendered":"<p>P\u0101rveidot\u0101ja spriegums 12V uz 230V, 500W\/1000W Modific\u0113ts sinusoid\u0101ls.<br \/>\nIeejas spriegums 12V.<br \/>\nIzejas sprieguma forma Modific\u0113ta.<br \/>\nPiep\u012bp\u0113t\u0101ja ligzda .<br \/>\nNep\u0101rtraukta jauda 500W.<br \/>\nImpulsu jauda 1000W.<br \/>\nDro\u0161in\u0101t\u0101ja v\u0113rt\u012bba [A] 30.<br \/>\nDro\u0161in\u0101t\u0101ju skaits 2.<br \/>\nTuk\u0161gaitas str\u0101vas pat\u0113ri\u0146\u0161  1A<br \/>\nIzm\u0113ri 6,5cm x 10,9cm x 22,3cm.<br \/>\nSvars 843g.<\/p>\n<p><\/p>","protected":false},"excerpt":{"rendered":"<p>P\u0101rveidot\u0101ja spriegums 12V uz 230V, 500W\/1000W Modific\u0113ts sinusoid\u0101ls. Ieejas spriegums 12V. Izejas sprieguma forma Modific\u0113ta. Piep\u012bp\u0113t\u0101ja ligzda . Nep\u0101rtraukta jauda 500W. Impulsu jauda 1000W. Dro\u0161in\u0101t\u0101ja v\u0113rt\u012bba [A] 30. Dro\u0161in\u0101t\u0101ju skaits 2. Tuk\u0161gaitas str\u0101vas pat\u0113ri\u0146\u0161 1A Izm\u0113ri 6,5cm x 10,9cm x 22,3cm. Svars 843g.<\/p>\n","protected":false},"featured_media":31499,"comment_status":"closed","ping_status":"closed","template":"","meta":{"inline_featured_image":false},"product_cat":[836],"product_tag":[],"yst_prominent_words":[],"class_list":{"0":"post-31476","1":"product","2":"type-product","3":"status-publish","4":"has-post-thumbnail","6":"product_cat-12v-mobilo-telefonu-ladetaji","8":"first","9":"outofstock","10":"taxable","11":"shipping-taxable","12":"purchasable","13":"product-type-simple"},"jetpack_sharing_enabled":true,"_links":{"self":[{"href":"https:\/\/ddt.lv\/lv\/wp-json\/wp\/v2\/product\/31476"}],"collection":[{"href":"https:\/\/ddt.lv\/lv\/wp-json\/wp\/v2\/product"}],"about":[{"href":"https:\/\/ddt.lv\/lv\/wp-json\/wp\/v2\/types\/product"}],"replies":[{"embeddable":true,"href":"https:\/\/ddt.lv\/lv\/wp-json\/wp\/v2\/comments?post=31476"}],"wp:featuredmedia":[{"embeddable":true,"href":"https:\/\/ddt.lv\/lv\/wp-json\/wp\/v2\/media\/31499"}],"wp:attachment":[{"href":"https:\/\/ddt.lv\/lv\/wp-json\/wp\/v2\/media?parent=31476"}],"wp:term":[{"taxonomy":"product_cat","embeddable":true,"href":"https:\/\/ddt.lv\/lv\/wp-json\/wp\/v2\/product_cat?post=31476"},{"taxonomy":"product_tag","embeddable":true,"href":"https:\/\/ddt.lv\/lv\/wp-json\/wp\/v2\/product_tag?post=31476"},{"taxonomy":"yst_prominent_words","embeddable":true,"href":"https:\/\/ddt.lv\/lv\/wp-json\/wp\/v2\/yst_prominent_words?post=31476"}],"curies":[{"name":"wp","href":"https:\/\/api.w.org\/{rel}","templated":true}]}}