{"id":31475,"date":"2021-12-28T13:50:15","date_gmt":"2021-12-28T11:50:15","guid":{"rendered":"https:\/\/ddt.lv\/lv\/product\/auto-stravas-parveidotajs-dc12v-ac230-300w-600w-usb-5v2-1a\/"},"modified":"2026-04-08T14:41:16","modified_gmt":"2026-04-08T11:41:16","slug":"auto-stravas-parveidotajs-dc12v-ac230-300w-600w-usb-5v2-1a","status":"publish","type":"product","link":"https:\/\/ddt.lv\/lv\/product\/auto-stravas-parveidotajs-dc12v-ac230-300w-600w-usb-5v2-1a\/","title":{"rendered":"Auto str\u0101vas p\u0101rveidot\u0101js Invertors DC12V-AC230 300W\/600W + USB 5V2.1A T\u012bra Sinoso\u012bda"},"content":{"rendered":"<p>Kr\u0101sa Melna.<br \/>\nProdukta kods INVGC05.<\/p>\n<p>Izejas spriegums 230V AC.<br \/>\nIzejas frekvence 50Hz.<br \/>\nIzejas sprieguma forma Pure sinusoid.<br \/>\nLietojam\u0101 jauda (nep\u0101rtraukta) 300W.<br \/>\nMoment\u0101n\u0101 jauda (impuls\u012bv\u0101) 600W.<\/p>\n<p><\/p>","protected":false},"excerpt":{"rendered":"<p>Kr\u0101sa Melna. Produkta kods INVGC05. Izejas spriegums 230V AC. Izejas frekvence 50Hz. Izejas sprieguma forma Pure sinusoid. Lietojam\u0101 jauda (nep\u0101rtraukta) 300W. Moment\u0101n\u0101 jauda (impuls\u012bv\u0101) 600W.<\/p>\n","protected":false},"featured_media":31503,"comment_status":"closed","ping_status":"closed","template":"","meta":{"inline_featured_image":false},"product_cat":[836],"product_tag":[],"yst_prominent_words":[],"class_list":{"0":"post-31475","1":"product","2":"type-product","3":"status-publish","4":"has-post-thumbnail","6":"product_cat-12v-mobilo-telefonu-ladetaji","8":"first","9":"instock","10":"taxable","11":"shipping-taxable","12":"purchasable","13":"product-type-simple"},"jetpack_sharing_enabled":true,"_links":{"self":[{"href":"https:\/\/ddt.lv\/lv\/wp-json\/wp\/v2\/product\/31475"}],"collection":[{"href":"https:\/\/ddt.lv\/lv\/wp-json\/wp\/v2\/product"}],"about":[{"href":"https:\/\/ddt.lv\/lv\/wp-json\/wp\/v2\/types\/product"}],"replies":[{"embeddable":true,"href":"https:\/\/ddt.lv\/lv\/wp-json\/wp\/v2\/comments?post=31475"}],"wp:featuredmedia":[{"embeddable":true,"href":"https:\/\/ddt.lv\/lv\/wp-json\/wp\/v2\/media\/31503"}],"wp:attachment":[{"href":"https:\/\/ddt.lv\/lv\/wp-json\/wp\/v2\/media?parent=31475"}],"wp:term":[{"taxonomy":"product_cat","embeddable":true,"href":"https:\/\/ddt.lv\/lv\/wp-json\/wp\/v2\/product_cat?post=31475"},{"taxonomy":"product_tag","embeddable":true,"href":"https:\/\/ddt.lv\/lv\/wp-json\/wp\/v2\/product_tag?post=31475"},{"taxonomy":"yst_prominent_words","embeddable":true,"href":"https:\/\/ddt.lv\/lv\/wp-json\/wp\/v2\/yst_prominent_words?post=31475"}],"curies":[{"name":"wp","href":"https:\/\/api.w.org\/{rel}","templated":true}]}}