{"id":31414,"date":"2021-12-22T15:30:17","date_gmt":"2021-12-22T13:30:17","guid":{"rendered":"https:\/\/ddt.lv\/lv\/product\/sals-un-piparu-dzirnavinu-komplekts-vara-russell-hobbs\/"},"modified":"2026-04-06T11:01:30","modified_gmt":"2026-04-06T08:01:30","slug":"sals-un-piparu-dzirnavinu-komplekts-vara-russell-hobbs","status":"publish","type":"product","link":"https:\/\/ddt.lv\/lv\/product\/sals-un-piparu-dzirnavinu-komplekts-vara-russell-hobbs\/","title":{"rendered":"S\u0101ls un piparu dzirnavi\u0146u komplekts (vara) Russell Hobbs"},"content":{"rendered":"<p>S\u0101ls un piparu dzirnavi\u0146as Russel Hobbs ir darbin\u0101mas ar vienu pogu, keramisk\u0101 smalcin\u0101\u0161anas sist\u0113ma.<br \/>\n\u2022 Piln\u012bb\u0101 regul\u0113jamas smalkai vai raupjai mal\u0161anai.<br \/>\n\u2022 Komplekt\u0101 ietilpst lampi\u0146a pamatn\u0113, kas lieto\u0161anas laik\u0101 izgaismojas.<br \/>\n\u2022 Mat\u0113ts ner\u016bs\u0113jo\u0161\u0101 t\u0113rauda korpuss un pamatne.<br \/>\n\u2022 Smalcina s\u0101li, piparus, pat za\u013cumus un gar\u0161vielas.<br \/>\n\u2022 Darbojas ar 4 x AA baterij\u0101m (komplekt\u0101 neietilpst).<\/p>","protected":false},"excerpt":{"rendered":"<p>S\u0101ls un piparu dzirnavi\u0146as Russel Hobbs ir darbin\u0101mas ar vienu pogu, keramisk\u0101 smalcin\u0101\u0161anas sist\u0113ma. \u2022 Piln\u012bb\u0101 regul\u0113jamas smalkai vai raupjai mal\u0161anai. \u2022 Komplekt\u0101 ietilpst lampi\u0146a pamatn\u0113, kas lieto\u0161anas laik\u0101 izgaismojas. \u2022 Mat\u0113ts ner\u016bs\u0113jo\u0161\u0101 t\u0113rauda korpuss un pamatne. \u2022 Smalcina s\u0101li, piparus, pat za\u013cumus un gar\u0161vielas. \u2022 Darbojas ar 4 x AA baterij\u0101m (komplekt\u0101 neietilpst).<\/p>\n","protected":false},"featured_media":31415,"comment_status":"closed","ping_status":"closed","template":"","meta":{"inline_featured_image":false},"product_cat":[772,534],"product_tag":[],"yst_prominent_words":[],"class_list":{"0":"post-31414","1":"product","2":"type-product","3":"status-publish","4":"has-post-thumbnail","6":"product_cat-atlaides","7":"product_cat-dazadi","9":"first","10":"outofstock","11":"sale","12":"taxable","13":"shipping-taxable","14":"purchasable","15":"product-type-simple"},"jetpack_sharing_enabled":true,"_links":{"self":[{"href":"https:\/\/ddt.lv\/lv\/wp-json\/wp\/v2\/product\/31414"}],"collection":[{"href":"https:\/\/ddt.lv\/lv\/wp-json\/wp\/v2\/product"}],"about":[{"href":"https:\/\/ddt.lv\/lv\/wp-json\/wp\/v2\/types\/product"}],"replies":[{"embeddable":true,"href":"https:\/\/ddt.lv\/lv\/wp-json\/wp\/v2\/comments?post=31414"}],"wp:featuredmedia":[{"embeddable":true,"href":"https:\/\/ddt.lv\/lv\/wp-json\/wp\/v2\/media\/31415"}],"wp:attachment":[{"href":"https:\/\/ddt.lv\/lv\/wp-json\/wp\/v2\/media?parent=31414"}],"wp:term":[{"taxonomy":"product_cat","embeddable":true,"href":"https:\/\/ddt.lv\/lv\/wp-json\/wp\/v2\/product_cat?post=31414"},{"taxonomy":"product_tag","embeddable":true,"href":"https:\/\/ddt.lv\/lv\/wp-json\/wp\/v2\/product_tag?post=31414"},{"taxonomy":"yst_prominent_words","embeddable":true,"href":"https:\/\/ddt.lv\/lv\/wp-json\/wp\/v2\/yst_prominent_words?post=31414"}],"curies":[{"name":"wp","href":"https:\/\/api.w.org\/{rel}","templated":true}]}}