{"id":31412,"date":"2021-12-22T15:30:15","date_gmt":"2021-12-22T13:30:15","guid":{"rendered":"https:\/\/ddt.lv\/lv\/product\/mikseris-rokas-desire-russell-hobbs\/"},"modified":"2026-04-08T14:41:15","modified_gmt":"2026-04-08T11:41:15","slug":"mikseris-rokas-desire-russell-hobbs","status":"publish","type":"product","link":"https:\/\/ddt.lv\/lv\/product\/mikseris-rokas-desire-russell-hobbs\/","title":{"rendered":"Mikseris rokas Desire Russell Hobbs"},"content":{"rendered":"<p>Rokas mikseris Desire 24670-56. Vai mekl\u0113jat rokas mikseri, kas jums sniegs praktisku pal\u012bdz\u012bbu un \u013caus ietaup\u012bt laiku un ener\u0123iju? Tad Desire rokas mikseris ir ide\u0101ls pal\u012bgs j\u016bsu virtuv\u0113. Pateicoties tam, mais\u012b\u0161ana un bliet\u0113\u0161ana ir piln\u012bgi bez probl\u0113m\u0101m. Tas lieliski noder\u0113s, gatavojot gar\u0161\u012bgus \u0113dienus. Dzi\u013c\u0101, sarkan\u0101 kr\u0101sa pie\u0161\u0137irs j\u016bsu virtuvei akcentu.<br \/>\nB\u013coda &#8211; nav.<br \/>\ndimensijas dzi\u013cums &#8211; 210 mm.<br \/>\naugstums &#8211; 100 mm. platums &#8211; 170 mm.<br \/>\nsvars &#8211; 1100 g.<br \/>\nKr\u0101sa &#8211; sarkana.<br \/>\nJauda &#8211; 350 W.<br \/>\nRegul\u0113jams \u0101trums .<br \/>\nTurbo \/ impulsa re\u017e\u012bms.<br \/>\n\u0100trumu skaits &#8211; 5.<\/p>","protected":false},"excerpt":{"rendered":"<p>Rokas mikseris Desire 24670-56. Vai mekl\u0113jat rokas mikseri, kas jums sniegs praktisku pal\u012bdz\u012bbu un \u013caus ietaup\u012bt laiku un ener\u0123iju? Tad Desire rokas mikseris ir ide\u0101ls pal\u012bgs j\u016bsu virtuv\u0113. Pateicoties tam, mais\u012b\u0161ana un bliet\u0113\u0161ana ir piln\u012bgi bez probl\u0113m\u0101m. Tas lieliski noder\u0113s, gatavojot gar\u0161\u012bgus \u0113dienus. Dzi\u013c\u0101, sarkan\u0101 kr\u0101sa pie\u0161\u0137irs j\u016bsu virtuvei akcentu. B\u013coda &#8211; nav. dimensijas dzi\u013cums [&hellip;]<\/p>\n","protected":false},"featured_media":31426,"comment_status":"closed","ping_status":"closed","template":"","meta":{"inline_featured_image":false},"product_cat":[535],"product_tag":[],"yst_prominent_words":[],"class_list":{"0":"post-31412","1":"product","2":"type-product","3":"status-publish","4":"has-post-thumbnail","6":"product_cat-blenderimikserisulasspiedes","8":"first","9":"outofstock","10":"taxable","11":"shipping-taxable","12":"purchasable","13":"product-type-simple"},"jetpack_sharing_enabled":true,"_links":{"self":[{"href":"https:\/\/ddt.lv\/lv\/wp-json\/wp\/v2\/product\/31412"}],"collection":[{"href":"https:\/\/ddt.lv\/lv\/wp-json\/wp\/v2\/product"}],"about":[{"href":"https:\/\/ddt.lv\/lv\/wp-json\/wp\/v2\/types\/product"}],"replies":[{"embeddable":true,"href":"https:\/\/ddt.lv\/lv\/wp-json\/wp\/v2\/comments?post=31412"}],"wp:featuredmedia":[{"embeddable":true,"href":"https:\/\/ddt.lv\/lv\/wp-json\/wp\/v2\/media\/31426"}],"wp:attachment":[{"href":"https:\/\/ddt.lv\/lv\/wp-json\/wp\/v2\/media?parent=31412"}],"wp:term":[{"taxonomy":"product_cat","embeddable":true,"href":"https:\/\/ddt.lv\/lv\/wp-json\/wp\/v2\/product_cat?post=31412"},{"taxonomy":"product_tag","embeddable":true,"href":"https:\/\/ddt.lv\/lv\/wp-json\/wp\/v2\/product_tag?post=31412"},{"taxonomy":"yst_prominent_words","embeddable":true,"href":"https:\/\/ddt.lv\/lv\/wp-json\/wp\/v2\/yst_prominent_words?post=31412"}],"curies":[{"name":"wp","href":"https:\/\/api.w.org\/{rel}","templated":true}]}}