{"id":31411,"date":"2021-12-22T15:20:17","date_gmt":"2021-12-22T13:20:17","guid":{"rendered":"https:\/\/ddt.lv\/lv\/product\/31411\/"},"modified":"2026-04-08T14:37:19","modified_gmt":"2026-04-08T11:37:19","slug":"31411","status":"publish","type":"product","link":"https:\/\/ddt.lv\/lv\/product\/matu-fens-3-atrumi-balts-2000w-remington\/","title":{"rendered":"Matu f\u0113ns, 3 \u0101trumi, balts, 2000W REMINGTON"},"content":{"rendered":"<p>Vai mekl\u0113jat \u0101tru, jaud\u012bgu un vieglu f\u0113nu? Tad mums ir Remington D3080W matu \u017e\u0101v\u0113t\u0101js, kas ir ne tikai vienk\u0101r\u0161s un praktisks, bet ar\u012b iepriecina ar savu pievilc\u012bgo balto dizainu. Iek\u013cauts koncentrators vienm\u0113r\u012bgai siltuma sadalei. Aukstais vilnis nodro\u0161ina, ka j\u016bsu friz\u016bra ilgst visu dienu.Keramikas-jonu re\u017e\u0123is.<br \/>\n    \u0100tra \u017e\u0101v\u0113\u0161ana.<br \/>\n    3 temperat\u016bras \/ \u0101truma iestat\u012bjumi.<br \/>\n    Auksts gaiss.<br \/>\n    Koncentrators.<br \/>\n    No\u0146emams aizmugur\u0113jais re\u017e\u0123is \u0113rtai t\u012br\u012b\u0161anai.<br \/>\n    Cilpi\u0146a pak\u0101r\u0161anai.<br \/>\n    2000 W.<br \/>\n    645 g.<br \/>\n    1,8 m gar\u0161 kabelis.<br \/>\n    balta kr\u0101sa.<\/p>","protected":false},"excerpt":{"rendered":"<p>Vai mekl\u0113jat \u0101tru, jaud\u012bgu un vieglu f\u0113nu? Tad mums ir Remington D3080W matu \u017e\u0101v\u0113t\u0101js, kas ir ne tikai vienk\u0101r\u0161s un praktisks, bet ar\u012b iepriecina ar savu pievilc\u012bgo balto dizainu. Iek\u013cauts koncentrators vienm\u0113r\u012bgai siltuma sadalei. Aukstais vilnis nodro\u0161ina, ka j\u016bsu friz\u016bra ilgst visu dienu.Keramikas-jonu re\u017e\u0123is. \u0100tra \u017e\u0101v\u0113\u0161ana. 3 temperat\u016bras \/ \u0101truma iestat\u012bjumi. Auksts gaiss. Koncentrators. No\u0146emams [&hellip;]<\/p>\n","protected":false},"featured_media":31434,"comment_status":"closed","ping_status":"closed","template":"","meta":{"inline_featured_image":false},"product_cat":[548],"product_tag":[],"yst_prominent_words":[],"class_list":{"0":"post-31411","1":"product","2":"type-product","3":"status-publish","4":"has-post-thumbnail","6":"product_cat-feni","8":"first","9":"outofstock","10":"taxable","11":"shipping-taxable","12":"purchasable","13":"product-type-simple"},"jetpack_sharing_enabled":true,"_links":{"self":[{"href":"https:\/\/ddt.lv\/lv\/wp-json\/wp\/v2\/product\/31411"}],"collection":[{"href":"https:\/\/ddt.lv\/lv\/wp-json\/wp\/v2\/product"}],"about":[{"href":"https:\/\/ddt.lv\/lv\/wp-json\/wp\/v2\/types\/product"}],"replies":[{"embeddable":true,"href":"https:\/\/ddt.lv\/lv\/wp-json\/wp\/v2\/comments?post=31411"}],"wp:featuredmedia":[{"embeddable":true,"href":"https:\/\/ddt.lv\/lv\/wp-json\/wp\/v2\/media\/31434"}],"wp:attachment":[{"href":"https:\/\/ddt.lv\/lv\/wp-json\/wp\/v2\/media?parent=31411"}],"wp:term":[{"taxonomy":"product_cat","embeddable":true,"href":"https:\/\/ddt.lv\/lv\/wp-json\/wp\/v2\/product_cat?post=31411"},{"taxonomy":"product_tag","embeddable":true,"href":"https:\/\/ddt.lv\/lv\/wp-json\/wp\/v2\/product_tag?post=31411"},{"taxonomy":"yst_prominent_words","embeddable":true,"href":"https:\/\/ddt.lv\/lv\/wp-json\/wp\/v2\/yst_prominent_words?post=31411"}],"curies":[{"name":"wp","href":"https:\/\/api.w.org\/{rel}","templated":true}]}}