{"id":31409,"date":"2021-12-22T15:20:16","date_gmt":"2021-12-22T13:20:16","guid":{"rendered":"https:\/\/ddt.lv\/lv\/product\/gludeklis-lighteasy-2400w-24840-56-rh-tirkiza-russell-hobbs\/"},"modified":"2026-04-13T09:56:21","modified_gmt":"2026-04-13T06:56:21","slug":"gludeklis-lighteasy-2400w-24840-56-rh-tirkiza-russell-hobbs","status":"publish","type":"product","link":"https:\/\/ddt.lv\/lv\/product\/gludeklis-lighteasy-2400w-24840-56-rh-tirkiza-russell-hobbs\/","title":{"rendered":"Gludeklis Light&amp;Easy 2400W 24840-56\/RH tirk\u012bza Russell Hobbs"},"content":{"rendered":"<p>Vai Tu esi labsird\u012bga persona, kas vienm\u0113r zina, k\u0101 uzmundrin\u0101t savus m\u012b\u013cotos? Tu katr\u0101 gludin\u0101maj\u0101 ap\u0123\u0113rba gabali\u0146\u0101 iegludini nedaudz m\u012blest\u012bbas &#8211; gan b\u0113rnu skolas form\u0101, gan partnera d\u017einsos? Vai Tu reiz\u0113m nevari vien sagaid\u012bt to mieru, kas iest\u0101jas gludinot, kad beidzot vari pabaud\u012bt klusumu?<br \/>\nTad Tu noteikti esi apbr\u012bnojam\u0101 un iedvesmojo\u0161\u0101 Aqua. M\u0113s zin\u0101m, cik \u013coti Tu izbaudi klusumu, un v\u0113lamies Tavu gludin\u0101\u0161anas pieredzi padar\u012bt kaut mazliet harmonisk\u0101ku. Ar \u016bdenszilu korpusu un pamatni, Tevi vienm\u0113r atsl\u0101bin\u0101s nomierino\u0161i zilais tonis.<br \/>\nMain\u0101ma temperat\u016bra.<br \/>\nViegli regul\u0113 temperat\u016bras re\u017e\u012bmus atbilsto\u0161i katrai dr\u0113bei, lai dro\u0161i gludin\u0101tu visdelik\u0101t\u0101kos materi\u0101lus, vai palielini karstumu ciet\u0101kiem ap\u0123\u0113rbiem, piem\u0113ram, d\u017einsiem.<br \/>\nVertik\u0101lais tvaiks.<br \/>\nNet\u0113r\u0113 laiku, c\u012bnoties ar krunk\u0101m lielos auduma gabalos, piem\u0113ram, aizkaros. Vertik\u0101l\u0101 tvaika funkcija noz\u012bm\u0113 to, ka Tu tos vari izl\u012bdzin\u0101t turpat uz vietas, neno\u0146emot..<\/p>\n<p>Keramiska, apstr\u0101d\u0101ta kr\u0101saina pamatne.<\/p>\n<p>\u2022 Autom\u0101tisk\u0101 tvaika tehnolo\u0123ija.<br \/>\n\u2022 30g\/min nep\u0101rtraukts tvaiks.<br \/>\n\u2022 90g\/min tvaika \u0161\u0101vi\u0146\u0161.<br \/>\n\u2022 2m vads.<br \/>\n\u2022 Vertik\u0101lais tvaiks.<br \/>\n\u2022 Main\u0101mi temperat\u016bras re\u017e\u012bmi.<br \/>\n\u2022 \u016adens izsmidzin\u0101\u0161ana.<br \/>\n\u2022 Uzpild\u0101ma tvertne.<\/p>","protected":false},"excerpt":{"rendered":"<p>Vai Tu esi labsird\u012bga persona, kas vienm\u0113r zina, k\u0101 uzmundrin\u0101t savus m\u012b\u013cotos? Tu katr\u0101 gludin\u0101maj\u0101 ap\u0123\u0113rba gabali\u0146\u0101 iegludini nedaudz m\u012blest\u012bbas &#8211; gan b\u0113rnu skolas form\u0101, gan partnera d\u017einsos? Vai Tu reiz\u0113m nevari vien sagaid\u012bt to mieru, kas iest\u0101jas gludinot, kad beidzot vari pabaud\u012bt klusumu? Tad Tu noteikti esi apbr\u012bnojam\u0101 un iedvesmojo\u0161\u0101 Aqua. M\u0113s zin\u0101m, cik [&hellip;]<\/p>\n","protected":false},"featured_media":31438,"comment_status":"closed","ping_status":"closed","template":"","meta":{"inline_featured_image":false},"product_cat":[539],"product_tag":[],"yst_prominent_words":[],"class_list":{"0":"post-31409","1":"product","2":"type-product","3":"status-publish","4":"has-post-thumbnail","6":"product_cat-gludekli","8":"first","9":"outofstock","10":"taxable","11":"shipping-taxable","12":"purchasable","13":"product-type-simple"},"jetpack_sharing_enabled":true,"_links":{"self":[{"href":"https:\/\/ddt.lv\/lv\/wp-json\/wp\/v2\/product\/31409"}],"collection":[{"href":"https:\/\/ddt.lv\/lv\/wp-json\/wp\/v2\/product"}],"about":[{"href":"https:\/\/ddt.lv\/lv\/wp-json\/wp\/v2\/types\/product"}],"replies":[{"embeddable":true,"href":"https:\/\/ddt.lv\/lv\/wp-json\/wp\/v2\/comments?post=31409"}],"wp:featuredmedia":[{"embeddable":true,"href":"https:\/\/ddt.lv\/lv\/wp-json\/wp\/v2\/media\/31438"}],"wp:attachment":[{"href":"https:\/\/ddt.lv\/lv\/wp-json\/wp\/v2\/media?parent=31409"}],"wp:term":[{"taxonomy":"product_cat","embeddable":true,"href":"https:\/\/ddt.lv\/lv\/wp-json\/wp\/v2\/product_cat?post=31409"},{"taxonomy":"product_tag","embeddable":true,"href":"https:\/\/ddt.lv\/lv\/wp-json\/wp\/v2\/product_tag?post=31409"},{"taxonomy":"yst_prominent_words","embeddable":true,"href":"https:\/\/ddt.lv\/lv\/wp-json\/wp\/v2\/yst_prominent_words?post=31409"}],"curies":[{"name":"wp","href":"https:\/\/api.w.org\/{rel}","templated":true}]}}