{"id":31408,"date":"2021-12-22T15:20:16","date_gmt":"2021-12-22T13:20:16","guid":{"rendered":"https:\/\/ddt.lv\/lv\/product\/gludeklis-light-easy-pro-2600wh-russell-hobbs\/"},"modified":"2026-04-13T09:57:27","modified_gmt":"2026-04-13T06:57:27","slug":"gludeklis-light-easy-pro-2600wh-russell-hobbs","status":"publish","type":"product","link":"https:\/\/ddt.lv\/lv\/product\/gludeklis-light-easy-pro-2600w-russell-hobbs\/","title":{"rendered":"Gludeklis Light&amp; Easy pro 2600W Russell Hobbs lill\u0101"},"content":{"rendered":"<p>Tvaika gludeklis, viegls un viegls, autom\u0101tiski izveido perfektu siltuma un tvaika mais\u012bjumu izv\u0113l\u0113tajai temperat\u016brai. Keramikas zole ar tvaika caurumiem nodro\u0161ina optim\u0101lu tvaika sadali un lab\u0101k\u0101s sl\u012bd\u0113\u0161anas \u012bpa\u0161\u012bbas. Light &amp; Easy Pro tvaika gludeklis pied\u0101v\u0101 jaud\u012bgas produkta funkcijas ar 95 g\/min papildu tvaika pl\u016bsmu, 240 ml \u016bdens tvertni un 2600 vatiem.<\/p>\n<p><\/p>","protected":false},"excerpt":{"rendered":"<p>Tvaika gludeklis, viegls un viegls, autom\u0101tiski izveido perfektu siltuma un tvaika mais\u012bjumu izv\u0113l\u0113tajai temperat\u016brai. Keramikas zole ar tvaika caurumiem nodro\u0161ina optim\u0101lu tvaika sadali un lab\u0101k\u0101s sl\u012bd\u0113\u0161anas \u012bpa\u0161\u012bbas. Light &amp; Easy Pro tvaika gludeklis pied\u0101v\u0101 jaud\u012bgas produkta funkcijas ar 95 g\/min papildu tvaika pl\u016bsmu, 240 ml \u016bdens tvertni un 2600 vatiem.<\/p>\n","protected":false},"featured_media":31444,"comment_status":"closed","ping_status":"closed","template":"","meta":{"inline_featured_image":false},"product_cat":[539],"product_tag":[],"yst_prominent_words":[],"class_list":{"0":"post-31408","1":"product","2":"type-product","3":"status-publish","4":"has-post-thumbnail","6":"product_cat-gludekli","8":"first","9":"instock","10":"taxable","11":"shipping-taxable","12":"purchasable","13":"product-type-simple"},"jetpack_sharing_enabled":true,"_links":{"self":[{"href":"https:\/\/ddt.lv\/lv\/wp-json\/wp\/v2\/product\/31408"}],"collection":[{"href":"https:\/\/ddt.lv\/lv\/wp-json\/wp\/v2\/product"}],"about":[{"href":"https:\/\/ddt.lv\/lv\/wp-json\/wp\/v2\/types\/product"}],"replies":[{"embeddable":true,"href":"https:\/\/ddt.lv\/lv\/wp-json\/wp\/v2\/comments?post=31408"}],"wp:featuredmedia":[{"embeddable":true,"href":"https:\/\/ddt.lv\/lv\/wp-json\/wp\/v2\/media\/31444"}],"wp:attachment":[{"href":"https:\/\/ddt.lv\/lv\/wp-json\/wp\/v2\/media?parent=31408"}],"wp:term":[{"taxonomy":"product_cat","embeddable":true,"href":"https:\/\/ddt.lv\/lv\/wp-json\/wp\/v2\/product_cat?post=31408"},{"taxonomy":"product_tag","embeddable":true,"href":"https:\/\/ddt.lv\/lv\/wp-json\/wp\/v2\/product_tag?post=31408"},{"taxonomy":"yst_prominent_words","embeddable":true,"href":"https:\/\/ddt.lv\/lv\/wp-json\/wp\/v2\/yst_prominent_words?post=31408"}],"curies":[{"name":"wp","href":"https:\/\/api.w.org\/{rel}","templated":true}]}}