{"id":31396,"date":"2021-12-21T12:30:23","date_gmt":"2021-12-21T10:30:23","guid":{"rendered":"https:\/\/ddt.lv\/lv\/product\/aa-10-ultimate-l91-litija-baterija-energizer\/"},"modified":"2026-04-01T00:20:34","modified_gmt":"2026-03-31T21:20:34","slug":"aa-10-ultimate-l91-litija-baterija-energizer","status":"publish","type":"product","link":"https:\/\/ddt.lv\/lv\/product\/aa-10-ultimate-l91-litija-baterija-energizer\/","title":{"rendered":"AA\/10 Ultimate L91 Litija baterija Energizer 10.gab"},"content":{"rendered":"<p>AA.<br \/>\nJauda 3 Ah.<br \/>\nSpriegums 1,5 V.<br \/>\n\u0136\u012bmija Litijs.<br \/>\nIEC kods FR6.<br \/>\nDiametrs 14,5 mm.<br \/>\nAugstums 50,5 mm.<br \/>\nLitija baterija profesion\u0101liem lietojumiem. Ide\u0101li piem\u0113rota lielapjoma klientiem r\u016bpniec\u012bb\u0101, vald\u012bb\u0101, medic\u012bn\u0101, pas\u0101kumu tehnolo\u0123ij\u0101 un daudz ko citu. Ide\u0101li piem\u0113rota augsto tehnolo\u0123iju iek\u0101rt\u0101m ar augst\u0101m ener\u0123ijas pras\u012bb\u0101m. Lieliska veiktsp\u0113ja ekstrem\u0101l\u0101s temperat\u016br\u0101s.<\/p>\n<p><\/p>","protected":false},"excerpt":{"rendered":"<p>AA. Jauda 3 Ah. Spriegums 1,5 V. \u0136\u012bmija Litijs. IEC kods FR6. Diametrs 14,5 mm. Augstums 50,5 mm. Litija baterija profesion\u0101liem lietojumiem. Ide\u0101li piem\u0113rota lielapjoma klientiem r\u016bpniec\u012bb\u0101, vald\u012bb\u0101, medic\u012bn\u0101, pas\u0101kumu tehnolo\u0123ij\u0101 un daudz ko citu. Ide\u0101li piem\u0113rota augsto tehnolo\u0123iju iek\u0101rt\u0101m ar augst\u0101m ener\u0123ijas pras\u012bb\u0101m. Lieliska veiktsp\u0113ja ekstrem\u0101l\u0101s temperat\u016br\u0101s.<\/p>\n","protected":false},"featured_media":31397,"comment_status":"closed","ping_status":"closed","template":"","meta":{"inline_featured_image":false},"product_cat":[441],"product_tag":[],"yst_prominent_words":[],"class_list":{"0":"post-31396","1":"product","2":"type-product","3":"status-publish","4":"has-post-thumbnail","6":"product_cat-aa","8":"first","9":"outofstock","10":"taxable","11":"shipping-taxable","12":"purchasable","13":"product-type-simple"},"jetpack_sharing_enabled":true,"_links":{"self":[{"href":"https:\/\/ddt.lv\/lv\/wp-json\/wp\/v2\/product\/31396"}],"collection":[{"href":"https:\/\/ddt.lv\/lv\/wp-json\/wp\/v2\/product"}],"about":[{"href":"https:\/\/ddt.lv\/lv\/wp-json\/wp\/v2\/types\/product"}],"replies":[{"embeddable":true,"href":"https:\/\/ddt.lv\/lv\/wp-json\/wp\/v2\/comments?post=31396"}],"wp:featuredmedia":[{"embeddable":true,"href":"https:\/\/ddt.lv\/lv\/wp-json\/wp\/v2\/media\/31397"}],"wp:attachment":[{"href":"https:\/\/ddt.lv\/lv\/wp-json\/wp\/v2\/media?parent=31396"}],"wp:term":[{"taxonomy":"product_cat","embeddable":true,"href":"https:\/\/ddt.lv\/lv\/wp-json\/wp\/v2\/product_cat?post=31396"},{"taxonomy":"product_tag","embeddable":true,"href":"https:\/\/ddt.lv\/lv\/wp-json\/wp\/v2\/product_tag?post=31396"},{"taxonomy":"yst_prominent_words","embeddable":true,"href":"https:\/\/ddt.lv\/lv\/wp-json\/wp\/v2\/yst_prominent_words?post=31396"}],"curies":[{"name":"wp","href":"https:\/\/api.w.org\/{rel}","templated":true}]}}