{"id":31351,"date":"2021-12-16T13:50:15","date_gmt":"2021-12-16T11:50:15","guid":{"rendered":"https:\/\/ddt.lv\/lv\/product\/cr1225-litija-baterija-3v-varta\/"},"modified":"2026-04-13T09:47:31","modified_gmt":"2026-04-13T06:47:31","slug":"cr1225-litija-baterija-3v-varta","status":"publish","type":"product","link":"https:\/\/ddt.lv\/lv\/product\/cr1225-litija-baterija-3v-varta\/","title":{"rendered":"CR1225 Litija baterija 3V VARTA"},"content":{"rendered":"<p>CR1225.<br \/>\nTehnolo\u0123ija Lithium.<br \/>\nSpriegums 3 V.<br \/>\nJauda 48 mAh.<br \/>\nAugstums 2,5 mm.<br \/>\n(\u00d8) 12,5 mm.<br \/>\nSvars 0,9 g.<br \/>\nTemperat\u016bras diapazons -20 &#8211; +70 \u00b0C.<br \/>\nAlternat\u012bvie bateriju veidi BR1225, DL1225, ECR1225, KCR1225, KL1225, KECR1225, LM1225, 5020LC, L30.<\/p>","protected":false},"excerpt":{"rendered":"<p>CR1225. Tehnolo\u0123ija Lithium. Spriegums 3 V. Jauda 48 mAh. Augstums 2,5 mm. (\u00d8) 12,5 mm. Svars 0,9 g. Temperat\u016bras diapazons -20 &#8211; +70 \u00b0C. Alternat\u012bvie bateriju veidi BR1225, DL1225, ECR1225, KCR1225, KL1225, KECR1225, LM1225, 5020LC, L30.<\/p>\n","protected":false},"featured_media":33361,"comment_status":"closed","ping_status":"closed","template":"","meta":{"inline_featured_image":false},"product_cat":[772,450],"product_tag":[],"yst_prominent_words":[],"class_list":{"0":"post-31351","1":"product","2":"type-product","3":"status-publish","4":"has-post-thumbnail","6":"product_cat-atlaides","7":"product_cat-litija-tablesveida","9":"first","10":"instock","11":"sale","12":"taxable","13":"shipping-taxable","14":"purchasable","15":"product-type-simple"},"jetpack_sharing_enabled":true,"_links":{"self":[{"href":"https:\/\/ddt.lv\/lv\/wp-json\/wp\/v2\/product\/31351"}],"collection":[{"href":"https:\/\/ddt.lv\/lv\/wp-json\/wp\/v2\/product"}],"about":[{"href":"https:\/\/ddt.lv\/lv\/wp-json\/wp\/v2\/types\/product"}],"replies":[{"embeddable":true,"href":"https:\/\/ddt.lv\/lv\/wp-json\/wp\/v2\/comments?post=31351"}],"wp:featuredmedia":[{"embeddable":true,"href":"https:\/\/ddt.lv\/lv\/wp-json\/wp\/v2\/media\/33361"}],"wp:attachment":[{"href":"https:\/\/ddt.lv\/lv\/wp-json\/wp\/v2\/media?parent=31351"}],"wp:term":[{"taxonomy":"product_cat","embeddable":true,"href":"https:\/\/ddt.lv\/lv\/wp-json\/wp\/v2\/product_cat?post=31351"},{"taxonomy":"product_tag","embeddable":true,"href":"https:\/\/ddt.lv\/lv\/wp-json\/wp\/v2\/product_tag?post=31351"},{"taxonomy":"yst_prominent_words","embeddable":true,"href":"https:\/\/ddt.lv\/lv\/wp-json\/wp\/v2\/yst_prominent_words?post=31351"}],"curies":[{"name":"wp","href":"https:\/\/api.w.org\/{rel}","templated":true}]}}