{"id":31350,"date":"2021-12-16T13:50:14","date_gmt":"2021-12-16T11:50:14","guid":{"rendered":"https:\/\/ddt.lv\/lv\/product\/4106-10-aa-baterijas-energy-alkaline-10gab-varta\/"},"modified":"2026-04-01T00:16:11","modified_gmt":"2026-03-31T21:16:11","slug":"4106-10-aa-baterijas-energy-alkaline-10gab-varta","status":"publish","type":"product","link":"https:\/\/ddt.lv\/lv\/product\/4106-10-aa-baterijas-energy-alkaline-10gab-varta\/","title":{"rendered":"4106\/10 AA baterijas Energy Alkaline 10gab. VARTA"},"content":{"rendered":"<p>Varta Energy s\u0101rma baterija 10 gabalu ekonomiskaj\u0101 iepakojum\u0101. Zemu izmaksu &#8220;Energy&#8221; baterijas ir vislab\u0101k piem\u0113rotas ier\u012bc\u0113m, kur\u0101m nepiecie\u0161ama zema un past\u0101v\u012bga jauda, \u200b\u200bpiem\u0113ram, radioapar\u0101tiem un sienas pulkste\u0146iem, TV pult\u012bm. Uzglab\u0101\u0161anas laiks 10 gadi.<\/p>","protected":false},"excerpt":{"rendered":"<p>Varta Energy s\u0101rma baterija 10 gabalu ekonomiskaj\u0101 iepakojum\u0101. Zemu izmaksu &#8220;Energy&#8221; baterijas ir vislab\u0101k piem\u0113rotas ier\u012bc\u0113m, kur\u0101m nepiecie\u0161ama zema un past\u0101v\u012bga jauda, \u200b\u200bpiem\u0113ram, radioapar\u0101tiem un sienas pulkste\u0146iem, TV pult\u012bm. Uzglab\u0101\u0161anas laiks 10 gadi.<\/p>\n","protected":false},"featured_media":33103,"comment_status":"closed","ping_status":"closed","template":"","meta":{"inline_featured_image":false},"product_cat":[772,441],"product_tag":[],"yst_prominent_words":[],"class_list":{"0":"post-31350","1":"product","2":"type-product","3":"status-publish","4":"has-post-thumbnail","6":"product_cat-atlaides","7":"product_cat-aa","9":"first","10":"outofstock","11":"sale","12":"taxable","13":"shipping-taxable","14":"purchasable","15":"product-type-simple"},"jetpack_sharing_enabled":true,"_links":{"self":[{"href":"https:\/\/ddt.lv\/lv\/wp-json\/wp\/v2\/product\/31350"}],"collection":[{"href":"https:\/\/ddt.lv\/lv\/wp-json\/wp\/v2\/product"}],"about":[{"href":"https:\/\/ddt.lv\/lv\/wp-json\/wp\/v2\/types\/product"}],"replies":[{"embeddable":true,"href":"https:\/\/ddt.lv\/lv\/wp-json\/wp\/v2\/comments?post=31350"}],"wp:featuredmedia":[{"embeddable":true,"href":"https:\/\/ddt.lv\/lv\/wp-json\/wp\/v2\/media\/33103"}],"wp:attachment":[{"href":"https:\/\/ddt.lv\/lv\/wp-json\/wp\/v2\/media?parent=31350"}],"wp:term":[{"taxonomy":"product_cat","embeddable":true,"href":"https:\/\/ddt.lv\/lv\/wp-json\/wp\/v2\/product_cat?post=31350"},{"taxonomy":"product_tag","embeddable":true,"href":"https:\/\/ddt.lv\/lv\/wp-json\/wp\/v2\/product_tag?post=31350"},{"taxonomy":"yst_prominent_words","embeddable":true,"href":"https:\/\/ddt.lv\/lv\/wp-json\/wp\/v2\/yst_prominent_words?post=31350"}],"curies":[{"name":"wp","href":"https:\/\/api.w.org\/{rel}","templated":true}]}}