{"id":31349,"date":"2021-12-16T13:50:14","date_gmt":"2021-12-16T11:50:14","guid":{"rendered":"https:\/\/ddt.lv\/lv\/product\/ladejama-ierice-lithium-ion-2x18650-camelion\/"},"modified":"2026-04-08T14:37:51","modified_gmt":"2026-04-08T11:37:51","slug":"ladejama-ierice-lithium-ion-2x18650-camelion","status":"publish","type":"product","link":"https:\/\/ddt.lv\/lv\/product\/ladejama-ierice-lithium-ion-2x18650-camelion\/","title":{"rendered":"L\u0101d\u0113jam\u0101 ier\u012bce Lithium-ion 2&#215;18650 Camelion"},"content":{"rendered":"<p>Uzl\u0101d\u0113 1-2 18650 litija jonu elementus.<\/p>\n<p>Ieeja Micro USB 5V\/1A.<\/p>\n<p>LED indikators: Sarkans = uzl\u0101de, za\u013c\u0161 = pilna.<\/p>\n<p>2600mAh = 6,5h.<\/p>\n<p>2200mAh = 5,5h.<\/p>\n<p>Polarit\u0101tes aizsardz\u012bba.<\/p>\n<p>Aizsardz\u012bba pret p\u0101rl\u0101d\u0113\u0161anu.<\/p>","protected":false},"excerpt":{"rendered":"<p>Uzl\u0101d\u0113 1-2 18650 litija jonu elementus. Ieeja Micro USB 5V\/1A. LED indikators: Sarkans = uzl\u0101de, za\u013c\u0161 = pilna. 2600mAh = 6,5h. 2200mAh = 5,5h. Polarit\u0101tes aizsardz\u012bba. Aizsardz\u012bba pret p\u0101rl\u0101d\u0113\u0161anu.<\/p>\n","protected":false},"featured_media":31362,"comment_status":"closed","ping_status":"closed","template":"","meta":{"inline_featured_image":false},"product_cat":[453],"product_tag":[],"yst_prominent_words":[],"class_list":{"0":"post-31349","1":"product","2":"type-product","3":"status-publish","4":"has-post-thumbnail","6":"product_cat-ladesanas-ierices","8":"first","9":"instock","10":"taxable","11":"shipping-taxable","12":"purchasable","13":"product-type-simple"},"jetpack_sharing_enabled":true,"_links":{"self":[{"href":"https:\/\/ddt.lv\/lv\/wp-json\/wp\/v2\/product\/31349"}],"collection":[{"href":"https:\/\/ddt.lv\/lv\/wp-json\/wp\/v2\/product"}],"about":[{"href":"https:\/\/ddt.lv\/lv\/wp-json\/wp\/v2\/types\/product"}],"replies":[{"embeddable":true,"href":"https:\/\/ddt.lv\/lv\/wp-json\/wp\/v2\/comments?post=31349"}],"wp:featuredmedia":[{"embeddable":true,"href":"https:\/\/ddt.lv\/lv\/wp-json\/wp\/v2\/media\/31362"}],"wp:attachment":[{"href":"https:\/\/ddt.lv\/lv\/wp-json\/wp\/v2\/media?parent=31349"}],"wp:term":[{"taxonomy":"product_cat","embeddable":true,"href":"https:\/\/ddt.lv\/lv\/wp-json\/wp\/v2\/product_cat?post=31349"},{"taxonomy":"product_tag","embeddable":true,"href":"https:\/\/ddt.lv\/lv\/wp-json\/wp\/v2\/product_tag?post=31349"},{"taxonomy":"yst_prominent_words","embeddable":true,"href":"https:\/\/ddt.lv\/lv\/wp-json\/wp\/v2\/yst_prominent_words?post=31349"}],"curies":[{"name":"wp","href":"https:\/\/api.w.org\/{rel}","templated":true}]}}