{"id":31348,"date":"2021-12-16T13:40:17","date_gmt":"2021-12-16T11:40:17","guid":{"rendered":"https:\/\/ddt.lv\/lv\/product\/led-nakts-lampa-1w-30lm-ar-sledzi-un-magnetu-4xaaa-entac\/"},"modified":"2026-04-08T14:35:34","modified_gmt":"2026-04-08T11:35:34","slug":"led-nakts-lampa-1w-30lm-ar-sledzi-un-magnetu-4xaaa-entac","status":"publish","type":"product","link":"https:\/\/ddt.lv\/lv\/product\/led-nakts-lampa-1w-30lm-ar-sledzi-un-magnetu-4xaaa-entac\/","title":{"rendered":"LED nakts lampa 1W 30lm ar sl\u0113dzi un magn\u0113tu 4xAAA ENTAC"},"content":{"rendered":"<p>1 W.<br \/>\nIP aizsardz\u012bba IP20.<br \/>\nNodro\u0161iniet sev apgaismojumu vis\u0101s situ\u0101cij\u0101s ar Entac sienas sl\u0113d\u017eiem. Tas var b\u016bt noder\u012bgs pal\u012bgs str\u0101vas padeves p\u0101rtraukuma gad\u012bjum\u0101 vai vienk\u0101r\u0161i tad, kad galven\u0101 gaismas avota sl\u0113dzis telp\u0101 atrodas t\u0101lu. Pateicoties to magn\u0113tiem, t\u0101s var novietot uz jebkuras met\u0101la virsmas, piel\u012bm\u0113t ar pa\u0161l\u012bm\u0113jo\u0161o virsmu un p\u0113c vajadz\u012bbas izurbt. Lampas gaismu nodro\u0161ina 1 COB ar jaudu 1W un spilgtumu 30 l\u016bmeni, ar kuru varam apgaismot maksim\u0101li 5 metru att\u0101lum\u0101. Var darbin\u0101t ar 4 AAA baterij\u0101m. Darb\u012bbas laiks l\u012bdz 5 stund\u0101m.<\/p>","protected":false},"excerpt":{"rendered":"<p>1 W. IP aizsardz\u012bba IP20. Nodro\u0161iniet sev apgaismojumu vis\u0101s situ\u0101cij\u0101s ar Entac sienas sl\u0113d\u017eiem. Tas var b\u016bt noder\u012bgs pal\u012bgs str\u0101vas padeves p\u0101rtraukuma gad\u012bjum\u0101 vai vienk\u0101r\u0161i tad, kad galven\u0101 gaismas avota sl\u0113dzis telp\u0101 atrodas t\u0101lu. Pateicoties to magn\u0113tiem, t\u0101s var novietot uz jebkuras met\u0101la virsmas, piel\u012bm\u0113t ar pa\u0161l\u012bm\u0113jo\u0161o virsmu un p\u0113c vajadz\u012bbas izurbt. Lampas gaismu nodro\u0161ina [&hellip;]<\/p>\n","protected":false},"featured_media":31364,"comment_status":"closed","ping_status":"closed","template":"","meta":{"inline_featured_image":false},"product_cat":[1293],"product_tag":[],"yst_prominent_words":[],"class_list":{"0":"post-31348","1":"product","2":"type-product","3":"status-publish","4":"has-post-thumbnail","6":"product_cat-naktslampas","8":"first","9":"instock","10":"taxable","11":"shipping-taxable","12":"purchasable","13":"product-type-simple"},"jetpack_sharing_enabled":true,"_links":{"self":[{"href":"https:\/\/ddt.lv\/lv\/wp-json\/wp\/v2\/product\/31348"}],"collection":[{"href":"https:\/\/ddt.lv\/lv\/wp-json\/wp\/v2\/product"}],"about":[{"href":"https:\/\/ddt.lv\/lv\/wp-json\/wp\/v2\/types\/product"}],"replies":[{"embeddable":true,"href":"https:\/\/ddt.lv\/lv\/wp-json\/wp\/v2\/comments?post=31348"}],"wp:featuredmedia":[{"embeddable":true,"href":"https:\/\/ddt.lv\/lv\/wp-json\/wp\/v2\/media\/31364"}],"wp:attachment":[{"href":"https:\/\/ddt.lv\/lv\/wp-json\/wp\/v2\/media?parent=31348"}],"wp:term":[{"taxonomy":"product_cat","embeddable":true,"href":"https:\/\/ddt.lv\/lv\/wp-json\/wp\/v2\/product_cat?post=31348"},{"taxonomy":"product_tag","embeddable":true,"href":"https:\/\/ddt.lv\/lv\/wp-json\/wp\/v2\/product_tag?post=31348"},{"taxonomy":"yst_prominent_words","embeddable":true,"href":"https:\/\/ddt.lv\/lv\/wp-json\/wp\/v2\/yst_prominent_words?post=31348"}],"curies":[{"name":"wp","href":"https:\/\/api.w.org\/{rel}","templated":true}]}}