{"id":31347,"date":"2021-12-16T13:40:17","date_gmt":"2021-12-16T11:40:17","guid":{"rendered":"https:\/\/ddt.lv\/lv\/product\/viedtalruna-universals-turetajs-automasinam-sarkans-omega\/"},"modified":"2026-04-13T09:47:32","modified_gmt":"2026-04-13T06:47:32","slug":"viedtalruna-universals-turetajs-automasinam-sarkans-omega","status":"publish","type":"product","link":"https:\/\/ddt.lv\/lv\/product\/viedtalruna-universals-turetajs-automasinam-sarkans-omega\/","title":{"rendered":"Viedt\u0101lru\u0146a univers\u0101ls tur\u0113t\u0101js automa\u0161\u012bn\u0101m sarkans OMEGA"},"content":{"rendered":"<p><br \/>\n    Viedt\u0101lru\u0146a tur\u0113t\u0101js automa\u0161\u012bnai uz pies\u016bcek\u0146a.<br \/>\n    Var piestiprin\u0101t pie pane\u013ca vai v\u0113jstikla.<br \/>\n    Stingri turas, braucot pa bedrainiem ce\u013ciem.<br \/>\n    Piem\u0113rots ier\u012bc\u0113m ar l\u012bdz 5,3&#8243; lielu ekr\u0101nu.<br \/>\n    360\u00b0 groz\u0101ms.<\/p>\n<p><\/p>","protected":false},"excerpt":{"rendered":"<p>Viedt\u0101lru\u0146a tur\u0113t\u0101js automa\u0161\u012bnai uz pies\u016bcek\u0146a. Var piestiprin\u0101t pie pane\u013ca vai v\u0113jstikla. Stingri turas, braucot pa bedrainiem ce\u013ciem. Piem\u0113rots ier\u012bc\u0113m ar l\u012bdz 5,3&#8243; lielu ekr\u0101nu. 360\u00b0 groz\u0101ms.<\/p>\n","protected":false},"featured_media":31366,"comment_status":"closed","ping_status":"closed","template":"","meta":{"inline_featured_image":false},"product_cat":[772,762],"product_tag":[],"yst_prominent_words":[],"class_list":{"0":"post-31347","1":"product","2":"type-product","3":"status-publish","4":"has-post-thumbnail","6":"product_cat-atlaides","7":"product_cat-mobilo-telefonu-aksesuari","9":"first","10":"instock","11":"sale","12":"taxable","13":"shipping-taxable","14":"purchasable","15":"product-type-simple"},"jetpack_sharing_enabled":true,"_links":{"self":[{"href":"https:\/\/ddt.lv\/lv\/wp-json\/wp\/v2\/product\/31347"}],"collection":[{"href":"https:\/\/ddt.lv\/lv\/wp-json\/wp\/v2\/product"}],"about":[{"href":"https:\/\/ddt.lv\/lv\/wp-json\/wp\/v2\/types\/product"}],"replies":[{"embeddable":true,"href":"https:\/\/ddt.lv\/lv\/wp-json\/wp\/v2\/comments?post=31347"}],"wp:featuredmedia":[{"embeddable":true,"href":"https:\/\/ddt.lv\/lv\/wp-json\/wp\/v2\/media\/31366"}],"wp:attachment":[{"href":"https:\/\/ddt.lv\/lv\/wp-json\/wp\/v2\/media?parent=31347"}],"wp:term":[{"taxonomy":"product_cat","embeddable":true,"href":"https:\/\/ddt.lv\/lv\/wp-json\/wp\/v2\/product_cat?post=31347"},{"taxonomy":"product_tag","embeddable":true,"href":"https:\/\/ddt.lv\/lv\/wp-json\/wp\/v2\/product_tag?post=31347"},{"taxonomy":"yst_prominent_words","embeddable":true,"href":"https:\/\/ddt.lv\/lv\/wp-json\/wp\/v2\/yst_prominent_words?post=31347"}],"curies":[{"name":"wp","href":"https:\/\/api.w.org\/{rel}","templated":true}]}}