{"id":31346,"date":"2021-12-16T13:40:16","date_gmt":"2021-12-16T11:40:16","guid":{"rendered":"https:\/\/ddt.lv\/lv\/product\/plansetes-universals-stiprinajums-galvas-atbalstam-omega\/"},"modified":"2026-04-23T11:20:48","modified_gmt":"2026-04-23T08:20:48","slug":"plansetes-universals-stiprinajums-galvas-atbalstam-omega","status":"publish","type":"product","link":"https:\/\/ddt.lv\/lv\/product\/plansetes-universals-stiprinajums-galvas-atbalstam-omega\/","title":{"rendered":"Plan\u0161etes univers\u0101ls stiprin\u0101jums galvas atbalstam OMEGA"},"content":{"rendered":"<p>Dro\u0161s plan\u0161etdatora stiprin\u0101jums.<br \/>\n    Stiprin\u0101s pie galvas balsta.<br \/>\n    Piem\u0113rots 5&#8243; l\u012bdz 10&#8243; ier\u012bc\u0113m.<br \/>\n    Viegli un \u0101tri uzst\u0101d\u012bt.<br \/>\n    Tur plan\u0161etdatoru vertik\u0101li vai horizont\u0101li.<\/p>\n<p><\/p>","protected":false},"excerpt":{"rendered":"<p>Dro\u0161s plan\u0161etdatora stiprin\u0101jums. Stiprin\u0101s pie galvas balsta. Piem\u0113rots 5&#8243; l\u012bdz 10&#8243; ier\u012bc\u0113m. Viegli un \u0101tri uzst\u0101d\u012bt. Tur plan\u0161etdatoru vertik\u0101li vai horizont\u0101li.<\/p>\n","protected":false},"featured_media":31367,"comment_status":"closed","ping_status":"closed","template":"","meta":{"inline_featured_image":false},"product_cat":[772,762],"product_tag":[],"yst_prominent_words":[],"class_list":{"0":"post-31346","1":"product","2":"type-product","3":"status-publish","4":"has-post-thumbnail","6":"product_cat-atlaides","7":"product_cat-mobilo-telefonu-aksesuari","9":"first","10":"instock","11":"sale","12":"taxable","13":"shipping-taxable","14":"purchasable","15":"product-type-simple"},"jetpack_sharing_enabled":true,"_links":{"self":[{"href":"https:\/\/ddt.lv\/lv\/wp-json\/wp\/v2\/product\/31346"}],"collection":[{"href":"https:\/\/ddt.lv\/lv\/wp-json\/wp\/v2\/product"}],"about":[{"href":"https:\/\/ddt.lv\/lv\/wp-json\/wp\/v2\/types\/product"}],"replies":[{"embeddable":true,"href":"https:\/\/ddt.lv\/lv\/wp-json\/wp\/v2\/comments?post=31346"}],"wp:featuredmedia":[{"embeddable":true,"href":"https:\/\/ddt.lv\/lv\/wp-json\/wp\/v2\/media\/31367"}],"wp:attachment":[{"href":"https:\/\/ddt.lv\/lv\/wp-json\/wp\/v2\/media?parent=31346"}],"wp:term":[{"taxonomy":"product_cat","embeddable":true,"href":"https:\/\/ddt.lv\/lv\/wp-json\/wp\/v2\/product_cat?post=31346"},{"taxonomy":"product_tag","embeddable":true,"href":"https:\/\/ddt.lv\/lv\/wp-json\/wp\/v2\/product_tag?post=31346"},{"taxonomy":"yst_prominent_words","embeddable":true,"href":"https:\/\/ddt.lv\/lv\/wp-json\/wp\/v2\/yst_prominent_words?post=31346"}],"curies":[{"name":"wp","href":"https:\/\/api.w.org\/{rel}","templated":true}]}}