{"id":31270,"date":"2021-12-14T15:40:38","date_gmt":"2021-12-14T13:40:38","guid":{"rendered":"https:\/\/ddt.lv\/lv\/product\/pagarinatajs-1-5m-ar-zemejumu-3x1-0-balts-emos\/"},"modified":"2026-04-08T14:45:41","modified_gmt":"2026-04-08T11:45:41","slug":"pagarinatajs-1-5m-ar-zemejumu-3x1-0-balts-emos","status":"publish","type":"product","link":"https:\/\/ddt.lv\/lv\/product\/pagarinatajs-1-5m-ar-zemejumu-3x1-0-balts-emos\/","title":{"rendered":"Pagarin\u0101t\u0101js 1\/5m ar zem\u0113jumu 3&#215;1.0 balts EMOS"},"content":{"rendered":"<p>5 m.<br \/>\nligzdu skaits 1 \u00d7 2P + E SCHUKO.<br \/>\nspriegums \/ str\u0101va 250 V ~ \/ 10 A maks.<br \/>\nkr\u0101sa balta.<br \/>\nkabelis H05VV-F3G 1 mm\u00b2.<br \/>\nb\u0113rnu sl\u0113dzene j\u0101.<br \/>\nizol\u0101cijas tips PVC.<br \/>\nrozetes un kontaktdak\u0161as ir izgatavotas no plastmasas.<br \/>\n<\/p>","protected":false},"excerpt":{"rendered":"<p>5 m. ligzdu skaits 1 \u00d7 2P + E SCHUKO. spriegums \/ str\u0101va 250 V ~ \/ 10 A maks. kr\u0101sa balta. kabelis H05VV-F3G 1 mm\u00b2. b\u0113rnu sl\u0113dzene j\u0101. izol\u0101cijas tips PVC. rozetes un kontaktdak\u0161as ir izgatavotas no plastmasas.<\/p>\n","protected":false},"featured_media":31288,"comment_status":"closed","ping_status":"closed","template":"","meta":{"inline_featured_image":false},"product_cat":[746],"product_tag":[],"yst_prominent_words":[],"class_list":{"0":"post-31270","1":"product","2":"type-product","3":"status-publish","4":"has-post-thumbnail","6":"product_cat-pagarinataji-pagarinataji-un-sadalitaji","8":"first","9":"outofstock","10":"taxable","11":"shipping-taxable","12":"purchasable","13":"product-type-simple"},"jetpack_sharing_enabled":true,"_links":{"self":[{"href":"https:\/\/ddt.lv\/lv\/wp-json\/wp\/v2\/product\/31270"}],"collection":[{"href":"https:\/\/ddt.lv\/lv\/wp-json\/wp\/v2\/product"}],"about":[{"href":"https:\/\/ddt.lv\/lv\/wp-json\/wp\/v2\/types\/product"}],"replies":[{"embeddable":true,"href":"https:\/\/ddt.lv\/lv\/wp-json\/wp\/v2\/comments?post=31270"}],"wp:featuredmedia":[{"embeddable":true,"href":"https:\/\/ddt.lv\/lv\/wp-json\/wp\/v2\/media\/31288"}],"wp:attachment":[{"href":"https:\/\/ddt.lv\/lv\/wp-json\/wp\/v2\/media?parent=31270"}],"wp:term":[{"taxonomy":"product_cat","embeddable":true,"href":"https:\/\/ddt.lv\/lv\/wp-json\/wp\/v2\/product_cat?post=31270"},{"taxonomy":"product_tag","embeddable":true,"href":"https:\/\/ddt.lv\/lv\/wp-json\/wp\/v2\/product_tag?post=31270"},{"taxonomy":"yst_prominent_words","embeddable":true,"href":"https:\/\/ddt.lv\/lv\/wp-json\/wp\/v2\/yst_prominent_words?post=31270"}],"curies":[{"name":"wp","href":"https:\/\/api.w.org\/{rel}","templated":true}]}}