{"id":31267,"date":"2021-12-14T15:40:33","date_gmt":"2021-12-14T13:40:33","guid":{"rendered":"https:\/\/ddt.lv\/lv\/product\/led-ball-filament-e14-4w-240v-465lm-4100k-spuldze-emos\/"},"modified":"2026-04-08T14:41:10","modified_gmt":"2026-04-08T11:41:10","slug":"led-ball-filament-e14-4w-240v-465lm-4100k-spuldze-emos","status":"publish","type":"product","link":"https:\/\/ddt.lv\/lv\/product\/led-ball-filament-e14-4w-240v-465lm-4100k-spuldze-emos\/","title":{"rendered":"LED BALL FILAMENT E14 4W 240V 465lm 4100K spuldze EMOS"},"content":{"rendered":"<p>E14.<br \/>\ngaismas kr\u0101sa neitr\u0101la balta.<br \/>\n40 W spuldzes nomai\u0146a.<br \/>\nelektroener\u0123ijas pat\u0113ri\u0146\u0161 4 W.<br \/>\ngaismas pl\u016bsma \/ spilgtums 465 lm.<br \/>\n\/ s\u0113rija FILAMENT.<br \/>\nMini Globusa forma.<br \/>\nhromatisk\u0101 temperat\u016bra 4 000 K.<br \/>\nspriegums 230 V ~ \/ 50 Hz.<br \/>\n360\u00b0 stara le\u0146\u0137is.<br \/>\nkr\u0101su render\u0113\u0161anas indekss (CRI) 80.<br \/>\nener\u0123ijas klase (no 1.9.2021.) E.<br \/>\nkalpo\u0161anas laiks 25 000 stundas.<\/p>","protected":false},"excerpt":{"rendered":"<p>E14. gaismas kr\u0101sa neitr\u0101la balta. 40 W spuldzes nomai\u0146a. elektroener\u0123ijas pat\u0113ri\u0146\u0161 4 W. gaismas pl\u016bsma \/ spilgtums 465 lm. \/ s\u0113rija FILAMENT. Mini Globusa forma. hromatisk\u0101 temperat\u016bra 4 000 K. spriegums 230 V ~ \/ 50 Hz. 360\u00b0 stara le\u0146\u0137is. kr\u0101su render\u0113\u0161anas indekss (CRI) 80. ener\u0123ijas klase (no 1.9.2021.) E. kalpo\u0161anas laiks 25 000 stundas.<\/p>\n","protected":false},"featured_media":31292,"comment_status":"closed","ping_status":"closed","template":"","meta":{"inline_featured_image":false},"product_cat":[925],"product_tag":[],"yst_prominent_words":[],"class_list":{"0":"post-31267","1":"product","2":"type-product","3":"status-publish","4":"has-post-thumbnail","6":"product_cat-filament-tipa-spuldzes","8":"first","9":"instock","10":"taxable","11":"shipping-taxable","12":"purchasable","13":"product-type-simple"},"jetpack_sharing_enabled":true,"_links":{"self":[{"href":"https:\/\/ddt.lv\/lv\/wp-json\/wp\/v2\/product\/31267"}],"collection":[{"href":"https:\/\/ddt.lv\/lv\/wp-json\/wp\/v2\/product"}],"about":[{"href":"https:\/\/ddt.lv\/lv\/wp-json\/wp\/v2\/types\/product"}],"replies":[{"embeddable":true,"href":"https:\/\/ddt.lv\/lv\/wp-json\/wp\/v2\/comments?post=31267"}],"wp:featuredmedia":[{"embeddable":true,"href":"https:\/\/ddt.lv\/lv\/wp-json\/wp\/v2\/media\/31292"}],"wp:attachment":[{"href":"https:\/\/ddt.lv\/lv\/wp-json\/wp\/v2\/media?parent=31267"}],"wp:term":[{"taxonomy":"product_cat","embeddable":true,"href":"https:\/\/ddt.lv\/lv\/wp-json\/wp\/v2\/product_cat?post=31267"},{"taxonomy":"product_tag","embeddable":true,"href":"https:\/\/ddt.lv\/lv\/wp-json\/wp\/v2\/product_tag?post=31267"},{"taxonomy":"yst_prominent_words","embeddable":true,"href":"https:\/\/ddt.lv\/lv\/wp-json\/wp\/v2\/yst_prominent_words?post=31267"}],"curies":[{"name":"wp","href":"https:\/\/api.w.org\/{rel}","templated":true}]}}