{"id":31265,"date":"2021-12-14T15:40:27","date_gmt":"2021-12-14T13:40:27","guid":{"rendered":"https:\/\/ddt.lv\/lv\/product\/virtene-ziemassvetku-480led-9-6w-bumbinas-baltas-2700k-ip44-48m-emos\/"},"modified":"2026-04-13T10:06:18","modified_gmt":"2026-04-13T07:06:18","slug":"virtene-ziemassvetku-480led-9-6w-bumbinas-baltas-2700k-ip44-48m-emos","status":"publish","type":"product","link":"https:\/\/ddt.lv\/lv\/product\/virtene-ziemassvetku-480led-9-6w-bumbinas-baltas-2700k-ip44-48m-emos\/","title":{"rendered":"Virtene Ziemassv\u0113tku 480LED 9.6W bumbi\u0146as baltas 2700K IP44 48m EMOS"},"content":{"rendered":"<p>silti balta gaisma.<br \/>\nizm\u0113rs 48 m.<br \/>\nbumbi\u0146as forma.<br \/>\nizmanto\u0161anai \u0101rpus telp\u0101m un iek\u0161telp\u0101s.<br \/>\ntaimeris j\u0101.<br \/>\nstr\u0101vas tipa t\u012bkla adapteris.<br \/>\nLED skaits 480.<br \/>\nLED atstarpe 10 cm.<br \/>\nLED izm\u0113rs 10 mm.<br \/>\npievades garums 5 m.<br \/>\nkokam, kura augstums ir 300 cm.<br \/>\nstieples kr\u0101sa za\u013ca.<br \/>\nelektroener\u0123ijas pat\u0113ri\u0146\u0161 9 W.<br \/>\nieejas spriegums 230 V mai\u0146str\u0101va.<br \/>\nIP44 aizsardz\u012bba.<br \/>\nkalpo\u0161anas laiks 10 000 stundas.<\/p>\n<p><\/p>","protected":false},"excerpt":{"rendered":"<p>silti balta gaisma. izm\u0113rs 48 m. bumbi\u0146as forma. izmanto\u0161anai \u0101rpus telp\u0101m un iek\u0161telp\u0101s. taimeris j\u0101. str\u0101vas tipa t\u012bkla adapteris. LED skaits 480. LED atstarpe 10 cm. LED izm\u0113rs 10 mm. pievades garums 5 m. kokam, kura augstums ir 300 cm. stieples kr\u0101sa za\u013ca. elektroener\u0123ijas pat\u0113ri\u0146\u0161 9 W. ieejas spriegums 230 V mai\u0146str\u0101va. IP44 aizsardz\u012bba. kalpo\u0161anas [&hellip;]<\/p>\n","protected":false},"featured_media":31302,"comment_status":"closed","ping_status":"closed","template":"","meta":{"inline_featured_image":false},"product_cat":[912],"product_tag":[],"yst_prominent_words":[],"class_list":{"0":"post-31265","1":"product","2":"type-product","3":"status-publish","4":"has-post-thumbnail","6":"product_cat-ara-virtenes","8":"first","9":"outofstock","10":"taxable","11":"shipping-taxable","12":"purchasable","13":"product-type-simple"},"jetpack_sharing_enabled":true,"_links":{"self":[{"href":"https:\/\/ddt.lv\/lv\/wp-json\/wp\/v2\/product\/31265"}],"collection":[{"href":"https:\/\/ddt.lv\/lv\/wp-json\/wp\/v2\/product"}],"about":[{"href":"https:\/\/ddt.lv\/lv\/wp-json\/wp\/v2\/types\/product"}],"replies":[{"embeddable":true,"href":"https:\/\/ddt.lv\/lv\/wp-json\/wp\/v2\/comments?post=31265"}],"wp:featuredmedia":[{"embeddable":true,"href":"https:\/\/ddt.lv\/lv\/wp-json\/wp\/v2\/media\/31302"}],"wp:attachment":[{"href":"https:\/\/ddt.lv\/lv\/wp-json\/wp\/v2\/media?parent=31265"}],"wp:term":[{"taxonomy":"product_cat","embeddable":true,"href":"https:\/\/ddt.lv\/lv\/wp-json\/wp\/v2\/product_cat?post=31265"},{"taxonomy":"product_tag","embeddable":true,"href":"https:\/\/ddt.lv\/lv\/wp-json\/wp\/v2\/product_tag?post=31265"},{"taxonomy":"yst_prominent_words","embeddable":true,"href":"https:\/\/ddt.lv\/lv\/wp-json\/wp\/v2\/yst_prominent_words?post=31265"}],"curies":[{"name":"wp","href":"https:\/\/api.w.org\/{rel}","templated":true}]}}