{"id":31263,"date":"2021-12-14T15:40:26","date_gmt":"2021-12-14T13:40:26","guid":{"rendered":"https:\/\/ddt.lv\/lv\/product\/virtene-ziemassvetku-480led-9-6w-bumbas-baltas-5300k-ip44-48m-emos\/"},"modified":"2026-04-01T00:26:17","modified_gmt":"2026-03-31T21:26:17","slug":"virtene-ziemassvetku-480led-9-6w-bumbas-baltas-5300k-ip44-48m-emos","status":"publish","type":"product","link":"https:\/\/ddt.lv\/lv\/product\/virtene-ziemassvetku-480led-9-6w-bumbas-baltas-5300k-ip44-48m-emos\/","title":{"rendered":"Virtene Ziemassv\u0113tku 480LED 9.6W bumbas baltas 5300K IP44 48m EMOS"},"content":{"rendered":"<p>auksti balta.<br \/>\nizm\u0113rs 48 m.<br \/>\nbumbi\u0146as forma.<br \/>\nizmanto\u0161anai \u0101rpus telp\u0101m un iek\u0161telp\u0101s.<br \/>\ntaimeris .<br \/>\nstr\u0101vas tipa t\u012bkla adapteris.<br \/>\nLED skaits 480.<br \/>\nLED atstarpe 10 cm.<br \/>\nLED izm\u0113rs 10 mm.<br \/>\npievada garums 5 m.<br \/>\nkokam, kura augstums ir 300 cm.<br \/>\nstieples kr\u0101sa za\u013ca.<br \/>\nelektroener\u0123ijas pat\u0113ri\u0146\u0161 9 W.<br \/>\nieejas spriegums 230 V mai\u0146str\u0101va.<br \/>\nIP44 aizsardz\u012bba.<br \/>\nkalpo\u0161anas laiks 10 000 stundas.<\/p>\n<p><\/p>","protected":false},"excerpt":{"rendered":"<p>auksti balta. izm\u0113rs 48 m. bumbi\u0146as forma. izmanto\u0161anai \u0101rpus telp\u0101m un iek\u0161telp\u0101s. taimeris . str\u0101vas tipa t\u012bkla adapteris. LED skaits 480. LED atstarpe 10 cm. LED izm\u0113rs 10 mm. pievada garums 5 m. kokam, kura augstums ir 300 cm. stieples kr\u0101sa za\u013ca. elektroener\u0123ijas pat\u0113ri\u0146\u0161 9 W. ieejas spriegums 230 V mai\u0146str\u0101va. IP44 aizsardz\u012bba. kalpo\u0161anas laiks [&hellip;]<\/p>\n","protected":false},"featured_media":31312,"comment_status":"closed","ping_status":"closed","template":"","meta":{"inline_featured_image":false},"product_cat":[772,912],"product_tag":[],"yst_prominent_words":[],"class_list":{"0":"post-31263","1":"product","2":"type-product","3":"status-publish","4":"has-post-thumbnail","6":"product_cat-atlaides","7":"product_cat-ara-virtenes","9":"first","10":"instock","11":"sale","12":"taxable","13":"shipping-taxable","14":"purchasable","15":"product-type-simple"},"jetpack_sharing_enabled":true,"_links":{"self":[{"href":"https:\/\/ddt.lv\/lv\/wp-json\/wp\/v2\/product\/31263"}],"collection":[{"href":"https:\/\/ddt.lv\/lv\/wp-json\/wp\/v2\/product"}],"about":[{"href":"https:\/\/ddt.lv\/lv\/wp-json\/wp\/v2\/types\/product"}],"replies":[{"embeddable":true,"href":"https:\/\/ddt.lv\/lv\/wp-json\/wp\/v2\/comments?post=31263"}],"wp:featuredmedia":[{"embeddable":true,"href":"https:\/\/ddt.lv\/lv\/wp-json\/wp\/v2\/media\/31312"}],"wp:attachment":[{"href":"https:\/\/ddt.lv\/lv\/wp-json\/wp\/v2\/media?parent=31263"}],"wp:term":[{"taxonomy":"product_cat","embeddable":true,"href":"https:\/\/ddt.lv\/lv\/wp-json\/wp\/v2\/product_cat?post=31263"},{"taxonomy":"product_tag","embeddable":true,"href":"https:\/\/ddt.lv\/lv\/wp-json\/wp\/v2\/product_tag?post=31263"},{"taxonomy":"yst_prominent_words","embeddable":true,"href":"https:\/\/ddt.lv\/lv\/wp-json\/wp\/v2\/yst_prominent_words?post=31263"}],"curies":[{"name":"wp","href":"https:\/\/api.w.org\/{rel}","templated":true}]}}