{"id":31262,"date":"2021-12-14T15:40:26","date_gmt":"2021-12-14T13:40:26","guid":{"rendered":"https:\/\/ddt.lv\/lv\/product\/virtene-ziemassvetku-200led-6w-bumbinas-baltas-5300k-ip44-20m-emos\/"},"modified":"2026-04-13T10:06:17","modified_gmt":"2026-04-13T07:06:17","slug":"virtene-ziemassvetku-200led-6w-bumbinas-baltas-5300k-ip44-20m-emos","status":"publish","type":"product","link":"https:\/\/ddt.lv\/lv\/product\/virtene-ziemassvetku-200led-6w-bumbinas-baltas-5300k-ip44-20m-emos\/","title":{"rendered":"Virtene Ziemassv\u0113tku 200LED 6W bumbi\u0146as baltas 5300K IP44 20m EMOS"},"content":{"rendered":"<p>auksti balta.<br \/>\nizm\u0113rs 20 m.<br \/>\nbumbi\u0146as forma.<br \/>\nizmanto\u0161anai \u0101rpus telp\u0101m un iek\u0161telp\u0101s.<br \/>\ntaimeris .<br \/>\nstr\u0101vas tipa t\u012bkla adapteris.<br \/>\nLED skaits 200.<br \/>\nLED atstarpe 10 cm.<br \/>\nLED izm\u0113rs 10 mm.<br \/>\npievades garums 5 m.<br \/>\nkoka augstumam 210 cm.<br \/>\nstieples kr\u0101sa za\u013ca.<br \/>\nener\u0123ijas pat\u0113ri\u0146\u0161 6 W.<br \/>\nieejas spriegums 230 V mai\u0146str\u0101va.<br \/>\nIP44 aizsardz\u012bba.<br \/>\nkalpo\u0161anas laiks 10 000 stundas.<\/p>","protected":false},"excerpt":{"rendered":"<p>auksti balta. izm\u0113rs 20 m. bumbi\u0146as forma. izmanto\u0161anai \u0101rpus telp\u0101m un iek\u0161telp\u0101s. taimeris . str\u0101vas tipa t\u012bkla adapteris. LED skaits 200. LED atstarpe 10 cm. LED izm\u0113rs 10 mm. pievades garums 5 m. koka augstumam 210 cm. stieples kr\u0101sa za\u013ca. ener\u0123ijas pat\u0113ri\u0146\u0161 6 W. ieejas spriegums 230 V mai\u0146str\u0101va. IP44 aizsardz\u012bba. kalpo\u0161anas laiks 10 000 [&hellip;]<\/p>\n","protected":false},"featured_media":31307,"comment_status":"closed","ping_status":"closed","template":"","meta":{"inline_featured_image":false},"product_cat":[772,912],"product_tag":[],"yst_prominent_words":[],"class_list":{"0":"post-31262","1":"product","2":"type-product","3":"status-publish","4":"has-post-thumbnail","6":"product_cat-atlaides","7":"product_cat-ara-virtenes","9":"first","10":"instock","11":"sale","12":"taxable","13":"shipping-taxable","14":"purchasable","15":"product-type-simple"},"jetpack_sharing_enabled":true,"_links":{"self":[{"href":"https:\/\/ddt.lv\/lv\/wp-json\/wp\/v2\/product\/31262"}],"collection":[{"href":"https:\/\/ddt.lv\/lv\/wp-json\/wp\/v2\/product"}],"about":[{"href":"https:\/\/ddt.lv\/lv\/wp-json\/wp\/v2\/types\/product"}],"replies":[{"embeddable":true,"href":"https:\/\/ddt.lv\/lv\/wp-json\/wp\/v2\/comments?post=31262"}],"wp:featuredmedia":[{"embeddable":true,"href":"https:\/\/ddt.lv\/lv\/wp-json\/wp\/v2\/media\/31307"}],"wp:attachment":[{"href":"https:\/\/ddt.lv\/lv\/wp-json\/wp\/v2\/media?parent=31262"}],"wp:term":[{"taxonomy":"product_cat","embeddable":true,"href":"https:\/\/ddt.lv\/lv\/wp-json\/wp\/v2\/product_cat?post=31262"},{"taxonomy":"product_tag","embeddable":true,"href":"https:\/\/ddt.lv\/lv\/wp-json\/wp\/v2\/product_tag?post=31262"},{"taxonomy":"yst_prominent_words","embeddable":true,"href":"https:\/\/ddt.lv\/lv\/wp-json\/wp\/v2\/yst_prominent_words?post=31262"}],"curies":[{"name":"wp","href":"https:\/\/api.w.org\/{rel}","templated":true}]}}