{"id":31261,"date":"2021-12-14T15:40:25","date_gmt":"2021-12-14T13:40:25","guid":{"rendered":"https:\/\/ddt.lv\/lv\/product\/led-candle-e14-4w-230v-330lm-4100k-spuldze-emos\/"},"modified":"2026-04-01T00:26:17","modified_gmt":"2026-03-31T21:26:17","slug":"led-candle-e14-4w-230v-330lm-4100k-spuldze-emos","status":"publish","type":"product","link":"https:\/\/ddt.lv\/lv\/product\/led-candle-e14-4w-230v-330lm-4100k-spuldze-emos\/","title":{"rendered":"LED Candle E14 4W 230V 330lm 4100K spuldze EMOS"},"content":{"rendered":"<p>E14.<br \/>\ngaismas kr\u0101sa neitr\u0101la balta.<br \/>\n30 W spuldzes nomai\u0146a.<br \/>\nelektroener\u0123ijas pat\u0113ri\u0146\u0161 4 W.<br \/>\ngaismas pl\u016bsma \/ spilgtums 330 lm.<br \/>\nSveces forma.<br \/>\nhromatiskuma temperat\u016bra 4 100 K.<br \/>\nspriegums 230 V ~ \/ 50 Hz.<br \/>\nstara le\u0146\u0137is 250\u00b0.<br \/>\nkr\u0101su render\u0113\u0161anas indekss (CRI) 80.<br \/>\nener\u0123ijas klase (no 1.9.2021.) F.<br \/>\nkalpo\u0161anas laiks 30 000 stundas.<\/p>","protected":false},"excerpt":{"rendered":"<p>E14. gaismas kr\u0101sa neitr\u0101la balta. 30 W spuldzes nomai\u0146a. elektroener\u0123ijas pat\u0113ri\u0146\u0161 4 W. gaismas pl\u016bsma \/ spilgtums 330 lm. Sveces forma. hromatiskuma temperat\u016bra 4 100 K. spriegums 230 V ~ \/ 50 Hz. stara le\u0146\u0137is 250\u00b0. kr\u0101su render\u0113\u0161anas indekss (CRI) 80. ener\u0123ijas klase (no 1.9.2021.) F. kalpo\u0161anas laiks 30 000 stundas.<\/p>\n","protected":false},"featured_media":31317,"comment_status":"closed","ping_status":"closed","template":"","meta":{"inline_featured_image":false},"product_cat":[851],"product_tag":[],"yst_prominent_words":[],"class_list":{"0":"post-31261","1":"product","2":"type-product","3":"status-publish","4":"has-post-thumbnail","6":"product_cat-e14-spuldzes","8":"first","9":"instock","10":"taxable","11":"shipping-taxable","12":"purchasable","13":"product-type-simple"},"jetpack_sharing_enabled":true,"_links":{"self":[{"href":"https:\/\/ddt.lv\/lv\/wp-json\/wp\/v2\/product\/31261"}],"collection":[{"href":"https:\/\/ddt.lv\/lv\/wp-json\/wp\/v2\/product"}],"about":[{"href":"https:\/\/ddt.lv\/lv\/wp-json\/wp\/v2\/types\/product"}],"replies":[{"embeddable":true,"href":"https:\/\/ddt.lv\/lv\/wp-json\/wp\/v2\/comments?post=31261"}],"wp:featuredmedia":[{"embeddable":true,"href":"https:\/\/ddt.lv\/lv\/wp-json\/wp\/v2\/media\/31317"}],"wp:attachment":[{"href":"https:\/\/ddt.lv\/lv\/wp-json\/wp\/v2\/media?parent=31261"}],"wp:term":[{"taxonomy":"product_cat","embeddable":true,"href":"https:\/\/ddt.lv\/lv\/wp-json\/wp\/v2\/product_cat?post=31261"},{"taxonomy":"product_tag","embeddable":true,"href":"https:\/\/ddt.lv\/lv\/wp-json\/wp\/v2\/product_tag?post=31261"},{"taxonomy":"yst_prominent_words","embeddable":true,"href":"https:\/\/ddt.lv\/lv\/wp-json\/wp\/v2\/yst_prominent_words?post=31261"}],"curies":[{"name":"wp","href":"https:\/\/api.w.org\/{rel}","templated":true}]}}