{"id":31258,"date":"2021-12-14T15:40:24","date_gmt":"2021-12-14T13:40:24","guid":{"rendered":"https:\/\/ddt.lv\/lv\/product\/led-ball-e27-4w-240v-330lm-2700k-spuldze-emos\/"},"modified":"2026-04-01T00:26:16","modified_gmt":"2026-03-31T21:26:16","slug":"led-ball-e27-4w-240v-330lm-2700k-spuldze-emos","status":"publish","type":"product","link":"https:\/\/ddt.lv\/lv\/product\/led-ball-e27-4w-240v-330lm-2700k-spuldze-emos\/","title":{"rendered":"LED BALL E27 4W 240V 330lm 2700K spuldze EMOS"},"content":{"rendered":"<p>E27.<br \/>\ngaismas kr\u0101sa silti balta.<br \/>\n30 W spuldzes nomai\u0146a.<br \/>\nelektroener\u0123ijas pat\u0113ri\u0146\u0161 4 W.<br \/>\ngaismas pl\u016bsma \/ spilgtums 330 lm.<br \/>\nMini Globusa forma.<br \/>\nhromatiskuma temperat\u016bra 2 700 K.<br \/>\nspriegums 230 V ~ \/ 50 Hz.<br \/>\nstara le\u0146\u0137is 270\u00b0.<br \/>\nkr\u0101su render\u0113\u0161anas indekss (CRI) 80.<br \/>\nener\u0123ijas klase (no 1.9.2021.) F.<br \/>\nkalpo\u0161anas laiks 30 000 stundas.<\/p>","protected":false},"excerpt":{"rendered":"<p>E27. gaismas kr\u0101sa silti balta. 30 W spuldzes nomai\u0146a. elektroener\u0123ijas pat\u0113ri\u0146\u0161 4 W. gaismas pl\u016bsma \/ spilgtums 330 lm. Mini Globusa forma. hromatiskuma temperat\u016bra 2 700 K. spriegums 230 V ~ \/ 50 Hz. stara le\u0146\u0137is 270\u00b0. kr\u0101su render\u0113\u0161anas indekss (CRI) 80. ener\u0123ijas klase (no 1.9.2021.) F. kalpo\u0161anas laiks 30 000 stundas.<\/p>\n","protected":false},"featured_media":31325,"comment_status":"closed","ping_status":"closed","template":"","meta":{"inline_featured_image":false},"product_cat":[850],"product_tag":[],"yst_prominent_words":[],"class_list":{"0":"post-31258","1":"product","2":"type-product","3":"status-publish","4":"has-post-thumbnail","6":"product_cat-e27-spuldzes","8":"first","9":"outofstock","10":"taxable","11":"shipping-taxable","12":"purchasable","13":"product-type-simple"},"jetpack_sharing_enabled":true,"_links":{"self":[{"href":"https:\/\/ddt.lv\/lv\/wp-json\/wp\/v2\/product\/31258"}],"collection":[{"href":"https:\/\/ddt.lv\/lv\/wp-json\/wp\/v2\/product"}],"about":[{"href":"https:\/\/ddt.lv\/lv\/wp-json\/wp\/v2\/types\/product"}],"replies":[{"embeddable":true,"href":"https:\/\/ddt.lv\/lv\/wp-json\/wp\/v2\/comments?post=31258"}],"wp:featuredmedia":[{"embeddable":true,"href":"https:\/\/ddt.lv\/lv\/wp-json\/wp\/v2\/media\/31325"}],"wp:attachment":[{"href":"https:\/\/ddt.lv\/lv\/wp-json\/wp\/v2\/media?parent=31258"}],"wp:term":[{"taxonomy":"product_cat","embeddable":true,"href":"https:\/\/ddt.lv\/lv\/wp-json\/wp\/v2\/product_cat?post=31258"},{"taxonomy":"product_tag","embeddable":true,"href":"https:\/\/ddt.lv\/lv\/wp-json\/wp\/v2\/product_tag?post=31258"},{"taxonomy":"yst_prominent_words","embeddable":true,"href":"https:\/\/ddt.lv\/lv\/wp-json\/wp\/v2\/yst_prominent_words?post=31258"}],"curies":[{"name":"wp","href":"https:\/\/api.w.org\/{rel}","templated":true}]}}