{"id":31256,"date":"2021-12-14T15:40:23","date_gmt":"2021-12-14T13:40:23","guid":{"rendered":"https:\/\/ddt.lv\/lv\/product\/bezvadu-sensors-meteorologiskam-stacijam-e6018-e6016-emos\/"},"modified":"2026-04-01T00:26:16","modified_gmt":"2026-03-31T21:26:16","slug":"bezvadu-sensors-meteorologiskam-stacijam-e6018-e6016-emos","status":"publish","type":"product","link":"https:\/\/ddt.lv\/lv\/product\/bezvadu-sensors-meteorologiskam-stacijam-e6018-e6016-emos\/","title":{"rendered":"Bezvadu sensors meteorolo\u0123isk\u0101m stacij\u0101m E6018, E6016 EMOS"},"content":{"rendered":"<p>baro\u0161anas avots 2 \u00d7 1,5 V AAA (nav iek\u013cauts).<br \/>\ndiapazons br\u012bv\u0101 telp\u0101 l\u012bdz 100 m.<br \/>\nparedz\u0113ts galvenajai ier\u012bcei E6018, E6016.<br \/>\nfrekvence 433 MHz.<br \/>\n\u0101ra mitruma indikators no 1% l\u012bdz 99% RH, iz\u0161\u0137irtsp\u0113ja 1%.<br \/>\ndarba temperat\u016bra -50 \u00b0 C l\u012bdz +70 \u00b0 C, iz\u0161\u0137irtsp\u0113ja 0,1 \u00b0 C.<br \/>\nizm\u0113rs 15 \u00d7 62 \u00d7 100 mm.<\/p>\n<p><\/p>","protected":false},"excerpt":{"rendered":"<p>baro\u0161anas avots 2 \u00d7 1,5 V AAA (nav iek\u013cauts). diapazons br\u012bv\u0101 telp\u0101 l\u012bdz 100 m. paredz\u0113ts galvenajai ier\u012bcei E6018, E6016. frekvence 433 MHz. \u0101ra mitruma indikators no 1% l\u012bdz 99% RH, iz\u0161\u0137irtsp\u0113ja 1%. darba temperat\u016bra -50 \u00b0 C l\u012bdz +70 \u00b0 C, iz\u0161\u0137irtsp\u0113ja 0,1 \u00b0 C. izm\u0113rs 15 \u00d7 62 \u00d7 100 mm.<\/p>\n","protected":false},"featured_media":31332,"comment_status":"closed","ping_status":"closed","template":"","meta":{"inline_featured_image":false},"product_cat":[541],"product_tag":[],"yst_prominent_words":[],"class_list":{"0":"post-31256","1":"product","2":"type-product","3":"status-publish","4":"has-post-thumbnail","6":"product_cat-termometri-meteostacijas","8":"first","9":"instock","10":"taxable","11":"shipping-taxable","12":"purchasable","13":"product-type-simple"},"jetpack_sharing_enabled":true,"_links":{"self":[{"href":"https:\/\/ddt.lv\/lv\/wp-json\/wp\/v2\/product\/31256"}],"collection":[{"href":"https:\/\/ddt.lv\/lv\/wp-json\/wp\/v2\/product"}],"about":[{"href":"https:\/\/ddt.lv\/lv\/wp-json\/wp\/v2\/types\/product"}],"replies":[{"embeddable":true,"href":"https:\/\/ddt.lv\/lv\/wp-json\/wp\/v2\/comments?post=31256"}],"wp:featuredmedia":[{"embeddable":true,"href":"https:\/\/ddt.lv\/lv\/wp-json\/wp\/v2\/media\/31332"}],"wp:attachment":[{"href":"https:\/\/ddt.lv\/lv\/wp-json\/wp\/v2\/media?parent=31256"}],"wp:term":[{"taxonomy":"product_cat","embeddable":true,"href":"https:\/\/ddt.lv\/lv\/wp-json\/wp\/v2\/product_cat?post=31256"},{"taxonomy":"product_tag","embeddable":true,"href":"https:\/\/ddt.lv\/lv\/wp-json\/wp\/v2\/product_tag?post=31256"},{"taxonomy":"yst_prominent_words","embeddable":true,"href":"https:\/\/ddt.lv\/lv\/wp-json\/wp\/v2\/yst_prominent_words?post=31256"}],"curies":[{"name":"wp","href":"https:\/\/api.w.org\/{rel}","templated":true}]}}