{"id":31226,"date":"2021-12-13T08:23:08","date_gmt":"2021-12-13T06:23:08","guid":{"rendered":"https:\/\/ddt.lv\/lv\/product\/virtene-ziemassvetku-240led-3-6w-melna-cw-ww-ip44-24m-bluetooth-app-emos\/"},"modified":"2026-04-22T08:50:29","modified_gmt":"2026-04-22T05:50:29","slug":"virtene-ziemassvetku-240led-3-6w-melna-cw-ww-ip44-24m-bluetooth-app-emos","status":"publish","type":"product","link":"https:\/\/ddt.lv\/lv\/product\/virtene-ziemassvetku-240led-3-6w-melna-cw-ww-ip44-24m-bluetooth-app-emos\/","title":{"rendered":"Virtene Ziemassv\u0113tku 240LED 3.6W melna CW\/WW IP44 24m Bluetooth APP EMOS"},"content":{"rendered":"<p>Lietojumprogrammas vad\u0101ma LED Ziemassv\u0113tku \u0137\u0113de EMOS ZY2190 APP 150 24 metru garum\u0101. Viedier\u012bce \u0137\u0113des veid\u0101, kuru vada viedt\u0101lru\u0146a aplik\u0101cija. \u0160aj\u0101 ier\u012bc\u0113 vienlaikus varat vad\u012bt l\u012bdz pat 7 \u0137\u0113d\u0113m un nosaukt katru atsevi\u0161\u0137i. Ier\u012bc\u0113 varat izv\u0113l\u0113ties k\u0101du no 8 da\u017e\u0101diem apgaismojuma re\u017e\u012bmiem vai iestat\u012bt aptum\u0161o\u0161anas l\u012bmeni. Regul\u0113jama apgaismojuma intensit\u0101te uz 25%, 50%, 75% vai 100%. Lietojumprogramm\u0101 j\u016bs pat varat iestat\u012bt gaismas kr\u0101su no aukstas l\u012bdz silti baltai, bet ar\u012b abu kombin\u0101ciju. Priek\u0161roc\u012bba ir autom\u0101tisk\u0101 taimera funkcija ar autom\u0101tisku izsl\u0113g\u0161anu. Lietojumprogramma pied\u0101v\u0101 16 valodu versijas. Gaismas \u0137\u0113d\u0113 ir 240 gaismas diodes un vienas gaismas diodes izm\u0113rs ir 5 mm. \u0136\u0113des ener\u0123ijas pat\u0113ri\u0146\u0161 ir 3,6 W un kalpo\u0161anas laiks l\u012bdz 10 000 stund\u0101m. Aizsardz\u012bbas klase IP44.<\/p>\n<p><\/p>","protected":false},"excerpt":{"rendered":"<p>Lietojumprogrammas vad\u0101ma LED Ziemassv\u0113tku \u0137\u0113de EMOS ZY2190 APP 150 24 metru garum\u0101. Viedier\u012bce \u0137\u0113des veid\u0101, kuru vada viedt\u0101lru\u0146a aplik\u0101cija. \u0160aj\u0101 ier\u012bc\u0113 vienlaikus varat vad\u012bt l\u012bdz pat 7 \u0137\u0113d\u0113m un nosaukt katru atsevi\u0161\u0137i. Ier\u012bc\u0113 varat izv\u0113l\u0113ties k\u0101du no 8 da\u017e\u0101diem apgaismojuma re\u017e\u012bmiem vai iestat\u012bt aptum\u0161o\u0161anas l\u012bmeni. Regul\u0113jama apgaismojuma intensit\u0101te uz 25%, 50%, 75% vai 100%. Lietojumprogramm\u0101 [&hellip;]<\/p>\n","protected":false},"featured_media":31238,"comment_status":"closed","ping_status":"closed","template":"","meta":{"inline_featured_image":false},"product_cat":[772,912],"product_tag":[],"yst_prominent_words":[],"class_list":{"0":"post-31226","1":"product","2":"type-product","3":"status-publish","4":"has-post-thumbnail","6":"product_cat-atlaides","7":"product_cat-ara-virtenes","9":"first","10":"instock","11":"sale","12":"taxable","13":"shipping-taxable","14":"purchasable","15":"product-type-simple"},"jetpack_sharing_enabled":true,"_links":{"self":[{"href":"https:\/\/ddt.lv\/lv\/wp-json\/wp\/v2\/product\/31226"}],"collection":[{"href":"https:\/\/ddt.lv\/lv\/wp-json\/wp\/v2\/product"}],"about":[{"href":"https:\/\/ddt.lv\/lv\/wp-json\/wp\/v2\/types\/product"}],"replies":[{"embeddable":true,"href":"https:\/\/ddt.lv\/lv\/wp-json\/wp\/v2\/comments?post=31226"}],"wp:featuredmedia":[{"embeddable":true,"href":"https:\/\/ddt.lv\/lv\/wp-json\/wp\/v2\/media\/31238"}],"wp:attachment":[{"href":"https:\/\/ddt.lv\/lv\/wp-json\/wp\/v2\/media?parent=31226"}],"wp:term":[{"taxonomy":"product_cat","embeddable":true,"href":"https:\/\/ddt.lv\/lv\/wp-json\/wp\/v2\/product_cat?post=31226"},{"taxonomy":"product_tag","embeddable":true,"href":"https:\/\/ddt.lv\/lv\/wp-json\/wp\/v2\/product_tag?post=31226"},{"taxonomy":"yst_prominent_words","embeddable":true,"href":"https:\/\/ddt.lv\/lv\/wp-json\/wp\/v2\/yst_prominent_words?post=31226"}],"curies":[{"name":"wp","href":"https:\/\/api.w.org\/{rel}","templated":true}]}}