{"id":31224,"date":"2021-12-13T08:21:38","date_gmt":"2021-12-13T06:21:38","guid":{"rendered":"https:\/\/ddt.lv\/lv\/product\/led-gu10-5-5w-230v-465lm-120-4000k-spuldze-emos\/"},"modified":"2026-04-13T10:00:41","modified_gmt":"2026-04-13T07:00:41","slug":"led-gu10-5-5w-230v-465lm-120-4000k-spuldze-emos","status":"publish","type":"product","link":"https:\/\/ddt.lv\/lv\/product\/led-gu10-5-5w-230v-465lm-120-4000k-spuldze-emos\/","title":{"rendered":"LED GU10 5.5W 230V 465lm 120\u00b0 4000K spuldze EMOS"},"content":{"rendered":"<p>neitr\u0101li balta.<br \/>\n40 W spuldzes nomai\u0146a.<br \/>\nstr\u0101vas pat\u0113ri\u0146\u0161 5,7 W.<br \/>\ngaismas pl\u016bsma \/ spilgtums 465 lm.<br \/>\nforma MR16.<br \/>\nhromatisk\u0101 temperat\u016bra 4 000 K.<br \/>\nspriegums 230 V ~ \/ 50 Hz.<br \/>\nstara le\u0146\u0137is 120\u00b0.<br \/>\nkr\u0101su render\u0113\u0161anas indekss (CRI) 80.<br \/>\nener\u0123ijas klase (no 1.9.2021.) G.<br \/>\nkalpo\u0161anas laiks 30 000 stundas.<\/p>","protected":false},"excerpt":{"rendered":"<p>neitr\u0101li balta. 40 W spuldzes nomai\u0146a. str\u0101vas pat\u0113ri\u0146\u0161 5,7 W. gaismas pl\u016bsma \/ spilgtums 465 lm. forma MR16. hromatisk\u0101 temperat\u016bra 4 000 K. spriegums 230 V ~ \/ 50 Hz. stara le\u0146\u0137is 120\u00b0. kr\u0101su render\u0113\u0161anas indekss (CRI) 80. ener\u0123ijas klase (no 1.9.2021.) G. kalpo\u0161anas laiks 30 000 stundas.<\/p>\n","protected":false},"featured_media":31246,"comment_status":"closed","ping_status":"closed","template":"","meta":{"inline_featured_image":false},"product_cat":[772,852],"product_tag":[],"yst_prominent_words":[],"class_list":{"0":"post-31224","1":"product","2":"type-product","3":"status-publish","4":"has-post-thumbnail","6":"product_cat-atlaides","7":"product_cat-gu10-spuldzes","9":"first","10":"outofstock","11":"sale","12":"taxable","13":"shipping-taxable","14":"purchasable","15":"product-type-simple"},"jetpack_sharing_enabled":true,"_links":{"self":[{"href":"https:\/\/ddt.lv\/lv\/wp-json\/wp\/v2\/product\/31224"}],"collection":[{"href":"https:\/\/ddt.lv\/lv\/wp-json\/wp\/v2\/product"}],"about":[{"href":"https:\/\/ddt.lv\/lv\/wp-json\/wp\/v2\/types\/product"}],"replies":[{"embeddable":true,"href":"https:\/\/ddt.lv\/lv\/wp-json\/wp\/v2\/comments?post=31224"}],"wp:featuredmedia":[{"embeddable":true,"href":"https:\/\/ddt.lv\/lv\/wp-json\/wp\/v2\/media\/31246"}],"wp:attachment":[{"href":"https:\/\/ddt.lv\/lv\/wp-json\/wp\/v2\/media?parent=31224"}],"wp:term":[{"taxonomy":"product_cat","embeddable":true,"href":"https:\/\/ddt.lv\/lv\/wp-json\/wp\/v2\/product_cat?post=31224"},{"taxonomy":"product_tag","embeddable":true,"href":"https:\/\/ddt.lv\/lv\/wp-json\/wp\/v2\/product_tag?post=31224"},{"taxonomy":"yst_prominent_words","embeddable":true,"href":"https:\/\/ddt.lv\/lv\/wp-json\/wp\/v2\/yst_prominent_words?post=31224"}],"curies":[{"name":"wp","href":"https:\/\/api.w.org\/{rel}","templated":true}]}}